{"id":35471,"date":"2026-04-21T13:57:17","date_gmt":"2026-04-21T11:57:17","guid":{"rendered":"https:\/\/www.benk.ch\/boutique\/uncategorized\/6h-french-ecr\/"},"modified":"2026-04-21T13:57:17","modified_gmt":"2026-04-21T11:57:17","slug":"6h-french-ecr","status":"publish","type":"product","link":"https:\/\/www.benk.ch\/en\/boutique\/harmos-system\/6h-harmos-school-year\/6h-french-ecr\/","title":{"rendered":"6H (French + ECR)"},"content":{"rendered":"<ul>\n<li><strong>120 courses to perfect your French:<\/strong> Whether you want to improve your grammar, spelling, conjugation, vocabulary or reading skills, our courses are tailored to help you excel in French.<\/li>\n<li><strong>8 major revision courses to prepare you for the ECR in French:<\/strong> Get thoroughly prepared for the ECR in French with our courses specially designed to maximize your chances of success.<\/li>\n<li><strong>2 levels of difficulty:<\/strong> Level 1 to learn the basics, Level 2 to go further.<\/li>\n<li><strong>End-of-course tests:<\/strong> At the end of each learning area, take a test to check your skills and get a diploma!<\/li>\n<li><strong>Pedagogical documents:<\/strong> Downloadable PDF documents, so you can have them available during your training.<\/li>\n<\/ul>\n<p>Join us now to start your enriching learning journey and prepare optimally for the cantonal French exams. With our 6H courses, you have the opportunity to develop your skills in a targeted and effective way! <\/p>\n","protected":false},"excerpt":{"rendered":"<div class=\"product-short-description\">\n<section class=\"av_textblock_section \">\n<div class=\"avia_textblock \">Explore our 6H courses, in line with the PER (plan d&#8217;\u00e9tudes romand), designed to help you develop your French skills and prepare effectively for the ECR (\u00e9preuves cantonales de r\u00e9f\u00e9rence). Our courses are specially designed to give you the skills you need to succeed: <\/div>\n<ul>\n<li class=\"avia_textblock \"><strong>120 courses to perfect your French<\/strong><\/li>\n<li class=\"avia_textblock \"><strong>8 major revision courses to prepare you for the French ECR exams<\/strong><\/li>\n<li class=\"avia_textblock \"><strong>2 levels of difficulty<\/strong><\/li>\n<li class=\"avia_textblock \"><strong>End-of-course tests<\/strong><\/li>\n<li class=\"avia_textblock \"><strong>Educational documents<\/strong><\/li>\n<\/ul>\n<\/section>\n<\/div>\n<div><\/div>\n<div>More information at the bottom of the page.<\/div>\n","protected":false},"featured_media":32195,"template":"","meta":{"inline_featured_image":false},"product_brand":[],"product_cat":[209,203],"product_tag":[],"class_list":{"0":"post-35471","1":"product","2":"type-product","3":"status-publish","4":"has-post-thumbnail","6":"product_cat-6h-harmos-school-year","7":"product_cat-harmos-system","9":"first","10":"instock","11":"downloadable","12":"virtual","13":"sold-individually","14":"purchasable","15":"product-type-subscription"},"_links":{"self":[{"href":"https:\/\/www.benk.ch\/en\/wp-json\/wp\/v2\/product\/35471","targetHints":{"allow":["GET"]}}],"collection":[{"href":"https:\/\/www.benk.ch\/en\/wp-json\/wp\/v2\/product"}],"about":[{"href":"https:\/\/www.benk.ch\/en\/wp-json\/wp\/v2\/types\/product"}],"wp:featuredmedia":[{"embeddable":true,"href":"https:\/\/www.benk.ch\/en\/wp-json\/wp\/v2\/media\/32195"}],"wp:attachment":[{"href":"https:\/\/www.benk.ch\/en\/wp-json\/wp\/v2\/media?parent=35471"}],"wp:term":[{"taxonomy":"product_brand","embeddable":true,"href":"https:\/\/www.benk.ch\/en\/wp-json\/wp\/v2\/product_brand?post=35471"},{"taxonomy":"product_cat","embeddable":true,"href":"https:\/\/www.benk.ch\/en\/wp-json\/wp\/v2\/product_cat?post=35471"},{"taxonomy":"product_tag","embeddable":true,"href":"https:\/\/www.benk.ch\/en\/wp-json\/wp\/v2\/product_tag?post=35471"}],"curies":[{"name":"wp","href":"https:\/\/api.w.org\/{rel}","templated":true}]}}