{"id":4608,"date":"2019-07-19T11:31:28","date_gmt":"2019-07-19T09:31:28","guid":{"rendered":"http:\/\/benk.ch\/reinsertion-professionnelle-pour-adultes\/coaching-professionnel-adultes\/"},"modified":"2024-03-12T13:03:52","modified_gmt":"2024-03-12T12:03:52","slug":"coaching-for-retraining","status":"publish","type":"page","link":"https:\/\/www.benk.ch\/en\/reinsertion-professionnelle-pour-adultes\/coaching-for-retraining\/","title":{"rendered":"Career transition coaching"},"content":{"rendered":"\n\n  <div class=\"banner has-hover\" id=\"banner-1793348946\">\n          <div class=\"banner-inner fill\">\n        <div class=\"banner-bg fill\" >\n            <img loading=\"lazy\" decoding=\"async\" width=\"1020\" height=\"573\" src=\"https:\/\/www.benk.ch\/wp-content\/uploads\/2021\/12\/Copie-de-Design-sans-nom-1030x579.png\" class=\"bg attachment-large size-large\" alt=\"\" \/>                        <div class=\"overlay\"><\/div>            \n                    <\/div>\n\t\t\n        <div class=\"banner-layers container\">\n            <div class=\"fill banner-link\"><\/div>            \n\n   <div id=\"text-box-1428238339\" class=\"text-box banner-layer x50 md-x50 lg-x50 y50 md-y50 lg-y50 res-text\">\n                                <div class=\"text-box-content text dark\">\n              \n              <div class=\"text-inner text-center\">\n                  \n\n\t<div id=\"text-525613139\" class=\"text\">\n\t\t\n\n<h3 class=\"uppercase\">Coaching for retraining<\/h3>\n<p>Tailor-made support<\/p>\n\t\t\n<style>\n#text-525613139 {\n  line-height: 0.75;\n  text-align: left;\n}\n<\/style>\n\t<\/div>\n\t\n\n              <\/div>\n           <\/div>\n                            \n<style>\n#text-box-1428238339 {\n  width: 97%;\n}\n#text-box-1428238339 .text-box-content {\n  font-size: 100%;\n}\n<\/style>\n    <\/div>\n \n\n        <\/div>\n      <\/div>\n\n            \n<style>\n#banner-1793348946 {\n  padding-top: 150px;\n}\n#banner-1793348946 .overlay {\n  background-color: rgba(0, 0, 0, 0.221);\n}\n#banner-1793348946 .banner-bg img {\n  object-position: 10% 70%;\n}\n<\/style>\n  <\/div>\n\n\n\n\t<section class=\"section\" id=\"section_996296319\">\n\t\t<div class=\"section-bg fill\" >\n\t\t\t\t\t\t\t\t\t\n\t\t\t\n\n\t\t<\/div>\n\n\t\t\n\n\t\t<div class=\"section-content relative\">\n\t\t\t\n\n<div class=\"row align-middle\"  id=\"row-1476509458\">\n\n\n\t<div id=\"col-1053217773\" class=\"col medium-4 small-12 large-4\"  >\n\t\t\t\t<div class=\"col-inner\"  >\n\t\t\t\n\t\t\t\n\n\t<div class=\"img has-hover x md-x lg-x y md-y lg-y\" id=\"image_554020891\">\n\t\t\t\t\t\t\t\t<div class=\"img-inner image-cover dark\" style=\"padding-top:75%;\">\n\t\t\t<img loading=\"lazy\" decoding=\"async\" width=\"640\" height=\"400\" src=\"https:\/\/www.benk.ch\/wp-content\/uploads\/2019\/02\/formation_adulte_autonomes2.jpg\" class=\"attachment-large size-large\" alt=\"\" srcset=\"https:\/\/www.benk.ch\/wp-content\/uploads\/2019\/02\/formation_adulte_autonomes2.jpg 640w, https:\/\/www.benk.ch\/wp-content\/uploads\/2019\/02\/formation_adulte_autonomes2-510x319.jpg 510w, https:\/\/www.benk.ch\/wp-content\/uploads\/2019\/02\/formation_adulte_autonomes2-300x188.jpg 300w\" sizes=\"auto, (max-width: 640px) 100vw, 640px\" \/>\t\t\t\t\t\t\n\t\t\t\t\t<\/div>\n\t\t\t\t\t\t\t\t\n<style>\n#image_554020891 {\n  width: 100%;\n}\n<\/style>\n\t<\/div>\n\t\n\n\n\t\t<\/div>\n\t\t\t\t\t<\/div>\n\n\t\n\n\t<div id=\"col-1355063940\" class=\"col medium-8 small-12 large-8\"  >\n\t\t\t\t<div class=\"col-inner\"  >\n\t\t\t\n\t\t\t\n\n<h2 class=\"uppercase\" style=\"text-align: left;\" data-line-height=\"s\">Tailor-made support for a successful conversion<\/h2>\n<p>Are you a professional, an entrepreneur or a housewife, and you want to reinvent yourself?<\/p>\n<p>Are you going back to school and don\u2019t know how to do it?<\/p>\n<p>Do you want to (re)define your learning profile and your real training needs?<\/p>\n<p>Benk\u2019s coaches support you in your thoughts and actions related to your professional reintegration.<\/p>\n\n\t\t<\/div>\n\t\t\t\t\t<\/div>\n\n\t\n\n<\/div>\n<div class=\"row\"  id=\"row-755767903\">\n\n\n\t<div id=\"col-39974823\" class=\"col small-12 large-12\"  >\n\t\t\t\t<div class=\"col-inner\"  >\n\t\t\t\n\t\t\t\n\n<p>Benk offers you personalized coaching according to your objectives:<\/p>\n<ul>\n<li>A skills assessment to better understand you,<\/li>\n<li>Constant motivation and strategic tools,<\/li>\n<li>A work on concentration and attention,<\/li>\n<li>Organization and learning techniques,<\/li>\n<li>An increase in self-confidence,<\/li>\n<li>Ad hoc solutions that will satisfy you: new career choices according to your situation, new training according to your level<\/li>\n<li>Work on self-development is undertaken to maximize your success.<\/li>\n<\/ul>\n<p>The solutions are adapted to your background, your family, social and personal situation as well as your objectives.&nbsp;<\/p>\n\n\t\t<\/div>\n\t\t\t\t\t<\/div>\n\n\t\n\n<\/div>\n\n\t\t<\/div>\n\n\t\t\n<style>\n#section_996296319 {\n  padding-top: 30px;\n  padding-bottom: 30px;\n}\n<\/style>\n\t<\/section>\n\t\n<div class=\"slider-wrapper relative\" id=\"slider-492641404\" >\n    <div class=\"slider slider-nav-circle slider-nav-large slider-nav-light slider-style-normal\"\n        data-flickity-options='{\n            \"cellAlign\": \"center\",\n            \"imagesLoaded\": true,\n            \"lazyLoad\": 1,\n            \"freeScroll\": false,\n            \"wrapAround\": true,\n            \"autoPlay\": 6000,\n            \"pauseAutoPlayOnHover\" : true,\n            \"prevNextButtons\": true,\n            \"contain\" : true,\n            \"adaptiveHeight\" : true,\n            \"dragThreshold\" : 10,\n            \"percentPosition\": true,\n            \"pageDots\": true,\n            \"rightToLeft\": false,\n            \"draggable\": true,\n            \"selectedAttraction\": 0.1,\n            \"parallax\" : 0,\n            \"friction\": 0.6        }'\n        >\n        \n\n\n  <div class=\"banner has-hover\" id=\"banner-1662596018\">\n          <div class=\"banner-inner fill\">\n        <div class=\"banner-bg fill\" >\n            <img loading=\"lazy\" decoding=\"async\" width=\"1020\" height=\"573\" src=\"https:\/\/www.benk.ch\/wp-content\/uploads\/2021\/12\/Copie-de-Design-sans-nom-1030x579.png\" class=\"bg attachment-large size-large\" alt=\"\" \/>                        <div class=\"overlay\"><\/div>            \n                    <\/div>\n\t\t\n        <div class=\"banner-layers container\">\n            <div class=\"fill banner-link\"><\/div>            \n\n   <div id=\"text-box-524070353\" class=\"text-box banner-layer x50 md-x50 lg-x50 y50 md-y50 lg-y50 res-text\">\n                                <div class=\"text-box-content text dark\">\n              \n              <div class=\"text-inner text-center\">\n                  \n\n\t<div id=\"text-1681477832\" class=\"text\">\n\t\t\n\n<p style=\"text-align: center;\">Comme j\u2019avais \u00e9chou\u00e9 \u00e0 plusieurs examens d\u2019entr\u00e9e pour des \u00e9coles, j\u2019ai fait un<\/p>\n<p style=\"text-align: center;\">bilan de mes comp\u00e9tences avec Benk et travaill\u00e9 sur les techniques<\/p>\n<p style=\"text-align: center;\">d\u2019apprentissage et de m\u00e9morisation pour mieux me pr\u00e9parer aux examens que je<\/p>\n<p style=\"text-align: center;\">voulais repasser. Benk m\u2019a trouv\u00e9 toutes les solutions pour me soutenir \u00e0 chaque \u00e9tape.<\/p>\n\t\t\n<style>\n#text-1681477832 {\n  line-height: 0.75;\n  text-align: center;\n}\n<\/style>\n\t<\/div>\n\t\n\t<div id=\"text-3509900944\" class=\"text\">\n\t\t\n\n<p style=\"text-align: center;\"><strong>Nadia, 39 ans<\/strong><\/p>\n\t\t\n<style>\n#text-3509900944 {\n  line-height: 0.75;\n}\n<\/style>\n\t<\/div>\n\t\n\n              <\/div>\n           <\/div>\n                            \n<style>\n#text-box-524070353 {\n  width: 95%;\n}\n#text-box-524070353 .text-box-content {\n  font-size: 100%;\n}\n<\/style>\n    <\/div>\n \n\n        <\/div>\n      <\/div>\n\n            \n<style>\n#banner-1662596018 {\n  padding-top: 280px;\n}\n#banner-1662596018 .overlay {\n  background-color: rgba(0, 0, 0, 0.221);\n}\n#banner-1662596018 .banner-bg img {\n  object-position: 10% 70%;\n}\n<\/style>\n  <\/div>\n\n\n\n     <\/div>\n\n     <div class=\"loading-spin dark large centered\"><\/div>\n\n\t<\/div>\n\n\n\t<div id=\"gap-1434526114\" class=\"gap-element clearfix\" style=\"display:block; height:auto;\">\n\t\t\n<style>\n#gap-1434526114 {\n  padding-top: 30px;\n}\n<\/style>\n\t<\/div>\n\t\n\n<div class=\"container section-title-container\" ><h3 class=\"section-title section-title-normal\"><b aria-hidden=\"true\"><\/b><span class=\"section-title-main\" >En relation avec le sujet<\/span><b aria-hidden=\"true\"><\/b><\/h3><\/div>\n\n\n\t<section class=\"section\" id=\"section_1415561733\">\n\t\t<div class=\"section-bg fill\" >\n\t\t\t\t\t\t\t\t\t\n\t\t\t\n\n\t\t<\/div>\n\n\t\t\n\n\t\t<div class=\"section-content relative\">\n\t\t\t\n\n<div class=\"row\"  id=\"row-1297856458\">\n\n\n\t<div id=\"col-1237638440\" class=\"col medium-4 small-12 large-4\"  >\n\t\t\t\t<div class=\"col-inner\"  >\n\t\t\t\n\t\t\t\n\n\t<div class=\"img has-hover x md-x lg-x y md-y lg-y\" id=\"image_585577285\">\n\t\t\t\t\t\t\t\t<div class=\"img-inner image-cover dark\" style=\"padding-top:75%;\">\n\t\t\t<img loading=\"lazy\" decoding=\"async\" width=\"1020\" height=\"680\" src=\"https:\/\/www.benk.ch\/wp-content\/uploads\/2019\/08\/Passeport-Naturalisation-1030x687.jpg\" class=\"attachment-large size-large\" alt=\"\" srcset=\"https:\/\/www.benk.ch\/wp-content\/uploads\/2019\/08\/Passeport-Naturalisation-1030x687.jpg 1030w, https:\/\/www.benk.ch\/wp-content\/uploads\/2019\/08\/Passeport-Naturalisation-510x340.jpg 510w, https:\/\/www.benk.ch\/wp-content\/uploads\/2019\/08\/Passeport-Naturalisation-300x200.jpg 300w, https:\/\/www.benk.ch\/wp-content\/uploads\/2019\/08\/Passeport-Naturalisation-768x512.jpg 768w, https:\/\/www.benk.ch\/wp-content\/uploads\/2019\/08\/Passeport-Naturalisation-1500x1000.jpg 1500w, https:\/\/www.benk.ch\/wp-content\/uploads\/2019\/08\/Passeport-Naturalisation-705x470.jpg 705w, https:\/\/www.benk.ch\/wp-content\/uploads\/2019\/08\/Passeport-Naturalisation.jpg 1920w\" sizes=\"auto, (max-width: 1020px) 100vw, 1020px\" \/>\t\t\t\t\t\t\n\t\t\t\t\t<\/div>\n\t\t\t\t\t\t\t\t\n<style>\n#image_585577285 {\n  width: 100%;\n}\n<\/style>\n\t<\/div>\n\t\n\n<p>Vous souhaitez devenir Suisse ? Passer l\u2019examen de naturalisation ? Vous ne savez pas par o\u00f9 commencer et comment vous organiser ? Nous avons les solutions qui vous gagneront du temps et de l\u2019\u00e9nergie.<\/p>\n<p>&nbsp;<\/p>\n<a href=\"https:\/\/www.benk.ch\/naturalisation\/\" class=\"button primary lowercase expand\" style=\"border-radius:10px;\">\n\t\t<span>La naturalisation<\/span>\n\t<\/a>\n\n\n\n\t\t<\/div>\n\t\t\t\t\t<\/div>\n\n\t\n\n\t<div id=\"col-1495008118\" class=\"col medium-4 small-12 large-4\"  >\n\t\t\t\t<div class=\"col-inner\"  >\n\t\t\t\n\t\t\t\n\n\t<div class=\"img has-hover x md-x lg-x y md-y lg-y\" id=\"image_1732515423\">\n\t\t\t\t\t\t\t\t<div class=\"img-inner image-cover dark\" style=\"padding-top:75%;\">\n\t\t\t<img loading=\"lazy\" decoding=\"async\" width=\"640\" height=\"400\" src=\"https:\/\/www.benk.ch\/wp-content\/uploads\/2019\/02\/formation_enfants_autonomes.jpg\" class=\"attachment-large size-large\" alt=\"\" srcset=\"https:\/\/www.benk.ch\/wp-content\/uploads\/2019\/02\/formation_enfants_autonomes.jpg 640w, https:\/\/www.benk.ch\/wp-content\/uploads\/2019\/02\/formation_enfants_autonomes-510x319.jpg 510w, https:\/\/www.benk.ch\/wp-content\/uploads\/2019\/02\/formation_enfants_autonomes-300x188.jpg 300w\" sizes=\"auto, (max-width: 640px) 100vw, 640px\" \/>\t\t\t\t\t\t\n\t\t\t\t\t<\/div>\n\t\t\t\t\t\t\t\t\n<style>\n#image_1732515423 {\n  width: 100%;\n}\n<\/style>\n\t<\/div>\n\t\n\n<p>La dyslexie, dysorthographie, dysgraphie ou dyscalculie etc\u2026<\/p>\n<p>concernent aussi les adultes.<\/p>\n<a class=\"button primary lowercase expand\" style=\"border-radius:10px;\">\n\t\t<span>Les enfants DYS<\/span>\n\t<\/a>\n\n\n\n\t\t<\/div>\n\t\t\t\t\t<\/div>\n\n\t\n\n\t<div id=\"col-1053043512\" class=\"col medium-4 small-12 large-4\"  >\n\t\t\t\t<div class=\"col-inner\"  >\n\t\t\t\n\t\t\t\n\n\t<div class=\"img has-hover x md-x lg-x y md-y lg-y\" id=\"image_213111078\">\n\t\t\t\t\t\t\t\t<div class=\"img-inner image-cover dark\" style=\"padding-top:75%;\">\n\t\t\t<img loading=\"lazy\" decoding=\"async\" width=\"1020\" height=\"680\" src=\"https:\/\/www.benk.ch\/wp-content\/uploads\/2019\/08\/Sans-titre-3-1030x687.png\" class=\"attachment-large size-large\" alt=\"cours de fran\u00e7ais\" srcset=\"https:\/\/www.benk.ch\/wp-content\/uploads\/2019\/08\/Sans-titre-3-1030x687.png 1030w, https:\/\/www.benk.ch\/wp-content\/uploads\/2019\/08\/Sans-titre-3-510x340.png 510w, https:\/\/www.benk.ch\/wp-content\/uploads\/2019\/08\/Sans-titre-3-300x200.png 300w, https:\/\/www.benk.ch\/wp-content\/uploads\/2019\/08\/Sans-titre-3-768x512.png 768w, https:\/\/www.benk.ch\/wp-content\/uploads\/2019\/08\/Sans-titre-3-1500x1000.png 1500w, https:\/\/www.benk.ch\/wp-content\/uploads\/2019\/08\/Sans-titre-3-705x470.png 705w, https:\/\/www.benk.ch\/wp-content\/uploads\/2019\/08\/Sans-titre-3.png 1920w\" sizes=\"auto, (max-width: 1020px) 100vw, 1020px\" \/>\t\t\t\t\t\t\n\t\t\t\t\t<\/div>\n\t\t\t\t\t\t\t\t\n<style>\n#image_213111078 {\n  width: 100%;\n}\n<\/style>\n\t<\/div>\n\t\n\n<p>Apprendre une langue est la cl\u00e9 pour augmenter ses comp\u00e9tences dans le cadre de sa carri\u00e8re professionnelle : le fran\u00e7ais, l\u2019anglais, l\u2019allemand ou l\u2019italien dynamisent&nbsp; votre CV.<br>&nbsp;<\/p>\n<a class=\"button primary lowercase expand\" style=\"border-radius:10px;\">\n\t\t<span>Les langues<\/span>\n\t<\/a>\n\n\n\n\t\t<\/div>\n\t\t\t\t\t<\/div>\n\n\t\n\n<\/div>\n\n\t\t<\/div>\n\n\t\t\n<style>\n#section_1415561733 {\n  padding-top: 30px;\n  padding-bottom: 30px;\n}\n<\/style>\n\t<\/section>\n\t\n","protected":false},"excerpt":{"rendered":"","protected":false},"author":2,"featured_media":0,"parent":4542,"menu_order":0,"comment_status":"closed","ping_status":"closed","template":"page-blank.php","meta":{"inline_featured_image":false,"footnotes":""},"wf_page_folders":[],"class_list":["post-4608","page","type-page","status-publish","hentry"],"_links":{"self":[{"href":"https:\/\/www.benk.ch\/en\/wp-json\/wp\/v2\/pages\/4608","targetHints":{"allow":["GET"]}}],"collection":[{"href":"https:\/\/www.benk.ch\/en\/wp-json\/wp\/v2\/pages"}],"about":[{"href":"https:\/\/www.benk.ch\/en\/wp-json\/wp\/v2\/types\/page"}],"author":[{"embeddable":true,"href":"https:\/\/www.benk.ch\/en\/wp-json\/wp\/v2\/users\/2"}],"replies":[{"embeddable":true,"href":"https:\/\/www.benk.ch\/en\/wp-json\/wp\/v2\/comments?post=4608"}],"version-history":[{"count":0,"href":"https:\/\/www.benk.ch\/en\/wp-json\/wp\/v2\/pages\/4608\/revisions"}],"up":[{"embeddable":true,"href":"https:\/\/www.benk.ch\/en\/wp-json\/wp\/v2\/pages\/4542"}],"wp:attachment":[{"href":"https:\/\/www.benk.ch\/en\/wp-json\/wp\/v2\/media?parent=4608"}],"wp:term":[{"taxonomy":"wf_page_folders","embeddable":true,"href":"https:\/\/www.benk.ch\/en\/wp-json\/wp\/v2\/wf_page_folders?post=4608"}],"curies":[{"name":"wp","href":"https:\/\/api.w.org\/{rel}","templated":true}]}}