{"id":4582,"date":"2019-05-07T22:46:36","date_gmt":"2019-05-07T20:46:36","guid":{"rendered":"http:\/\/benk.ch\/cours-de-perfectionnement-formation-pour-adultes\/apprendre-une-langue-etrangere\/"},"modified":"2024-03-12T13:01:35","modified_gmt":"2024-03-12T12:01:35","slug":"apprendre-une-langue-etrangere","status":"publish","type":"page","link":"https:\/\/www.benk.ch\/en\/cours-de-perfectionnement-formation-pour-adultes\/apprendre-une-langue-etrangere\/","title":{"rendered":"Learning a foreign language"},"content":{"rendered":"\n\n  <div class=\"banner has-hover\" id=\"banner-1275377311\">\n          <div class=\"banner-inner fill\">\n        <div class=\"banner-bg fill\" >\n            <img loading=\"lazy\" decoding=\"async\" width=\"1020\" height=\"573\" src=\"https:\/\/www.benk.ch\/wp-content\/uploads\/2021\/12\/Copie-de-Design-sans-nom-1030x579.png\" class=\"bg attachment-large size-large\" alt=\"\" \/>                        <div class=\"overlay\"><\/div>            \n                    <\/div>\n\t\t\n        <div class=\"banner-layers container\">\n            <div class=\"fill banner-link\"><\/div>            \n\n   <div id=\"text-box-88361178\" class=\"text-box banner-layer x50 md-x50 lg-x50 y50 md-y50 lg-y50 res-text\">\n                                <div class=\"text-box-content text dark\">\n              \n              <div class=\"text-inner text-center\">\n                  \n\n\t<div id=\"text-2948000533\" class=\"text\">\n\t\t\n\n<h3 class=\"uppercase\">Learn a foreign language<\/h3>\n<p>Tailor-made solutions<\/p>\n\t\t\n<style>\n#text-2948000533 {\n  line-height: 0.75;\n  text-align: left;\n}\n<\/style>\n\t<\/div>\n\t\n\n              <\/div>\n           <\/div>\n                            \n<style>\n#text-box-88361178 {\n  width: 97%;\n}\n#text-box-88361178 .text-box-content {\n  font-size: 100%;\n}\n<\/style>\n    <\/div>\n \n\n        <\/div>\n      <\/div>\n\n            \n<style>\n#banner-1275377311 {\n  padding-top: 150px;\n}\n#banner-1275377311 .overlay {\n  background-color: rgba(0, 0, 0, 0.221);\n}\n#banner-1275377311 .banner-bg img {\n  object-position: 10% 70%;\n}\n<\/style>\n  <\/div>\n\n\n\n\t<section class=\"section\" id=\"section_1346615127\">\n\t\t<div class=\"section-bg fill\" >\n\t\t\t\t\t\t\t\t\t\n\t\t\t\n\n\t\t<\/div>\n\n\t\t\n\n\t\t<div class=\"section-content relative\">\n\t\t\t\n\n<div class=\"row align-middle\"  id=\"row-212596482\">\n\n\n\t<div id=\"col-363188884\" class=\"col medium-5 small-12 large-5\"  >\n\t\t\t\t<div class=\"col-inner\"  >\n\t\t\t\n\t\t\t\n\n\t<div class=\"img has-hover x md-x lg-x y md-y lg-y\" id=\"image_563818201\">\n\t\t\t\t\t\t\t\t<div class=\"img-inner image-cover dark\" style=\"padding-top:75%;\">\n\t\t\t<img loading=\"lazy\" decoding=\"async\" width=\"1020\" height=\"680\" src=\"https:\/\/www.benk.ch\/wp-content\/uploads\/2019\/08\/Sans-titre-3-1030x687.png\" class=\"attachment-large size-large\" alt=\"cours de fran\u00e7ais\" srcset=\"https:\/\/www.benk.ch\/wp-content\/uploads\/2019\/08\/Sans-titre-3-1030x687.png 1030w, https:\/\/www.benk.ch\/wp-content\/uploads\/2019\/08\/Sans-titre-3-510x340.png 510w, https:\/\/www.benk.ch\/wp-content\/uploads\/2019\/08\/Sans-titre-3-300x200.png 300w, https:\/\/www.benk.ch\/wp-content\/uploads\/2019\/08\/Sans-titre-3-768x512.png 768w, https:\/\/www.benk.ch\/wp-content\/uploads\/2019\/08\/Sans-titre-3-1500x1000.png 1500w, https:\/\/www.benk.ch\/wp-content\/uploads\/2019\/08\/Sans-titre-3-705x470.png 705w, https:\/\/www.benk.ch\/wp-content\/uploads\/2019\/08\/Sans-titre-3.png 1920w\" sizes=\"auto, (max-width: 1020px) 100vw, 1020px\" \/>\t\t\t\t\t\t\n\t\t\t\t\t<\/div>\n\t\t\t\t\t\t\t\t\n<style>\n#image_563818201 {\n  width: 100%;\n}\n<\/style>\n\t<\/div>\n\t\n\n\n\t\t<\/div>\n\t\t\t\t\t<\/div>\n\n\t\n\n\t<div id=\"col-726877754\" class=\"col medium-7 small-12 large-7\"  >\n\t\t\t\t<div class=\"col-inner\"  >\n\t\t\t\n\t\t\t\n\n<h2 class=\"uppercase\" data-line-height=\"s\">Our courses<\/h2>\n<p><strong>French \u2013 English \u2013 German \u2013 Italian<\/strong><\/p>\n<p>Learning a foreign language requires a lot of time and energy.<\/p>\n<p>Through our private and home lessons, learning a language becomes a pleasure, while maintaining an active and positive approach.<\/p>\n<p>Speak it and write it with conviction and pride, even if you know few words! You gain self-confidence and progress by having a positive and enterprising mindset!<\/p>\n<p>Work orally, reach out to people who speak the language you want to learn, surround yourself with the right people.<\/p>\n<p>With our online program, learn syllables and phonetics to tame sounds that are different from your language.<\/p>\n<p>Benk\u2019s coaches advise you on suitable and faster methods for learning a foreign language.<\/p>\n\n\t\t<\/div>\n\t\t\t\t\t<\/div>\n\n\t\n\n<\/div>\n\n\t\t<\/div>\n\n\t\t\n<style>\n#section_1346615127 {\n  padding-top: 30px;\n  padding-bottom: 30px;\n}\n<\/style>\n\t<\/section>\n\t\n\n\t<section class=\"section\" id=\"section_919996730\">\n\t\t<div class=\"section-bg fill\" >\n\t\t\t\t\t\t\t\t\t\n\t\t\t\n\n\t\t<\/div>\n\n\t\t\n\n\t\t<div class=\"section-content relative\">\n\t\t\t\n\n<div class=\"row align-middle\"  id=\"row-1317592241\">\n\n\n\t<div id=\"col-391240078\" class=\"col medium-8 small-12 large-8\"  >\n\t\t\t\t<div class=\"col-inner\"  >\n\t\t\t\n\t\t\t\n\n<h2 class=\"uppercase\" data-line-height=\"s\">Benk\u2019s tips for learning a foreign language effectively<\/h2>\n<ul>\n<li>Enjoy listening to everything you can: radio, television, news, movies, series, songs, conversations\u2026<\/li>\n<li>Learn the vocabulary you need, with the right techniques. Abandon random vocabulary lists.<\/li>\n<li>Approach your new language with a new eye, without comparing its rules of grammar, spelling, vocabulary, conjugation, to your mother tongue.<\/li>\n<li>Practice repeating the same sounds often by recording yourself to acquire good pronunciation and evaluate your progress.<\/li>\n<\/ul>\n\n\t\t<\/div>\n\t\t\t\t\t<\/div>\n\n\t\n\n\t<div id=\"col-844699399\" class=\"col medium-4 small-12 large-4\"  >\n\t\t\t\t<div class=\"col-inner\"  >\n\t\t\t\n\t\t\t\n\n\t<div class=\"img has-hover x md-x lg-x y md-y lg-y\" id=\"image_202384704\">\n\t\t\t\t\t\t\t\t<div class=\"img-inner image-cover dark\" style=\"padding-top:75%;\">\n\t\t\t<img loading=\"lazy\" decoding=\"async\" width=\"1020\" height=\"680\" src=\"https:\/\/www.benk.ch\/wp-content\/uploads\/2019\/09\/2-1030x687.jpg\" class=\"attachment-large size-large\" alt=\"\" srcset=\"https:\/\/www.benk.ch\/wp-content\/uploads\/2019\/09\/2-1030x687.jpg 1030w, https:\/\/www.benk.ch\/wp-content\/uploads\/2019\/09\/2-510x340.jpg 510w, https:\/\/www.benk.ch\/wp-content\/uploads\/2019\/09\/2-300x200.jpg 300w, https:\/\/www.benk.ch\/wp-content\/uploads\/2019\/09\/2-768x512.jpg 768w, https:\/\/www.benk.ch\/wp-content\/uploads\/2019\/09\/2-1500x1000.jpg 1500w, https:\/\/www.benk.ch\/wp-content\/uploads\/2019\/09\/2-705x470.jpg 705w, https:\/\/www.benk.ch\/wp-content\/uploads\/2019\/09\/2.jpg 1920w\" sizes=\"auto, (max-width: 1020px) 100vw, 1020px\" \/>\t\t\t\t\t\t\n\t\t\t\t\t<\/div>\n\t\t\t\t\t\t\t\t\n<style>\n#image_202384704 {\n  width: 100%;\n}\n<\/style>\n\t<\/div>\n\t\n\n\n\t\t<\/div>\n\t\t\t\t\t<\/div>\n\n\t\n\n<\/div>\n<div class=\"row\"  id=\"row-2030743349\">\n\n\n\t<div id=\"col-1193594195\" class=\"col small-12 large-12\"  >\n\t\t\t\t<div class=\"col-inner\"  >\n\t\t\t\n\t\t\t\n\n<ul>\n<li>Meet native speakers of your target language to communicate with them, in your surroundings or on the Internet. That\u2019s more motivating than staying alone with a book! Learning a language is about sharing!<\/li>\n<li>Immerse yourself in the language. Go practice your new language in the country where it is spoken. Make trips, a linguistic stay, find moments to escape in total immersion.<\/li>\n<li>Study regularly and maintain your motivation!<\/li>\n<li>Make time for a little exercise every day: even a single half hour every day will take you much further than you think.<br>&nbsp;<br>&nbsp;<\/li>\n<\/ul>\n<a class=\"button primary lowercase\" style=\"border-radius:10px;\">\n\t\t<span>En savoir plus<\/span>\n\t<\/a>\n\n\n\n\t\t<\/div>\n\t\t\t\t\t<\/div>\n\n\t\n\n<\/div>\n\n\t\t<\/div>\n\n\t\t\n<style>\n#section_919996730 {\n  padding-top: 30px;\n  padding-bottom: 30px;\n  background-color: rgb(248, 248, 248);\n}\n<\/style>\n\t<\/section>\n\t\n<div class=\"slider-wrapper relative\" id=\"slider-203976570\" >\n    <div class=\"slider slider-nav-circle slider-nav-large slider-nav-light slider-style-normal\"\n        data-flickity-options='{\n            \"cellAlign\": \"center\",\n            \"imagesLoaded\": true,\n            \"lazyLoad\": 1,\n            \"freeScroll\": false,\n            \"wrapAround\": true,\n            \"autoPlay\": 6000,\n            \"pauseAutoPlayOnHover\" : true,\n            \"prevNextButtons\": true,\n            \"contain\" : true,\n            \"adaptiveHeight\" : true,\n            \"dragThreshold\" : 10,\n            \"percentPosition\": true,\n            \"pageDots\": true,\n            \"rightToLeft\": false,\n            \"draggable\": true,\n            \"selectedAttraction\": 0.1,\n            \"parallax\" : 0,\n            \"friction\": 0.6        }'\n        >\n        \n\n\n  <div class=\"banner has-hover\" id=\"banner-1902565927\">\n          <div class=\"banner-inner fill\">\n        <div class=\"banner-bg fill\" >\n            <img loading=\"lazy\" decoding=\"async\" width=\"1020\" height=\"573\" src=\"https:\/\/www.benk.ch\/wp-content\/uploads\/2021\/12\/Copie-de-Design-sans-nom-1030x579.png\" class=\"bg attachment-large size-large\" alt=\"\" \/>                        <div class=\"overlay\"><\/div>            \n                    <\/div>\n\t\t\n        <div class=\"banner-layers container\">\n            <div class=\"fill banner-link\"><\/div>            \n\n   <div id=\"text-box-1033632158\" class=\"text-box banner-layer x50 md-x50 lg-x50 y50 md-y50 lg-y50 res-text\">\n                                <div class=\"text-box-content text dark\">\n              \n              <div class=\"text-inner text-center\">\n                  \n\n\t<div id=\"text-2496927800\" class=\"text\">\n\t\t\n\n<p style=\"text-align: center;\">Comme je devais me pr\u00e9parer en moins de 6 mois pour un examen d\u2019anglais<\/p>\n<p style=\"text-align: center;\">niveau B1 oral et \u00e9crit, j\u2019ai fait appel \u00e0 un coach Benk pour un apprentissage de<\/p>\n<p style=\"text-align: center;\">l\u2019anglais \u00e0 la fois dynamique et motivant. Ils m\u2019ont aid\u00e9 \u00e0 assimiler rapidement<\/p>\n<p style=\"text-align: center;\">avec des outils et des strat\u00e9gies qui me convenaient.<\/p>\n<p style=\"text-align: center;\">Beaucoup de passion dans leur travail !<\/p>\n\t\t\n<style>\n#text-2496927800 {\n  line-height: 0.75;\n  text-align: center;\n}\n<\/style>\n\t<\/div>\n\t\n\t<div id=\"text-3498349679\" class=\"text\">\n\t\t\n\n<p style=\"text-align: center;\"><strong>Alexandre, 45 ans<\/strong><\/p>\n\t\t\n<style>\n#text-3498349679 {\n  line-height: 0.75;\n}\n<\/style>\n\t<\/div>\n\t\n\n              <\/div>\n           <\/div>\n                            \n<style>\n#text-box-1033632158 {\n  width: 95%;\n}\n#text-box-1033632158 .text-box-content {\n  font-size: 100%;\n}\n<\/style>\n    <\/div>\n \n\n        <\/div>\n      <\/div>\n\n            \n<style>\n#banner-1902565927 {\n  padding-top: 280px;\n}\n#banner-1902565927 .overlay {\n  background-color: rgba(0, 0, 0, 0.221);\n}\n#banner-1902565927 .banner-bg img {\n  object-position: 10% 70%;\n}\n<\/style>\n  <\/div>\n\n\n\n     <\/div>\n\n     <div class=\"loading-spin dark large centered\"><\/div>\n\n\t<\/div>\n\n\n\t<div id=\"gap-1841922085\" class=\"gap-element clearfix\" style=\"display:block; height:auto;\">\n\t\t\n<style>\n#gap-1841922085 {\n  padding-top: 30px;\n}\n<\/style>\n\t<\/div>\n\t\n\n<div class=\"container section-title-container\" ><h3 class=\"section-title section-title-normal\"><b aria-hidden=\"true\"><\/b><span class=\"section-title-main\" >En relation avec le sujet<\/span><b aria-hidden=\"true\"><\/b><\/h3><\/div>\n\n\n\t<section class=\"section\" id=\"section_270305161\">\n\t\t<div class=\"section-bg fill\" >\n\t\t\t\t\t\t\t\t\t\n\t\t\t\n\n\t\t<\/div>\n\n\t\t\n\n\t\t<div class=\"section-content relative\">\n\t\t\t\n\n<div class=\"row\"  id=\"row-245093458\">\n\n\n\t<div id=\"col-1307333203\" class=\"col medium-4 small-12 large-4\"  >\n\t\t\t\t<div class=\"col-inner\"  >\n\t\t\t\n\t\t\t\n\n\t<div class=\"img has-hover x md-x lg-x y md-y lg-y\" id=\"image_405431712\">\n\t\t\t\t\t\t\t\t<div class=\"img-inner image-cover dark\" style=\"padding-top:75%;\">\n\t\t\t<img loading=\"lazy\" decoding=\"async\" width=\"1020\" height=\"680\" src=\"https:\/\/www.benk.ch\/wp-content\/uploads\/2019\/08\/Passeport-Naturalisation-1030x687.jpg\" class=\"attachment-large size-large\" alt=\"\" srcset=\"https:\/\/www.benk.ch\/wp-content\/uploads\/2019\/08\/Passeport-Naturalisation-1030x687.jpg 1030w, https:\/\/www.benk.ch\/wp-content\/uploads\/2019\/08\/Passeport-Naturalisation-510x340.jpg 510w, https:\/\/www.benk.ch\/wp-content\/uploads\/2019\/08\/Passeport-Naturalisation-300x200.jpg 300w, https:\/\/www.benk.ch\/wp-content\/uploads\/2019\/08\/Passeport-Naturalisation-768x512.jpg 768w, https:\/\/www.benk.ch\/wp-content\/uploads\/2019\/08\/Passeport-Naturalisation-1500x1000.jpg 1500w, https:\/\/www.benk.ch\/wp-content\/uploads\/2019\/08\/Passeport-Naturalisation-705x470.jpg 705w, https:\/\/www.benk.ch\/wp-content\/uploads\/2019\/08\/Passeport-Naturalisation.jpg 1920w\" sizes=\"auto, (max-width: 1020px) 100vw, 1020px\" \/>\t\t\t\t\t\t\n\t\t\t\t\t<\/div>\n\t\t\t\t\t\t\t\t\n<style>\n#image_405431712 {\n  width: 100%;\n}\n<\/style>\n\t<\/div>\n\t\n\n<p>Vous souhaitez devenir Suisse ? Vous ne savez pas par o\u00f9 commencer et comment vous organiser pour passer l\u2019examen de naturalisation ?&nbsp;Nous avons les solutions.<\/p>\n<a class=\"button primary lowercase expand\" style=\"border-radius:10px;\">\n\t\t<span>La naturalisation<\/span>\n\t<\/a>\n\n\n\n\t\t<\/div>\n\t\t\t\t\t<\/div>\n\n\t\n\n\t<div id=\"col-1284090608\" class=\"col medium-4 small-12 large-4\"  >\n\t\t\t\t<div class=\"col-inner\"  >\n\t\t\t\n\t\t\t\n\n\t<div class=\"img has-hover x md-x lg-x y md-y lg-y\" id=\"image_1204441105\">\n\t\t\t\t\t\t\t\t<div class=\"img-inner image-cover dark\" style=\"padding-top:75%;\">\n\t\t\t<img loading=\"lazy\" decoding=\"async\" width=\"640\" height=\"400\" src=\"https:\/\/www.benk.ch\/wp-content\/uploads\/2019\/02\/formation_enfants_autonomes.jpg\" class=\"attachment-large size-large\" alt=\"\" srcset=\"https:\/\/www.benk.ch\/wp-content\/uploads\/2019\/02\/formation_enfants_autonomes.jpg 640w, https:\/\/www.benk.ch\/wp-content\/uploads\/2019\/02\/formation_enfants_autonomes-510x319.jpg 510w, https:\/\/www.benk.ch\/wp-content\/uploads\/2019\/02\/formation_enfants_autonomes-300x188.jpg 300w\" sizes=\"auto, (max-width: 640px) 100vw, 640px\" \/>\t\t\t\t\t\t\n\t\t\t\t\t<\/div>\n\t\t\t\t\t\t\t\t\n<style>\n#image_1204441105 {\n  width: 100%;\n}\n<\/style>\n\t<\/div>\n\t\n\n<p>La dyslexie, dysorthographie, dysgraphie ou dyscalculie etc\u2026 ne sont pas des ph\u00e9nom\u00e8nes nouveaux et pourtant il semble que leur probl\u00e9matique commence \u00e0 inqui\u00e9ter de plus en plus les \u00e9coles qui ont du mal \u00e0 trouver des solutions concr\u00e8tes.<\/p>\n<p>&nbsp;<\/p>\n<a class=\"button primary lowercase expand\" style=\"border-radius:10px;\">\n\t\t<span>Les enfants DYS<\/span>\n\t<\/a>\n\n\n\n\t\t<\/div>\n\t\t\t\t\t<\/div>\n\n\t\n\n\t<div id=\"col-686909388\" class=\"col medium-4 small-12 large-4\"  >\n\t\t\t\t<div class=\"col-inner\"  >\n\t\t\t\n\t\t\t\n\n\t<div class=\"img has-hover x md-x lg-x y md-y lg-y\" id=\"image_2065784734\">\n\t\t\t\t\t\t\t\t<div class=\"img-inner image-cover dark\" style=\"padding-top:75%;\">\n\t\t\t<img loading=\"lazy\" decoding=\"async\" width=\"1020\" height=\"638\" src=\"https:\/\/www.benk.ch\/wp-content\/uploads\/2019\/08\/Formation-coaching-adulte-1030x644.jpg\" class=\"attachment-large size-large\" alt=\"\" srcset=\"https:\/\/www.benk.ch\/wp-content\/uploads\/2019\/08\/Formation-coaching-adulte-1030x644.jpg 1030w, https:\/\/www.benk.ch\/wp-content\/uploads\/2019\/08\/Formation-coaching-adulte-510x319.jpg 510w, https:\/\/www.benk.ch\/wp-content\/uploads\/2019\/08\/Formation-coaching-adulte-300x188.jpg 300w, https:\/\/www.benk.ch\/wp-content\/uploads\/2019\/08\/Formation-coaching-adulte-768x480.jpg 768w, https:\/\/www.benk.ch\/wp-content\/uploads\/2019\/08\/Formation-coaching-adulte-1500x938.jpg 1500w, https:\/\/www.benk.ch\/wp-content\/uploads\/2019\/08\/Formation-coaching-adulte-705x441.jpg 705w, https:\/\/www.benk.ch\/wp-content\/uploads\/2019\/08\/Formation-coaching-adulte.jpg 1920w\" sizes=\"auto, (max-width: 1020px) 100vw, 1020px\" \/>\t\t\t\t\t\t\n\t\t\t\t\t<\/div>\n\t\t\t\t\t\t\t\t\n<style>\n#image_2065784734 {\n  width: 100%;\n}\n<\/style>\n\t<\/div>\n\t\n\n<p>Une p\u00e9dagogie unique d\u2019apprentissage qui va prendre en compte les mati\u00e8res, l\u2019am\u00e9lioration des performances et \u00e9galement le d\u00e9veloppement de soi pour atteindre tous ses objectifs.<br>&nbsp;<\/p>\n<a class=\"button primary lowercase expand\" style=\"border-radius:10px;\">\n\t\t<span>Notre p\u00e9dagogie<\/span>\n\t<\/a>\n\n\n\n\t\t<\/div>\n\t\t\t\t\t<\/div>\n\n\t\n\n<\/div>\n\n\t\t<\/div>\n\n\t\t\n<style>\n#section_270305161 {\n  padding-top: 30px;\n  padding-bottom: 30px;\n}\n<\/style>\n\t<\/section>\n\t\n","protected":false},"excerpt":{"rendered":"","protected":false},"author":2,"featured_media":0,"parent":4552,"menu_order":0,"comment_status":"closed","ping_status":"closed","template":"page-blank.php","meta":{"inline_featured_image":false,"footnotes":""},"wf_page_folders":[],"class_list":["post-4582","page","type-page","status-publish","hentry"],"_links":{"self":[{"href":"https:\/\/www.benk.ch\/en\/wp-json\/wp\/v2\/pages\/4582","targetHints":{"allow":["GET"]}}],"collection":[{"href":"https:\/\/www.benk.ch\/en\/wp-json\/wp\/v2\/pages"}],"about":[{"href":"https:\/\/www.benk.ch\/en\/wp-json\/wp\/v2\/types\/page"}],"author":[{"embeddable":true,"href":"https:\/\/www.benk.ch\/en\/wp-json\/wp\/v2\/users\/2"}],"replies":[{"embeddable":true,"href":"https:\/\/www.benk.ch\/en\/wp-json\/wp\/v2\/comments?post=4582"}],"version-history":[{"count":0,"href":"https:\/\/www.benk.ch\/en\/wp-json\/wp\/v2\/pages\/4582\/revisions"}],"up":[{"embeddable":true,"href":"https:\/\/www.benk.ch\/en\/wp-json\/wp\/v2\/pages\/4552"}],"wp:attachment":[{"href":"https:\/\/www.benk.ch\/en\/wp-json\/wp\/v2\/media?parent=4582"}],"wp:term":[{"taxonomy":"wf_page_folders","embeddable":true,"href":"https:\/\/www.benk.ch\/en\/wp-json\/wp\/v2\/wf_page_folders?post=4582"}],"curies":[{"name":"wp","href":"https:\/\/api.w.org\/{rel}","templated":true}]}}