{"id":4575,"date":"2019-05-07T22:48:59","date_gmt":"2019-05-07T20:48:59","guid":{"rendered":"http:\/\/benk.ch\/cours-de-perfectionnement-formation-pour-adultes\/apprendre-langues-adultes\/"},"modified":"2024-03-12T13:00:53","modified_gmt":"2024-03-12T12:00:53","slug":"apprendre-langues-adultes","status":"publish","type":"page","link":"https:\/\/www.benk.ch\/en\/cours-de-perfectionnement-formation-pour-adultes\/apprendre-langues-adultes\/","title":{"rendered":"Learning French"},"content":{"rendered":"\n\n  <div class=\"banner has-hover\" id=\"banner-307948978\">\n          <div class=\"banner-inner fill\">\n        <div class=\"banner-bg fill\" >\n            <img loading=\"lazy\" decoding=\"async\" width=\"1020\" height=\"573\" src=\"https:\/\/www.benk.ch\/wp-content\/uploads\/2021\/12\/Copie-de-Design-sans-nom-1030x579.png\" class=\"bg attachment-large size-large\" alt=\"\" \/>                        <div class=\"overlay\"><\/div>            \n                    <\/div>\n\t\t\n        <div class=\"banner-layers container\">\n            <div class=\"fill banner-link\"><\/div>            \n\n   <div id=\"text-box-1210018508\" class=\"text-box banner-layer x50 md-x50 lg-x50 y50 md-y50 lg-y50 res-text\">\n                                <div class=\"text-box-content text dark\">\n              \n              <div class=\"text-inner text-center\">\n                  \n\n\t<div id=\"text-3050913527\" class=\"text\">\n\t\t\n\n<h3 class=\"uppercase\">Learn French in Switzerland<\/h3>\n<p>For expatriates<\/p>\n\t\t\n<style>\n#text-3050913527 {\n  line-height: 0.75;\n  text-align: left;\n}\n<\/style>\n\t<\/div>\n\t\n\n              <\/div>\n           <\/div>\n                            \n<style>\n#text-box-1210018508 {\n  width: 97%;\n}\n#text-box-1210018508 .text-box-content {\n  font-size: 100%;\n}\n<\/style>\n    <\/div>\n \n\n        <\/div>\n      <\/div>\n\n            \n<style>\n#banner-307948978 {\n  padding-top: 150px;\n}\n#banner-307948978 .overlay {\n  background-color: rgba(0, 0, 0, 0.221);\n}\n#banner-307948978 .banner-bg img {\n  object-position: 10% 70%;\n}\n<\/style>\n  <\/div>\n\n\n\n\t<section class=\"section\" id=\"section_1298061986\">\n\t\t<div class=\"section-bg fill\" >\n\t\t\t\t\t\t\t\t\t\n\t\t\t\n\n\t\t<\/div>\n\n\t\t\n\n\t\t<div class=\"section-content relative\">\n\t\t\t\n\n<div class=\"row align-middle\"  id=\"row-1325070661\">\n\n\n\t<div id=\"col-2110604195\" class=\"col medium-4 small-12 large-4\"  >\n\t\t\t\t<div class=\"col-inner\"  >\n\t\t\t\n\t\t\t\n\n\t<div class=\"img has-hover x md-x lg-x y md-y lg-y\" id=\"image_140468749\">\n\t\t\t\t\t\t\t\t<div class=\"img-inner image-cover dark\" style=\"padding-top:75%;\">\n\t\t\t<img loading=\"lazy\" decoding=\"async\" width=\"1020\" height=\"680\" src=\"https:\/\/www.benk.ch\/wp-content\/uploads\/2019\/09\/13-1030x687.jpg\" class=\"attachment-large size-large\" alt=\"\" srcset=\"https:\/\/www.benk.ch\/wp-content\/uploads\/2019\/09\/13-1030x687.jpg 1030w, https:\/\/www.benk.ch\/wp-content\/uploads\/2019\/09\/13-510x340.jpg 510w, https:\/\/www.benk.ch\/wp-content\/uploads\/2019\/09\/13-300x200.jpg 300w, https:\/\/www.benk.ch\/wp-content\/uploads\/2019\/09\/13-768x512.jpg 768w, https:\/\/www.benk.ch\/wp-content\/uploads\/2019\/09\/13-1500x1000.jpg 1500w, https:\/\/www.benk.ch\/wp-content\/uploads\/2019\/09\/13-705x470.jpg 705w, https:\/\/www.benk.ch\/wp-content\/uploads\/2019\/09\/13.jpg 1920w\" sizes=\"auto, (max-width: 1020px) 100vw, 1020px\" \/>\t\t\t\t\t\t\n\t\t\t\t\t<\/div>\n\t\t\t\t\t\t\t\t\n<style>\n#image_140468749 {\n  width: 100%;\n}\n<\/style>\n\t<\/div>\n\t\n\n\n\t\t<\/div>\n\t\t\t\t\t<\/div>\n\n\t\n\n\t<div id=\"col-1961405772\" class=\"col medium-8 small-12 large-8\"  >\n\t\t\t\t<div class=\"col-inner\"  >\n\t\t\t\n\t\t\t\n\n<h2 class=\"uppercase\" data-line-height=\"s\">Learn a language and integrate<\/h2>\n<p>You have just arrived in Switzerland, alone or with your family, and you want to integrate by speaking French.<\/p>\n<p>If you work in an international environment, or your partner is, you may have difficulty adapting to the language, feel out of touch with the local culture, or even feel misunderstood.<\/p>\n<p>You have to:<\/p>\n<ul>\n<li>manage the administration (write and answer letters) and introduce yourself to the administration<\/li>\n<li>organize your budget<\/li>\n<li>find an apartment (including management and insurance documents, etc.)<\/li>\n<li>choose your insurance coverage and understand the options<\/li>\n<li>choose a school for your children<\/li>\n<li>make friends etc.<\/li>\n<\/ul>\n\n\t\t<\/div>\n\t\t\t\t\t<\/div>\n\n\t\n\n<\/div>\n\n\t\t<\/div>\n\n\t\t\n<style>\n#section_1298061986 {\n  padding-top: 30px;\n  padding-bottom: 30px;\n}\n<\/style>\n\t<\/section>\n\t\n\n\t<section class=\"section\" id=\"section_1758863285\">\n\t\t<div class=\"section-bg fill\" >\n\t\t\t\t\t\t\t\t\t\n\t\t\t\n\n\t\t<\/div>\n\n\t\t\n\n\t\t<div class=\"section-content relative\">\n\t\t\t\n\n<div class=\"row align-middle\"  id=\"row-1052201805\">\n\n\n\t<div id=\"col-97884132\" class=\"col medium-8 small-12 large-8\"  >\n\t\t\t\t<div class=\"col-inner\"  >\n\t\t\t\n\t\t\t\n\n<h2 class=\"uppercase\" data-line-height=\"s\">What is the required level of language skills required in your case ?<\/h2>\n<p>If you are a foreigner and are moving to French-speaking Switzerland, you will need to have a certain level of language skills to obtain a work or residence permit.<\/p>\n<p>If you are a native French speaker, have attended compulsory school in French or have a Secondary II diploma, you do not need to submit a language certificate. A school certificate is sufficient.<\/p>\n<p>If you are not a French-speaking person, you need to have a level of French ranging from A1 to B1 (oral and\/or written) in order to obtain a residence or settlement permit in Switzerland.<\/p>\n<p>At Benk, we prepare you for the French exams.<\/p>\n<p>Benk\u2019s coaches adapt to the level required, the language spoken in your workplace, your profession, your daily oral and written needs.<\/p>\n<p>Whether you are the spouse\/husband of an expatriate in Switzerland, a professional who has been hired by an international or national company, Benk supports you in your approach with tailor-made solutions.<\/p>\n<a class=\"button primary lowercase\" style=\"border-radius:10px;\">\n\t\t<span>To know more about it<\/span>\n\t<\/a>\n\n\n\n\t\t<\/div>\n\t\t\t\t\t<\/div>\n\n\t\n\n\t<div id=\"col-904353197\" class=\"col medium-4 small-12 large-4\"  >\n\t\t\t\t<div class=\"col-inner\"  >\n\t\t\t\n\t\t\t\n\n\t<div class=\"img has-hover x md-x lg-x y md-y lg-y\" id=\"image_343869391\">\n\t\t\t\t\t\t\t\t<div class=\"img-inner image-cover dark\" style=\"padding-top:75%;\">\n\t\t\t<img loading=\"lazy\" decoding=\"async\" width=\"1020\" height=\"680\" src=\"https:\/\/www.benk.ch\/wp-content\/uploads\/2019\/09\/6-1030x687.jpg\" class=\"attachment-large size-large\" alt=\"\" srcset=\"https:\/\/www.benk.ch\/wp-content\/uploads\/2019\/09\/6-1030x687.jpg 1030w, https:\/\/www.benk.ch\/wp-content\/uploads\/2019\/09\/6-510x340.jpg 510w, https:\/\/www.benk.ch\/wp-content\/uploads\/2019\/09\/6-300x200.jpg 300w, https:\/\/www.benk.ch\/wp-content\/uploads\/2019\/09\/6-768x512.jpg 768w, https:\/\/www.benk.ch\/wp-content\/uploads\/2019\/09\/6-1500x1000.jpg 1500w, https:\/\/www.benk.ch\/wp-content\/uploads\/2019\/09\/6-705x470.jpg 705w, https:\/\/www.benk.ch\/wp-content\/uploads\/2019\/09\/6.jpg 1920w\" sizes=\"auto, (max-width: 1020px) 100vw, 1020px\" \/>\t\t\t\t\t\t\n\t\t\t\t\t<\/div>\n\t\t\t\t\t\t\t\t\n<style>\n#image_343869391 {\n  width: 100%;\n}\n<\/style>\n\t<\/div>\n\t\n\n\n\t\t<\/div>\n\t\t\t\t\t<\/div>\n\n\t\n\n<\/div>\n\n\t\t<\/div>\n\n\t\t\n<style>\n#section_1758863285 {\n  padding-top: 30px;\n  padding-bottom: 30px;\n  background-color: rgb(248, 248, 248);\n}\n<\/style>\n\t<\/section>\n\t\n\n\t<section class=\"section\" id=\"section_926094124\">\n\t\t<div class=\"section-bg fill\" >\n\t\t\t\t\t\t\t\t\t\n\t\t\t\n\n\t\t<\/div>\n\n\t\t\n\n\t\t<div class=\"section-content relative\">\n\t\t\t\n\n<div class=\"slider-wrapper relative\" id=\"slider-1270811464\" >\n    <div class=\"slider slider-nav-circle slider-nav-large slider-nav-light slider-style-normal\"\n        data-flickity-options='{\n            \"cellAlign\": \"center\",\n            \"imagesLoaded\": true,\n            \"lazyLoad\": 1,\n            \"freeScroll\": false,\n            \"wrapAround\": true,\n            \"autoPlay\": 6000,\n            \"pauseAutoPlayOnHover\" : true,\n            \"prevNextButtons\": true,\n            \"contain\" : true,\n            \"adaptiveHeight\" : true,\n            \"dragThreshold\" : 10,\n            \"percentPosition\": true,\n            \"pageDots\": true,\n            \"rightToLeft\": false,\n            \"draggable\": true,\n            \"selectedAttraction\": 0.1,\n            \"parallax\" : 0,\n            \"friction\": 0.6        }'\n        >\n        \n\n\n  <div class=\"banner has-hover\" id=\"banner-2018288735\">\n          <div class=\"banner-inner fill\">\n        <div class=\"banner-bg fill\" >\n            <img loading=\"lazy\" decoding=\"async\" width=\"1020\" height=\"573\" src=\"https:\/\/www.benk.ch\/wp-content\/uploads\/2021\/12\/Copie-de-Design-sans-nom-1030x579.png\" class=\"bg attachment-large size-large\" alt=\"\" \/>                        <div class=\"overlay\"><\/div>            \n                    <\/div>\n\t\t\n        <div class=\"banner-layers container\">\n            <div class=\"fill banner-link\"><\/div>            \n\n   <div id=\"text-box-1766837209\" class=\"text-box banner-layer x50 md-x50 lg-x50 y50 md-y50 lg-y50 res-text\">\n                                <div class=\"text-box-content text dark\">\n              \n              <div class=\"text-inner text-center\">\n                  \n\n\t<div id=\"text-3757016507\" class=\"text\">\n\t\t\n\n<p style=\"text-align: center;\">Pour m\u2019int\u00e9grer en Suisse, je devais apprendre le fran\u00e7ais pour mes enfants \u00e0 l\u2019\u00e9cole et la vie de tous les jours.<\/p>\n<p style=\"text-align: center;\">Benk a d\u00e9velopp\u00e9 pour moi des vocabulaires sp\u00e9cifiques pour chaque situation de ma vie.<\/p>\n<p style=\"text-align: center;\">Le coach Benk m\u2019a m\u00eame accompagn\u00e9 aux rendez-vous pour \u00e9couter mes erreurs et m\u2019aider \u00e0 progresser.<\/p>\n\t\t\n<style>\n#text-3757016507 {\n  line-height: 0.75;\n  text-align: center;\n}\n<\/style>\n\t<\/div>\n\t\n\t<div id=\"text-4102912089\" class=\"text\">\n\t\t\n\n<p style=\"text-align: center;\"><strong>Vanessa, femme d\u2019un expatri\u00e9 anglais<\/strong><\/p>\n\t\t\n<style>\n#text-4102912089 {\n  line-height: 0.75;\n}\n<\/style>\n\t<\/div>\n\t\n\n              <\/div>\n           <\/div>\n                            \n<style>\n#text-box-1766837209 {\n  width: 95%;\n}\n#text-box-1766837209 .text-box-content {\n  font-size: 100%;\n}\n<\/style>\n    <\/div>\n \n\n        <\/div>\n      <\/div>\n\n            \n<style>\n#banner-2018288735 {\n  padding-top: 280px;\n}\n#banner-2018288735 .overlay {\n  background-color: rgba(0, 0, 0, 0.221);\n}\n#banner-2018288735 .banner-bg img {\n  object-position: 10% 70%;\n}\n<\/style>\n  <\/div>\n\n\n\n     <\/div>\n\n     <div class=\"loading-spin dark large centered\"><\/div>\n\n\t<\/div>\n\n\n\n\t\t<\/div>\n\n\t\t\n<style>\n#section_926094124 {\n  padding-top: 0px;\n  padding-bottom: 0px;\n  background-color: rgb(0, 146, 213);\n}\n<\/style>\n\t<\/section>\n\t\n\t<div id=\"gap-1949878969\" class=\"gap-element clearfix\" style=\"display:block; height:auto;\">\n\t\t\n<style>\n#gap-1949878969 {\n  padding-top: 30px;\n}\n<\/style>\n\t<\/div>\n\t\n\n<div class=\"container section-title-container\" ><h3 class=\"section-title section-title-normal\"><b aria-hidden=\"true\"><\/b><span class=\"section-title-main\" >En relation avec le sujet<\/span><b aria-hidden=\"true\"><\/b><\/h3><\/div>\n\n\n\t<section class=\"section\" id=\"section_1893913199\">\n\t\t<div class=\"section-bg fill\" >\n\t\t\t\t\t\t\t\t\t\n\t\t\t\n\n\t\t<\/div>\n\n\t\t\n\n\t\t<div class=\"section-content relative\">\n\t\t\t\n\n<div class=\"row\"  id=\"row-629658312\">\n\n\n\t<div id=\"col-592429098\" class=\"col medium-4 small-12 large-4\"  >\n\t\t\t\t<div class=\"col-inner\"  >\n\t\t\t\n\t\t\t\n\n\t<div class=\"img has-hover x md-x lg-x y md-y lg-y\" id=\"image_1536456071\">\n\t\t\t\t\t\t\t\t<div class=\"img-inner image-cover dark\" style=\"padding-top:75%;\">\n\t\t\t<img loading=\"lazy\" decoding=\"async\" width=\"1020\" height=\"680\" src=\"https:\/\/www.benk.ch\/wp-content\/uploads\/2019\/08\/Passeport-Naturalisation-1030x687.jpg\" class=\"attachment-large size-large\" alt=\"\" srcset=\"https:\/\/www.benk.ch\/wp-content\/uploads\/2019\/08\/Passeport-Naturalisation-1030x687.jpg 1030w, https:\/\/www.benk.ch\/wp-content\/uploads\/2019\/08\/Passeport-Naturalisation-510x340.jpg 510w, https:\/\/www.benk.ch\/wp-content\/uploads\/2019\/08\/Passeport-Naturalisation-300x200.jpg 300w, https:\/\/www.benk.ch\/wp-content\/uploads\/2019\/08\/Passeport-Naturalisation-768x512.jpg 768w, https:\/\/www.benk.ch\/wp-content\/uploads\/2019\/08\/Passeport-Naturalisation-1500x1000.jpg 1500w, https:\/\/www.benk.ch\/wp-content\/uploads\/2019\/08\/Passeport-Naturalisation-705x470.jpg 705w, https:\/\/www.benk.ch\/wp-content\/uploads\/2019\/08\/Passeport-Naturalisation.jpg 1920w\" sizes=\"auto, (max-width: 1020px) 100vw, 1020px\" \/>\t\t\t\t\t\t\n\t\t\t\t\t<\/div>\n\t\t\t\t\t\t\t\t\n<style>\n#image_1536456071 {\n  width: 100%;\n}\n<\/style>\n\t<\/div>\n\t\n\n<p>Vous souhaitez devenir Suisse ? Passer l\u2019examen de naturalisation ?&nbsp; Vous n\u2019avez pas assez de temps pour pr\u00e9parer l\u2019examen ?<br>Nous avons des solutions adapt\u00e9es \u00e0 votre situation.<\/p>\n<a class=\"button primary lowercase expand\" style=\"border-radius:10px;\">\n\t\t<span>La naturalisation<\/span>\n\t<\/a>\n\n\n\n\t\t<\/div>\n\t\t\t\t\t<\/div>\n\n\t\n\n\t<div id=\"col-1560780169\" class=\"col medium-4 small-12 large-4\"  >\n\t\t\t\t<div class=\"col-inner\"  >\n\t\t\t\n\t\t\t\n\n\t<div class=\"img has-hover x md-x lg-x y md-y lg-y\" id=\"image_1266465477\">\n\t\t\t\t\t\t\t\t<div class=\"img-inner image-cover dark\" style=\"padding-top:75%;\">\n\t\t\t<img loading=\"lazy\" decoding=\"async\" width=\"640\" height=\"400\" src=\"https:\/\/www.benk.ch\/wp-content\/uploads\/2019\/02\/formation_enfants_autonomes.jpg\" class=\"attachment-large size-large\" alt=\"\" srcset=\"https:\/\/www.benk.ch\/wp-content\/uploads\/2019\/02\/formation_enfants_autonomes.jpg 640w, https:\/\/www.benk.ch\/wp-content\/uploads\/2019\/02\/formation_enfants_autonomes-510x319.jpg 510w, https:\/\/www.benk.ch\/wp-content\/uploads\/2019\/02\/formation_enfants_autonomes-300x188.jpg 300w\" sizes=\"auto, (max-width: 640px) 100vw, 640px\" \/>\t\t\t\t\t\t\n\t\t\t\t\t<\/div>\n\t\t\t\t\t\t\t\t\n<style>\n#image_1266465477 {\n  width: 100%;\n}\n<\/style>\n\t<\/div>\n\t\n\n<p>Dyslexie, dysorthographie, dysgraphie ou dyscalculie etc\u2026<\/p>\n<p>troubles DYS, troubles des adultes ?<\/p>\n<a class=\"button primary lowercase expand\" style=\"border-radius:10px;\">\n\t\t<span>Les enfants DYS<\/span>\n\t<\/a>\n\n\n\n\t\t<\/div>\n\t\t\t\t\t<\/div>\n\n\t\n\n\t<div id=\"col-1963573338\" class=\"col medium-4 small-12 large-4\"  >\n\t\t\t\t<div class=\"col-inner\"  >\n\t\t\t\n\t\t\t\n\n\t<div class=\"img has-hover x md-x lg-x y md-y lg-y\" id=\"image_2064542260\">\n\t\t\t\t\t\t\t\t<div class=\"img-inner image-cover dark\" style=\"padding-top:75%;\">\n\t\t\t<img loading=\"lazy\" decoding=\"async\" width=\"1020\" height=\"680\" src=\"https:\/\/www.benk.ch\/wp-content\/uploads\/2019\/08\/Formation-autonome-Benk-1030x687.jpg\" class=\"attachment-large size-large\" alt=\"Coaching en organisation en ligne\" srcset=\"https:\/\/www.benk.ch\/wp-content\/uploads\/2019\/08\/Formation-autonome-Benk-1030x687.jpg 1030w, https:\/\/www.benk.ch\/wp-content\/uploads\/2019\/08\/Formation-autonome-Benk-510x340.jpg 510w, https:\/\/www.benk.ch\/wp-content\/uploads\/2019\/08\/Formation-autonome-Benk-300x200.jpg 300w, https:\/\/www.benk.ch\/wp-content\/uploads\/2019\/08\/Formation-autonome-Benk-768x512.jpg 768w, https:\/\/www.benk.ch\/wp-content\/uploads\/2019\/08\/Formation-autonome-Benk-1500x1000.jpg 1500w, https:\/\/www.benk.ch\/wp-content\/uploads\/2019\/08\/Formation-autonome-Benk-705x470.jpg 705w, https:\/\/www.benk.ch\/wp-content\/uploads\/2019\/08\/Formation-autonome-Benk.jpg 1920w\" sizes=\"auto, (max-width: 1020px) 100vw, 1020px\" \/>\t\t\t\t\t\t\n\t\t\t\t\t<\/div>\n\t\t\t\t\t\t\t\t\n<style>\n#image_2064542260 {\n  width: 100%;\n}\n<\/style>\n\t<\/div>\n\t\n\n<p>Atteindre ses objectifs par une p\u00e9dagogie unique d\u2019apprentissage, prenant en compte les mati\u00e8res, l\u2019am\u00e9lioration des performances et le d\u00e9veloppement de soi.<br>&nbsp;<\/p>\n<a class=\"button primary lowercase expand\" style=\"border-radius:10px;\">\n\t\t<span>Notre p\u00e9dagogie<\/span>\n\t<\/a>\n\n\n\n\t\t<\/div>\n\t\t\t\t\t<\/div>\n\n\t\n\n<\/div>\n\n\t\t<\/div>\n\n\t\t\n<style>\n#section_1893913199 {\n  padding-top: 30px;\n  padding-bottom: 30px;\n}\n<\/style>\n\t<\/section>\n\t\n","protected":false},"excerpt":{"rendered":"","protected":false},"author":2,"featured_media":0,"parent":4552,"menu_order":0,"comment_status":"closed","ping_status":"closed","template":"page-blank.php","meta":{"inline_featured_image":false,"footnotes":""},"wf_page_folders":[],"class_list":["post-4575","page","type-page","status-publish","hentry"],"_links":{"self":[{"href":"https:\/\/www.benk.ch\/en\/wp-json\/wp\/v2\/pages\/4575","targetHints":{"allow":["GET"]}}],"collection":[{"href":"https:\/\/www.benk.ch\/en\/wp-json\/wp\/v2\/pages"}],"about":[{"href":"https:\/\/www.benk.ch\/en\/wp-json\/wp\/v2\/types\/page"}],"author":[{"embeddable":true,"href":"https:\/\/www.benk.ch\/en\/wp-json\/wp\/v2\/users\/2"}],"replies":[{"embeddable":true,"href":"https:\/\/www.benk.ch\/en\/wp-json\/wp\/v2\/comments?post=4575"}],"version-history":[{"count":0,"href":"https:\/\/www.benk.ch\/en\/wp-json\/wp\/v2\/pages\/4575\/revisions"}],"up":[{"embeddable":true,"href":"https:\/\/www.benk.ch\/en\/wp-json\/wp\/v2\/pages\/4552"}],"wp:attachment":[{"href":"https:\/\/www.benk.ch\/en\/wp-json\/wp\/v2\/media?parent=4575"}],"wp:term":[{"taxonomy":"wf_page_folders","embeddable":true,"href":"https:\/\/www.benk.ch\/en\/wp-json\/wp\/v2\/wf_page_folders?post=4575"}],"curies":[{"name":"wp","href":"https:\/\/api.w.org\/{rel}","templated":true}]}}