{"id":4557,"date":"2019-05-07T22:44:42","date_gmt":"2019-05-07T20:44:42","guid":{"rendered":"http:\/\/benk.ch\/soutien-et-coaching-personnalises-adultes\/"},"modified":"2024-03-12T13:01:35","modified_gmt":"2024-03-12T12:01:35","slug":"soutien-et-coaching-personnalises-adultes","status":"publish","type":"page","link":"https:\/\/www.benk.ch\/en\/soutien-et-coaching-personnalises-adultes\/","title":{"rendered":"Customized solutions for adults"},"content":{"rendered":"\n\n  <div class=\"banner has-hover\" id=\"banner-1201976262\">\n          <div class=\"banner-inner fill\">\n        <div class=\"banner-bg fill\" >\n            <img loading=\"lazy\" decoding=\"async\" width=\"1020\" height=\"573\" src=\"https:\/\/www.benk.ch\/wp-content\/uploads\/2021\/12\/Copie-de-Design-sans-nom-1030x579.png\" class=\"bg attachment-large size-large\" alt=\"\" \/>                        <div class=\"overlay\"><\/div>            \n                    <\/div>\n\t\t\n        <div class=\"banner-layers container\">\n            <div class=\"fill banner-link\"><\/div>            \n\n   <div id=\"text-box-929673389\" class=\"text-box banner-layer x50 md-x50 lg-x50 y50 md-y50 lg-y50 res-text\">\n                                <div class=\"text-box-content text dark\">\n              \n              <div class=\"text-inner text-center\">\n                  \n\n\t<div id=\"text-993574724\" class=\"text\">\n\t\t\n\n<h3 class=\"uppercase\">Customized solutions for adults<\/h3>\n<p>We support you to achieve your objectives<\/p>\n\t\t\n<style>\n#text-993574724 {\n  line-height: 0.75;\n  text-align: left;\n}\n<\/style>\n\t<\/div>\n\t\n\n              <\/div>\n           <\/div>\n                            \n<style>\n#text-box-929673389 {\n  width: 97%;\n}\n#text-box-929673389 .text-box-content {\n  font-size: 100%;\n}\n<\/style>\n    <\/div>\n \n\n        <\/div>\n      <\/div>\n\n            \n<style>\n#banner-1201976262 {\n  padding-top: 150px;\n}\n#banner-1201976262 .overlay {\n  background-color: rgba(0, 0, 0, 0.221);\n}\n#banner-1201976262 .banner-bg img {\n  object-position: 10% 70%;\n}\n<\/style>\n  <\/div>\n\n\n\n\t<section class=\"section\" id=\"section_1415904573\">\n\t\t<div class=\"section-bg fill\" >\n\t\t\t\t\t\t\t\t\t\n\t\t\t\n\n\t\t<\/div>\n\n\t\t\n\n\t\t<div class=\"section-content relative\">\n\t\t\t\n\n<div class=\"row align-middle\"  id=\"row-452727576\">\n\n\n\t<div id=\"col-865517780\" class=\"col medium-5 small-12 large-5\"  >\n\t\t\t\t<div class=\"col-inner\"  >\n\t\t\t\n\t\t\t\n\n\t<div class=\"img has-hover x md-x lg-x y md-y lg-y\" id=\"image_710445073\">\n\t\t\t\t\t\t\t\t<div class=\"img-inner image-cover dark\" style=\"padding-top:75%;\">\n\t\t\t<img loading=\"lazy\" decoding=\"async\" width=\"1020\" height=\"638\" src=\"https:\/\/www.benk.ch\/wp-content\/uploads\/2019\/08\/Formation-coaching-adulte-1030x644.jpg\" class=\"attachment-large size-large\" alt=\"\" srcset=\"https:\/\/www.benk.ch\/wp-content\/uploads\/2019\/08\/Formation-coaching-adulte-1030x644.jpg 1030w, https:\/\/www.benk.ch\/wp-content\/uploads\/2019\/08\/Formation-coaching-adulte-510x319.jpg 510w, https:\/\/www.benk.ch\/wp-content\/uploads\/2019\/08\/Formation-coaching-adulte-300x188.jpg 300w, https:\/\/www.benk.ch\/wp-content\/uploads\/2019\/08\/Formation-coaching-adulte-768x480.jpg 768w, https:\/\/www.benk.ch\/wp-content\/uploads\/2019\/08\/Formation-coaching-adulte-1500x938.jpg 1500w, https:\/\/www.benk.ch\/wp-content\/uploads\/2019\/08\/Formation-coaching-adulte-705x441.jpg 705w, https:\/\/www.benk.ch\/wp-content\/uploads\/2019\/08\/Formation-coaching-adulte.jpg 1920w\" sizes=\"auto, (max-width: 1020px) 100vw, 1020px\" \/>\t\t\t\t\t\t\n\t\t\t\t\t<\/div>\n\t\t\t\t\t\t\t\t\n<style>\n#image_710445073 {\n  width: 100%;\n}\n<\/style>\n\t<\/div>\n\t\n\n\n\t\t<\/div>\n\t\t\t\t\t<\/div>\n\n\t\n\n\t<div id=\"col-1591025031\" class=\"col medium-7 small-12 large-7\"  >\n\t\t\t\t<div class=\"col-inner\"  >\n\t\t\t\n\t\t\t\n\n<h2 class=\"uppercase\" data-line-height=\"s\">Personalized support<\/h2>\n<p><strong>Adult private lessons<\/strong><\/p>\n<p>Whatever your level and your goals, we have solutions tailored to your needs: in languages, for better integration or reintegration into the workforce, or for preparation for the naturalization exam.<\/p>\n<p>Benk&#8217;s coaching for adults includes :<\/p>\n<ul>\n<li>Specific and personalized objectives for each person<\/li>\n<li>A method that adapts to your needs<\/li>\n<li>Regular and sustained monitoring of your progress<\/li>\n<li>Various techniques of personal development<\/li>\n<li>Constant motivation to achieve goals<\/li>\n<\/ul>\n\n\t\t<\/div>\n\t\t\t\t\t<\/div>\n\n\t\n\n<\/div>\n\n\t\t<\/div>\n\n\t\t\n<style>\n#section_1415904573 {\n  padding-top: 30px;\n  padding-bottom: 30px;\n}\n<\/style>\n\t<\/section>\n\t\n\n\t<section class=\"section\" id=\"section_354315238\">\n\t\t<div class=\"section-bg fill\" >\n\t\t\t\t\t\t\t\t\t\n\t\t\t\n\n\t\t<\/div>\n\n\t\t\n\n\t\t<div class=\"section-content relative\">\n\t\t\t\n\n<div class=\"row align-middle\"  id=\"row-797741559\">\n\n\n\t<div id=\"col-1343107565\" class=\"col medium-8 small-12 large-8\"  >\n\t\t\t\t<div class=\"col-inner\"  >\n\t\t\t\n\t\t\t\n\n<h2 class=\"uppercase\" data-line-height=\"s\">Support you in your academic and professional goals<\/h2>\n<p>Would you like to learn French or improve your language skills in German, English or Italian?<br>Do you need support to develop learning techniques to save time and energy?<br>Are you going back to school or an apprenticeship?<br>Not sure how to handle or manage your learning difficulties?<\/p>\n<p>Do you have a particular disability that makes your studies more complex?<br>Do you have concentration problems, memory problems?<br>Do you lack motivation or self-confidence?<\/p>\n<p>We have the means to support you in achieving your academic and professional goals.<br>This will allow you to manage family, social and school life.<br>Our solutions are customized and allow you to succeed in your studies and exams while being professionally successful.<\/p>\n\n\t\t<\/div>\n\t\t\t\t\t<\/div>\n\n\t\n\n\t<div id=\"col-879631754\" class=\"col medium-4 small-12 large-4\"  >\n\t\t\t\t<div class=\"col-inner\"  >\n\t\t\t\n\t\t\t\n\n\t<div class=\"img has-hover x md-x lg-x y md-y lg-y\" id=\"image_865513506\">\n\t\t\t\t\t\t\t\t<div class=\"img-inner image-cover dark\" style=\"padding-top:75%;\">\n\t\t\t<img loading=\"lazy\" decoding=\"async\" width=\"1020\" height=\"660\" src=\"https:\/\/www.benk.ch\/wp-content\/uploads\/2019\/08\/Coaching-Adulte-1030x666.jpg\" class=\"attachment-large size-large\" alt=\"\" srcset=\"https:\/\/www.benk.ch\/wp-content\/uploads\/2019\/08\/Coaching-Adulte-1030x666.jpg 1030w, https:\/\/www.benk.ch\/wp-content\/uploads\/2019\/08\/Coaching-Adulte-510x330.jpg 510w, https:\/\/www.benk.ch\/wp-content\/uploads\/2019\/08\/Coaching-Adulte-300x194.jpg 300w, https:\/\/www.benk.ch\/wp-content\/uploads\/2019\/08\/Coaching-Adulte-768x496.jpg 768w, https:\/\/www.benk.ch\/wp-content\/uploads\/2019\/08\/Coaching-Adulte-1500x970.jpg 1500w, https:\/\/www.benk.ch\/wp-content\/uploads\/2019\/08\/Coaching-Adulte-705x456.jpg 705w, https:\/\/www.benk.ch\/wp-content\/uploads\/2019\/08\/Coaching-Adulte.jpg 1980w\" sizes=\"auto, (max-width: 1020px) 100vw, 1020px\" \/>\t\t\t\t\t\t\n\t\t\t\t\t<\/div>\n\t\t\t\t\t\t\t\t\n<style>\n#image_865513506 {\n  width: 100%;\n}\n<\/style>\n\t<\/div>\n\t\n\n\n\t\t<\/div>\n\t\t\t\t\t<\/div>\n\n\t\n\n<\/div>\n\n\t\t<\/div>\n\n\t\t\n<style>\n#section_354315238 {\n  padding-top: 30px;\n  padding-bottom: 30px;\n  background-color: rgb(248, 248, 248);\n}\n<\/style>\n\t<\/section>\n\t\n\n\t<section class=\"section\" id=\"section_867797685\">\n\t\t<div class=\"section-bg fill\" >\n\t\t\t\t\t\t\t\t\t\n\t\t\t\n\n\t\t<\/div>\n\n\t\t\n\n\t\t<div class=\"section-content relative\">\n\t\t\t\n\n<div class=\"row align-middle\"  id=\"row-1155590558\">\n\n\n\t<div id=\"col-704107380\" class=\"col medium-4 small-12 large-4\"  >\n\t\t\t\t<div class=\"col-inner\"  >\n\t\t\t\n\t\t\t\n\n\t<div class=\"img has-hover x md-x lg-x y md-y lg-y\" id=\"image_550238836\">\n\t\t\t\t\t\t\t\t<div class=\"img-inner image-cover dark\" style=\"padding-top:75%;\">\n\t\t\t<img loading=\"lazy\" decoding=\"async\" width=\"1020\" height=\"680\" src=\"https:\/\/www.benk.ch\/wp-content\/uploads\/2019\/08\/32-1030x687.png\" class=\"attachment-large size-large\" alt=\"\" srcset=\"https:\/\/www.benk.ch\/wp-content\/uploads\/2019\/08\/32-1030x687.png 1030w, https:\/\/www.benk.ch\/wp-content\/uploads\/2019\/08\/32-510x340.png 510w, https:\/\/www.benk.ch\/wp-content\/uploads\/2019\/08\/32-300x200.png 300w, https:\/\/www.benk.ch\/wp-content\/uploads\/2019\/08\/32-768x512.png 768w, https:\/\/www.benk.ch\/wp-content\/uploads\/2019\/08\/32-1500x1000.png 1500w, https:\/\/www.benk.ch\/wp-content\/uploads\/2019\/08\/32-705x470.png 705w, https:\/\/www.benk.ch\/wp-content\/uploads\/2019\/08\/32.png 1920w\" sizes=\"auto, (max-width: 1020px) 100vw, 1020px\" \/>\t\t\t\t\t\t\n\t\t\t\t\t<\/div>\n\t\t\t\t\t\t\t\t\n<style>\n#image_550238836 {\n  width: 100%;\n}\n<\/style>\n\t<\/div>\n\t\n\n\n\t\t<\/div>\n\t\t\t\t\t<\/div>\n\n\t\n\n\t<div id=\"col-1934978265\" class=\"col medium-8 small-12 large-8\"  >\n\t\t\t\t<div class=\"col-inner\"  >\n\t\t\t\n\t\t\t\n\n<h2 class=\"uppercase\" data-line-height=\"s\">A tailor-made training program<\/h2>\n<p>Our tailor-made methods combine in-home coaching, online training follow-up and Skype sessions depending on your schedule.<\/p>\n<p>The Benk program is defined in accordance with your objectives. Periodic reviews are carried out to validate your progress.<\/p>\n<p>Coaching with Benk involves individualized support according to your needs, whether online and\/or at home.<\/p>\n<p>Our trainers offer you a program according to your level, with simple and effective exercises to help you evolve quickly.<\/p>\n<p>Our coaches adapt to real needs and process all materials.<\/p>\n<a class=\"button primary lowercase\" style=\"border-radius:10px;\">\n\t\t<span>Take know more about it<\/span>\n\t<\/a>\n\n\n\n\t\t<\/div>\n\t\t\t\t\t<\/div>\n\n\t\n\n<\/div>\n\n\t\t<\/div>\n\n\t\t\n<style>\n#section_867797685 {\n  padding-top: 30px;\n  padding-bottom: 30px;\n}\n<\/style>\n\t<\/section>\n\t\n\n\t<section class=\"section\" id=\"section_1057934932\">\n\t\t<div class=\"section-bg fill\" >\n\t\t\t\t\t\t\t\t\t\n\t\t\t\n\n\t\t<\/div>\n\n\t\t\n\n\t\t<div class=\"section-content relative\">\n\t\t\t\n\n\n  <div class=\"banner has-hover\" id=\"banner-1850908664\">\n          <div class=\"banner-inner fill\">\n        <div class=\"banner-bg fill\" >\n            <img loading=\"lazy\" decoding=\"async\" width=\"1020\" height=\"573\" src=\"https:\/\/www.benk.ch\/wp-content\/uploads\/2021\/12\/Copie-de-Design-sans-nom-1030x579.png\" class=\"bg attachment-large size-large\" alt=\"\" \/>                        <div class=\"overlay\"><\/div>            \n                    <\/div>\n\t\t\n        <div class=\"banner-layers container\">\n            <div class=\"fill banner-link\"><\/div>            \n\n   <div id=\"text-box-1466838001\" class=\"text-box banner-layer x50 md-x50 lg-x50 y50 md-y50 lg-y50 res-text\">\n                                <div class=\"text-box-content text dark\">\n              \n              <div class=\"text-inner text-center\">\n                  \n\n\t<div id=\"text-167384393\" class=\"text\">\n\t\t\n\n<h4 class=\"uppercase\">We are at your disposal for a personalized solution.<\/h4>\n\t\t\n<style>\n#text-167384393 {\n  line-height: 0.75;\n  text-align: center;\n}\n<\/style>\n\t<\/div>\n\t\n<a class=\"button primary lowercase\" style=\"border-radius:99px;\">\n\t\t<span>Contact us<\/span>\n\t<\/a>\n\n\n\n              <\/div>\n           <\/div>\n                            \n<style>\n#text-box-1466838001 {\n  width: 95%;\n}\n#text-box-1466838001 .text-box-content {\n  font-size: 100%;\n}\n<\/style>\n    <\/div>\n \n\n        <\/div>\n      <\/div>\n\n            \n<style>\n#banner-1850908664 {\n  padding-top: 150px;\n}\n#banner-1850908664 .overlay {\n  background-color: rgba(0, 0, 0, 0.221);\n}\n#banner-1850908664 .banner-bg img {\n  object-position: 10% 70%;\n}\n<\/style>\n  <\/div>\n\n\n\n\t\t<\/div>\n\n\t\t\n<style>\n#section_1057934932 {\n  padding-top: 0px;\n  padding-bottom: 0px;\n  background-color: rgb(0, 146, 213);\n}\n<\/style>\n\t<\/section>\n\t\n\t<div id=\"gap-461006875\" class=\"gap-element clearfix\" style=\"display:block; height:auto;\">\n\t\t\n<style>\n#gap-461006875 {\n  padding-top: 30px;\n}\n<\/style>\n\t<\/div>\n\t\n\n<div class=\"container section-title-container\" ><h3 class=\"section-title section-title-normal\"><b aria-hidden=\"true\"><\/b><span class=\"section-title-main\" >En relation avec le sujet<\/span><b aria-hidden=\"true\"><\/b><\/h3><\/div>\n\n\n\t<section class=\"section\" id=\"section_607410439\">\n\t\t<div class=\"section-bg fill\" >\n\t\t\t\t\t\t\t\t\t\n\t\t\t\n\n\t\t<\/div>\n\n\t\t\n\n\t\t<div class=\"section-content relative\">\n\t\t\t\n\n<div class=\"row\"  id=\"row-1818189418\">\n\n\n\t<div id=\"col-843775294\" class=\"col medium-4 small-12 large-4\"  >\n\t\t\t\t<div class=\"col-inner\"  >\n\t\t\t\n\t\t\t\n\n\t<div class=\"img has-hover x md-x lg-x y md-y lg-y\" id=\"image_2108257494\">\n\t\t\t\t\t\t\t\t<div class=\"img-inner image-cover dark\" style=\"padding-top:75%;\">\n\t\t\t<img loading=\"lazy\" decoding=\"async\" width=\"1020\" height=\"680\" src=\"https:\/\/www.benk.ch\/wp-content\/uploads\/2019\/08\/Passeport-Naturalisation-1030x687.jpg\" class=\"attachment-large size-large\" alt=\"\" srcset=\"https:\/\/www.benk.ch\/wp-content\/uploads\/2019\/08\/Passeport-Naturalisation-1030x687.jpg 1030w, https:\/\/www.benk.ch\/wp-content\/uploads\/2019\/08\/Passeport-Naturalisation-510x340.jpg 510w, https:\/\/www.benk.ch\/wp-content\/uploads\/2019\/08\/Passeport-Naturalisation-300x200.jpg 300w, https:\/\/www.benk.ch\/wp-content\/uploads\/2019\/08\/Passeport-Naturalisation-768x512.jpg 768w, https:\/\/www.benk.ch\/wp-content\/uploads\/2019\/08\/Passeport-Naturalisation-1500x1000.jpg 1500w, https:\/\/www.benk.ch\/wp-content\/uploads\/2019\/08\/Passeport-Naturalisation-705x470.jpg 705w, https:\/\/www.benk.ch\/wp-content\/uploads\/2019\/08\/Passeport-Naturalisation.jpg 1920w\" sizes=\"auto, (max-width: 1020px) 100vw, 1020px\" \/>\t\t\t\t\t\t\n\t\t\t\t\t<\/div>\n\t\t\t\t\t\t\t\t\n<style>\n#image_2108257494 {\n  width: 100%;\n}\n<\/style>\n\t<\/div>\n\t\n\n<p>Vous souhaitez devenir Suisse ? Passer l\u2019examen de naturalisation ? Vous ne savez pas par o\u00f9 commencer et comment vous organiser ?&nbsp;Vous n\u2019avez pas assez de temps pour pr\u00e9parer l\u2019examen ?&nbsp;Nous avons les solutions qui vous feront gagner du temps et de l\u2019\u00e9nergie.<\/p>\n<a class=\"button primary lowercase expand\" style=\"border-radius:10px;\">\n\t\t<span>La naturalisation<\/span>\n\t<\/a>\n\n\n\n\t\t<\/div>\n\t\t\t\t\t<\/div>\n\n\t\n\n\t<div id=\"col-130952594\" class=\"col medium-4 small-12 large-4\"  >\n\t\t\t\t<div class=\"col-inner\"  >\n\t\t\t\n\t\t\t\n\n\t<div class=\"img has-hover x md-x lg-x y md-y lg-y\" id=\"image_513885069\">\n\t\t\t\t\t\t\t\t<div class=\"img-inner image-cover dark\" style=\"padding-top:75%;\">\n\t\t\t<img loading=\"lazy\" decoding=\"async\" width=\"640\" height=\"400\" src=\"https:\/\/www.benk.ch\/wp-content\/uploads\/2019\/02\/formation_enfants_autonomes.jpg\" class=\"attachment-large size-large\" alt=\"\" srcset=\"https:\/\/www.benk.ch\/wp-content\/uploads\/2019\/02\/formation_enfants_autonomes.jpg 640w, https:\/\/www.benk.ch\/wp-content\/uploads\/2019\/02\/formation_enfants_autonomes-510x319.jpg 510w, https:\/\/www.benk.ch\/wp-content\/uploads\/2019\/02\/formation_enfants_autonomes-300x188.jpg 300w\" sizes=\"auto, (max-width: 640px) 100vw, 640px\" \/>\t\t\t\t\t\t\n\t\t\t\t\t<\/div>\n\t\t\t\t\t\t\t\t\n<style>\n#image_513885069 {\n  width: 100%;\n}\n<\/style>\n\t<\/div>\n\t\n\n<p>La dyslexie, dysorthographie, dysgraphie ou dyscalculie etc\u2026<\/p>\n<p>concernent enfants et adultes.<\/p>\n<p>Nous avons les solutions gagnantes pour surmonter ces troubles et r\u00e9ussir !<\/p>\n<a class=\"button primary lowercase expand\" style=\"border-radius:10px;\">\n\t\t<span>Les enfants DYS<\/span>\n\t<\/a>\n\n\n\n\t\t<\/div>\n\t\t\t\t\t<\/div>\n\n\t\n\n\t<div id=\"col-529314644\" class=\"col medium-4 small-12 large-4\"  >\n\t\t\t\t<div class=\"col-inner\"  >\n\t\t\t\n\t\t\t\n\n\t<div class=\"img has-hover x md-x lg-x y md-y lg-y\" id=\"image_517965988\">\n\t\t\t\t\t\t\t\t<div class=\"img-inner image-cover dark\" style=\"padding-top:75%;\">\n\t\t\t<img loading=\"lazy\" decoding=\"async\" width=\"1020\" height=\"680\" src=\"https:\/\/www.benk.ch\/wp-content\/uploads\/2019\/08\/Sans-titre-3-1030x687.png\" class=\"attachment-large size-large\" alt=\"cours de fran\u00e7ais\" srcset=\"https:\/\/www.benk.ch\/wp-content\/uploads\/2019\/08\/Sans-titre-3-1030x687.png 1030w, https:\/\/www.benk.ch\/wp-content\/uploads\/2019\/08\/Sans-titre-3-510x340.png 510w, https:\/\/www.benk.ch\/wp-content\/uploads\/2019\/08\/Sans-titre-3-300x200.png 300w, https:\/\/www.benk.ch\/wp-content\/uploads\/2019\/08\/Sans-titre-3-768x512.png 768w, https:\/\/www.benk.ch\/wp-content\/uploads\/2019\/08\/Sans-titre-3-1500x1000.png 1500w, https:\/\/www.benk.ch\/wp-content\/uploads\/2019\/08\/Sans-titre-3-705x470.png 705w, https:\/\/www.benk.ch\/wp-content\/uploads\/2019\/08\/Sans-titre-3.png 1920w\" sizes=\"auto, (max-width: 1020px) 100vw, 1020px\" \/>\t\t\t\t\t\t\n\t\t\t\t\t<\/div>\n\t\t\t\t\t\t\t\t\n<style>\n#image_517965988 {\n  width: 100%;\n}\n<\/style>\n\t<\/div>\n\t\n\n<p>L\u2019apprentissage d\u2019une langue est la cl\u00e9 pour augmenter ses comp\u00e9tences dans le cadre de sa carri\u00e8re professionnelle.&nbsp;Le fran\u00e7ais est utile pour l\u2019int\u00e9gration en Suisse romande que ce soit au niveau personnel, social, familial ou professionnel.<br>L\u2019anglais, l\u2019allemand ou l\u2019italien pourront dynamiser votre CV.<\/p>\n<a class=\"button primary lowercase expand\" style=\"border-radius:10px;\">\n\t\t<span>Les langues<\/span>\n\t<\/a>\n\n\n\n\t\t<\/div>\n\t\t\t\t\t<\/div>\n\n\t\n\n<\/div>\n\n\t\t<\/div>\n\n\t\t\n<style>\n#section_607410439 {\n  padding-top: 30px;\n  padding-bottom: 30px;\n}\n<\/style>\n\t<\/section>\n\t\n","protected":false},"excerpt":{"rendered":"","protected":false},"author":2,"featured_media":0,"parent":0,"menu_order":0,"comment_status":"closed","ping_status":"closed","template":"page-blank.php","meta":{"inline_featured_image":false,"footnotes":""},"wf_page_folders":[],"class_list":["post-4557","page","type-page","status-publish","hentry"],"_links":{"self":[{"href":"https:\/\/www.benk.ch\/en\/wp-json\/wp\/v2\/pages\/4557","targetHints":{"allow":["GET"]}}],"collection":[{"href":"https:\/\/www.benk.ch\/en\/wp-json\/wp\/v2\/pages"}],"about":[{"href":"https:\/\/www.benk.ch\/en\/wp-json\/wp\/v2\/types\/page"}],"author":[{"embeddable":true,"href":"https:\/\/www.benk.ch\/en\/wp-json\/wp\/v2\/users\/2"}],"replies":[{"embeddable":true,"href":"https:\/\/www.benk.ch\/en\/wp-json\/wp\/v2\/comments?post=4557"}],"version-history":[{"count":0,"href":"https:\/\/www.benk.ch\/en\/wp-json\/wp\/v2\/pages\/4557\/revisions"}],"wp:attachment":[{"href":"https:\/\/www.benk.ch\/en\/wp-json\/wp\/v2\/media?parent=4557"}],"wp:term":[{"taxonomy":"wf_page_folders","embeddable":true,"href":"https:\/\/www.benk.ch\/en\/wp-json\/wp\/v2\/wf_page_folders?post=4557"}],"curies":[{"name":"wp","href":"https:\/\/api.w.org\/{rel}","templated":true}]}}