{"id":4542,"date":"2019-05-07T22:31:30","date_gmt":"2019-05-07T20:31:30","guid":{"rendered":"http:\/\/benk.ch\/reinsertion-professionnelle-pour-adultes\/"},"modified":"2024-03-12T13:01:08","modified_gmt":"2024-03-12T12:01:08","slug":"reinsertion-professionnelle-pour-adultes","status":"publish","type":"page","link":"https:\/\/www.benk.ch\/en\/reinsertion-professionnelle-pour-adultes\/","title":{"rendered":"Return to work"},"content":{"rendered":"\n\n  <div class=\"banner has-hover\" id=\"banner-322653623\">\n          <div class=\"banner-inner fill\">\n        <div class=\"banner-bg fill\" >\n            <img loading=\"lazy\" decoding=\"async\" width=\"1020\" height=\"573\" src=\"https:\/\/www.benk.ch\/wp-content\/uploads\/2021\/12\/Copie-de-Design-sans-nom-1030x579.png\" class=\"bg attachment-large size-large\" alt=\"\" \/>                        <div class=\"overlay\"><\/div>            \n                    <\/div>\n\t\t\n        <div class=\"banner-layers container\">\n            <div class=\"fill banner-link\"><\/div>            \n\n   <div id=\"text-box-1920042805\" class=\"text-box banner-layer x50 md-x50 lg-x50 y50 md-y50 lg-y50 res-text\">\n                                <div class=\"text-box-content text dark\">\n              \n              <div class=\"text-inner text-center\">\n                  \n\n\t<div id=\"text-573856234\" class=\"text\">\n\t\t\n\n<h3 class=\"uppercase\">Professional integration or reintegration &nbsp;<\/h3>\n<p>Career choice is essential in a life<\/p>\n\t\t\n<style>\n#text-573856234 {\n  line-height: 0.75;\n  text-align: left;\n}\n<\/style>\n\t<\/div>\n\t\n\n              <\/div>\n           <\/div>\n                            \n<style>\n#text-box-1920042805 {\n  width: 97%;\n}\n#text-box-1920042805 .text-box-content {\n  font-size: 100%;\n}\n<\/style>\n    <\/div>\n \n\n        <\/div>\n      <\/div>\n\n            \n<style>\n#banner-322653623 {\n  padding-top: 150px;\n}\n#banner-322653623 .overlay {\n  background-color: rgba(0, 0, 0, 0.221);\n}\n#banner-322653623 .banner-bg img {\n  object-position: 10% 70%;\n}\n<\/style>\n  <\/div>\n\n\n\n\t<section class=\"section\" id=\"section_1081143651\">\n\t\t<div class=\"section-bg fill\" >\n\t\t\t\t\t\t\t\t\t\n\t\t\t\n\n\t\t<\/div>\n\n\t\t\n\n\t\t<div class=\"section-content relative\">\n\t\t\t\n\n<div class=\"row align-middle\"  id=\"row-697257717\">\n\n\n\t<div id=\"col-1080127930\" class=\"col medium-4 small-12 large-4\"  >\n\t\t\t\t<div class=\"col-inner\"  >\n\t\t\t\n\t\t\t\n\n\t<div class=\"img has-hover x md-x lg-x y md-y lg-y\" id=\"image_287986814\">\n\t\t\t\t\t\t\t\t<div class=\"img-inner image-cover dark\" style=\"padding-top:75%;\">\n\t\t\t<img loading=\"lazy\" decoding=\"async\" width=\"640\" height=\"400\" src=\"https:\/\/www.benk.ch\/wp-content\/uploads\/2019\/02\/formation_adulte_autonomes2.jpg\" class=\"attachment-large size-large\" alt=\"\" srcset=\"https:\/\/www.benk.ch\/wp-content\/uploads\/2019\/02\/formation_adulte_autonomes2.jpg 640w, https:\/\/www.benk.ch\/wp-content\/uploads\/2019\/02\/formation_adulte_autonomes2-510x319.jpg 510w, https:\/\/www.benk.ch\/wp-content\/uploads\/2019\/02\/formation_adulte_autonomes2-300x188.jpg 300w\" sizes=\"auto, (max-width: 640px) 100vw, 640px\" \/>\t\t\t\t\t\t\n\t\t\t\t\t<\/div>\n\t\t\t\t\t\t\t\t\n<style>\n#image_287986814 {\n  width: 100%;\n}\n<\/style>\n\t<\/div>\n\t\n\n\n\t\t<\/div>\n\t\t\t\t\t<\/div>\n\n\t\n\n\t<div id=\"col-1681772174\" class=\"col medium-8 small-12 large-8\"  >\n\t\t\t\t<div class=\"col-inner\"  >\n\t\t\t\n\t\t\t\n\n<h2 class=\"uppercase\" style=\"text-align: left;\" data-line-height=\"s\">Reasons for professional reintegration<\/h2>\n<p><strong>Finding your way<\/strong><\/p>\n<p>There are several profiles of people who are being reintegrated:<\/p>\n<ul>\n<li><span style=\"color: #f99b1c;\"><strong>Young people<\/strong><\/span> who have completed their compulsory schooling (with or without their certificate of completion) and have not found their way (out of learning\/study).<\/li>\n<li><span style=\"color: #f99b1c;\"><strong>Recipients of social assistance<\/strong><\/span>, disability insurance (AI), unemployment or in the event of a professional break-up.<\/li>\n<li><span style=\"color: #f99b1c;\"><strong>People from abroad<\/strong><\/span> whose diplomas are not recognised.<\/li>\n<li><span style=\"color: #f99b1c;\"><strong>Women<\/strong><\/span> who have not been in employment for years and who are seeking to find their way or return to employment.<br>Any person who, for reasons of health, <span style=\"color: #f99b1c;\"><strong>illness or accident<\/strong><\/span>, is forced to change profession.&nbsp;<\/li>\n<\/ul>\n\n\t\t<\/div>\n\t\t\t\t\t<\/div>\n\n\t\n\n<\/div>\n<div class=\"row\"  id=\"row-458692594\">\n\n\n\t<div id=\"col-1374233363\" class=\"col small-12 large-12\"  >\n\t\t\t\t<div class=\"col-inner\"  >\n\t\t\t\n\t\t\t\n\n<p>Changing careers or professional objectives, returning to school can happen at any age.<\/p>\n<p>Human qualities and attitude are essential points to work on in order to successfully find internship, work placement or exam opportunities. Social, personal and linguistic integration is an essential point, especially for foreigners.<\/p>\n<p>If you choose an apprenticeship, you will need to find a vocational training place that is adapted to your needs and corresponds to your expectations. This is why it is essential to establish<span style=\"color: #f99b1c;\"><strong> an appropriate professional integration strategy<\/strong><\/span> according to the profile of each individual.<\/p>\n<p>Motivation, organization, positive nature, gestures and vocabulary adapted to each situation make it possible to identify the profile of a high-performance and productive person.<\/p>\n\n\t\t<\/div>\n\t\t\t\t\t<\/div>\n\n\t\n\n<\/div>\n\n\t\t<\/div>\n\n\t\t\n<style>\n#section_1081143651 {\n  padding-top: 30px;\n  padding-bottom: 30px;\n  background-color: rgb(248, 248, 248);\n}\n<\/style>\n\t<\/section>\n\t\n\n\t<section class=\"section\" id=\"section_1645330863\">\n\t\t<div class=\"section-bg fill\" >\n\t\t\t\t\t\t\t\t\t\n\t\t\t\n\n\t\t<\/div>\n\n\t\t\n\n\t\t<div class=\"section-content relative\">\n\t\t\t\n\n<div class=\"row align-middle\"  id=\"row-931935541\">\n\n\n\t<div id=\"col-1952046023\" class=\"col medium-8 small-12 large-8\"  >\n\t\t\t\t<div class=\"col-inner\"  >\n\t\t\t\n\t\t\t\n\n<h2 class=\"uppercase\" data-line-height=\"s\">Support you in your professional career<\/h2>\n<p>Tailor-made solutions<\/p>\n<p>Benk offers you tailor-made solutions according to your profile, your needs and the choice of your professional future.<\/p>\n<p>We can support you in:<\/p>\n<ul>\n<li>the choice of a professional career and a reorientation<\/li>\n<li>looking for an internship or apprenticeship<\/li>\n<li>preparation before job interviews<\/li>\n<li>the improvement of your level of French, your cover letters and CVs<\/li>\n<li>presence and personal attitude towards employers<\/li>\n<li>motivation, organization, self-confidence and performance improvement<\/li>\n<li>the development of mental strength in the face of change<\/li>\n<\/ul>\n\n\t\t<\/div>\n\t\t\t\t\t<\/div>\n\n\t\n\n\t<div id=\"col-176524595\" class=\"col medium-4 small-12 large-4\"  >\n\t\t\t\t<div class=\"col-inner\"  >\n\t\t\t\n\t\t\t\n\n\t<div class=\"img has-hover x md-x lg-x y md-y lg-y\" id=\"image_1694529173\">\n\t\t\t\t\t\t\t\t<div class=\"img-inner image-cover dark\" style=\"padding-top:75%;\">\n\t\t\t<img loading=\"lazy\" decoding=\"async\" width=\"1020\" height=\"680\" src=\"https:\/\/www.benk.ch\/wp-content\/uploads\/2019\/08\/31-1030x687.png\" class=\"attachment-large size-large\" alt=\"\" srcset=\"https:\/\/www.benk.ch\/wp-content\/uploads\/2019\/08\/31-1030x687.png 1030w, https:\/\/www.benk.ch\/wp-content\/uploads\/2019\/08\/31-510x340.png 510w, https:\/\/www.benk.ch\/wp-content\/uploads\/2019\/08\/31-300x200.png 300w, https:\/\/www.benk.ch\/wp-content\/uploads\/2019\/08\/31-768x512.png 768w, https:\/\/www.benk.ch\/wp-content\/uploads\/2019\/08\/31-1500x1000.png 1500w, https:\/\/www.benk.ch\/wp-content\/uploads\/2019\/08\/31-705x470.png 705w, https:\/\/www.benk.ch\/wp-content\/uploads\/2019\/08\/31.png 1920w\" sizes=\"auto, (max-width: 1020px) 100vw, 1020px\" \/>\t\t\t\t\t\t\n\t\t\t\t\t<\/div>\n\t\t\t\t\t\t\t\t\n<style>\n#image_1694529173 {\n  width: 100%;\n}\n<\/style>\n\t<\/div>\n\t\n\n\n\t\t<\/div>\n\t\t\t\t\t<\/div>\n\n\t\n\n<\/div>\n<div class=\"row\"  id=\"row-998196130\">\n\n\n\t<div id=\"col-89336706\" class=\"col small-12 large-12\"  >\n\t\t\t\t<div class=\"col-inner\"  >\n\t\t\t\n\t\t\t\n\n<p>Thus, throughout their career, <span style=\"color: #f99b1c;\"><strong>we support<\/strong><\/span> people who want to take stock of their <span style=\"color: #f99b1c;\"><strong>professional life<\/strong><\/span>, who want to reintegrate into the job market, whether through <span style=\"color: #f99b1c;\"><strong>personalized coaching, skills assessment, career management or job search<\/strong>.<\/span><\/p>\n<p>Benk\u2019s trainers support anyone who wants to return to training, study or apprenticeship. We develop targeted techniques to be more attentive, focused, attentive, confident, effective and to develop a more effective memory.<\/p>\n<p>Meeting administrative requirements in the school, professional and state sectors and better managing your budget, according to your personal and financial situation, are also part of the missions of Benk\u2019s trainers.<\/p>\n<a href=\"https:\/\/www.benk.ch\/en\/our-approach\/\" class=\"button primary lowercase\" style=\"border-radius:10px;\">\n\t\t<span>Read more<\/span>\n\t<\/a>\n\n\n\n\t\t<\/div>\n\t\t\t\t\t<\/div>\n\n\t\n\n<\/div>\n\n\t\t<\/div>\n\n\t\t\n<style>\n#section_1645330863 {\n  padding-top: 30px;\n  padding-bottom: 30px;\n}\n<\/style>\n\t<\/section>\n\t\n\n\t<section class=\"section\" id=\"section_1985491760\">\n\t\t<div class=\"section-bg fill\" >\n\t\t\t\t\t\t\t\t\t\n\t\t\t\n\n\t\t<\/div>\n\n\t\t\n\n\t\t<div class=\"section-content relative\">\n\t\t\t\n\n\n  <div class=\"banner has-hover\" id=\"banner-1597445429\">\n          <div class=\"banner-inner fill\">\n        <div class=\"banner-bg fill\" >\n            <img loading=\"lazy\" decoding=\"async\" width=\"1020\" height=\"573\" src=\"https:\/\/www.benk.ch\/wp-content\/uploads\/2021\/12\/Copie-de-Design-sans-nom-1030x579.png\" class=\"bg attachment-large size-large\" alt=\"\" \/>                        <div class=\"overlay\"><\/div>            \n                    <\/div>\n\t\t\n        <div class=\"banner-layers container\">\n            <div class=\"fill banner-link\"><\/div>            \n\n   <div id=\"text-box-332275788\" class=\"text-box banner-layer x50 md-x50 lg-x50 y50 md-y50 lg-y50 res-text\">\n                                <div class=\"text-box-content text dark\">\n              \n              <div class=\"text-inner text-center\">\n                  \n\n\t<div id=\"text-390434090\" class=\"text\">\n\t\t\n\n<h4 class=\"uppercase\">We are at your disposal for a personalized solution.<\/h4>\n\t\t\n<style>\n#text-390434090 {\n  line-height: 0.75;\n  text-align: center;\n}\n<\/style>\n\t<\/div>\n\t\n<a href=\"https:\/\/www.benk.ch\/prise-de-rendez-vous\/\" class=\"button primary lowercase\" style=\"border-radius:99px;\">\n\t\t<span>Contact us<\/span>\n\t<\/a>\n\n\n\n              <\/div>\n           <\/div>\n                            \n<style>\n#text-box-332275788 {\n  width: 95%;\n}\n#text-box-332275788 .text-box-content {\n  font-size: 100%;\n}\n<\/style>\n    <\/div>\n \n\n        <\/div>\n      <\/div>\n\n            \n<style>\n#banner-1597445429 {\n  padding-top: 150px;\n}\n#banner-1597445429 .overlay {\n  background-color: rgba(0, 0, 0, 0.221);\n}\n#banner-1597445429 .banner-bg img {\n  object-position: 10% 70%;\n}\n<\/style>\n  <\/div>\n\n\n\n\t\t<\/div>\n\n\t\t\n<style>\n#section_1985491760 {\n  padding-top: 0px;\n  padding-bottom: 0px;\n  background-color: rgb(0, 146, 213);\n}\n<\/style>\n\t<\/section>\n\t\n\t<div id=\"gap-1830934016\" class=\"gap-element clearfix\" style=\"display:block; height:auto;\">\n\t\t\n<style>\n#gap-1830934016 {\n  padding-top: 30px;\n}\n<\/style>\n\t<\/div>\n\t\n\n<div class=\"container section-title-container\" ><h3 class=\"section-title section-title-normal\"><b aria-hidden=\"true\"><\/b><span class=\"section-title-main\" >En relation avec le sujet<\/span><b aria-hidden=\"true\"><\/b><\/h3><\/div>\n\n\n\t<section class=\"section\" id=\"section_789157526\">\n\t\t<div class=\"section-bg fill\" >\n\t\t\t\t\t\t\t\t\t\n\t\t\t\n\n\t\t<\/div>\n\n\t\t\n\n\t\t<div class=\"section-content relative\">\n\t\t\t\n\n<div class=\"row\"  id=\"row-330095038\">\n\n\n\t<div id=\"col-906111136\" class=\"col medium-4 small-12 large-4\"  >\n\t\t\t\t<div class=\"col-inner\"  >\n\t\t\t\n\t\t\t\n\n\t<div class=\"img has-hover x md-x lg-x y md-y lg-y\" id=\"image_1800661258\">\n\t\t\t\t\t\t\t\t<div class=\"img-inner image-cover dark\" style=\"padding-top:75%;\">\n\t\t\t<img loading=\"lazy\" decoding=\"async\" width=\"1020\" height=\"680\" src=\"https:\/\/www.benk.ch\/wp-content\/uploads\/2019\/08\/Passeport-Naturalisation-1030x687.jpg\" class=\"attachment-large size-large\" alt=\"\" srcset=\"https:\/\/www.benk.ch\/wp-content\/uploads\/2019\/08\/Passeport-Naturalisation-1030x687.jpg 1030w, https:\/\/www.benk.ch\/wp-content\/uploads\/2019\/08\/Passeport-Naturalisation-510x340.jpg 510w, https:\/\/www.benk.ch\/wp-content\/uploads\/2019\/08\/Passeport-Naturalisation-300x200.jpg 300w, https:\/\/www.benk.ch\/wp-content\/uploads\/2019\/08\/Passeport-Naturalisation-768x512.jpg 768w, https:\/\/www.benk.ch\/wp-content\/uploads\/2019\/08\/Passeport-Naturalisation-1500x1000.jpg 1500w, https:\/\/www.benk.ch\/wp-content\/uploads\/2019\/08\/Passeport-Naturalisation-705x470.jpg 705w, https:\/\/www.benk.ch\/wp-content\/uploads\/2019\/08\/Passeport-Naturalisation.jpg 1920w\" sizes=\"auto, (max-width: 1020px) 100vw, 1020px\" \/>\t\t\t\t\t\t\n\t\t\t\t\t<\/div>\n\t\t\t\t\t\t\t\t\n<style>\n#image_1800661258 {\n  width: 100%;\n}\n<\/style>\n\t<\/div>\n\t\n\n<p>Vous souhaitez devenir Suisse ? Passer l\u2019examen de naturalisation ? Vous ne savez pas par o\u00f9 commencer et comment vous organiser ?&nbsp;Vous n\u2019avez pas assez de temps pour pr\u00e9parer l\u2019examen ?&nbsp;<\/p>\n<p>Nous avons les solutions qui vous gagneront du temps et de l\u2019\u00e9nergie.<\/p>\n<a href=\"https:\/\/www.benk.ch\/naturalisation\/examen-naturalisation\/\" class=\"button primary lowercase expand\" style=\"border-radius:10px;\">\n\t\t<span>La naturalisation suisse<\/span>\n\t<\/a>\n\n\n\n\t\t<\/div>\n\t\t\t\t\t<\/div>\n\n\t\n\n\t<div id=\"col-44162506\" class=\"col medium-4 small-12 large-4\"  >\n\t\t\t\t<div class=\"col-inner\"  >\n\t\t\t\n\t\t\t\n\n\t<div class=\"img has-hover x md-x lg-x y md-y lg-y\" id=\"image_1209962041\">\n\t\t\t\t\t\t\t\t<div class=\"img-inner image-cover dark\" style=\"padding-top:75%;\">\n\t\t\t<img loading=\"lazy\" decoding=\"async\" width=\"1020\" height=\"680\" src=\"https:\/\/www.benk.ch\/wp-content\/uploads\/2019\/08\/Sans-titre-3-1030x687.png\" class=\"attachment-large size-large\" alt=\"cours de fran\u00e7ais\" srcset=\"https:\/\/www.benk.ch\/wp-content\/uploads\/2019\/08\/Sans-titre-3-1030x687.png 1030w, https:\/\/www.benk.ch\/wp-content\/uploads\/2019\/08\/Sans-titre-3-510x340.png 510w, https:\/\/www.benk.ch\/wp-content\/uploads\/2019\/08\/Sans-titre-3-300x200.png 300w, https:\/\/www.benk.ch\/wp-content\/uploads\/2019\/08\/Sans-titre-3-768x512.png 768w, https:\/\/www.benk.ch\/wp-content\/uploads\/2019\/08\/Sans-titre-3-1500x1000.png 1500w, https:\/\/www.benk.ch\/wp-content\/uploads\/2019\/08\/Sans-titre-3-705x470.png 705w, https:\/\/www.benk.ch\/wp-content\/uploads\/2019\/08\/Sans-titre-3.png 1920w\" sizes=\"auto, (max-width: 1020px) 100vw, 1020px\" \/>\t\t\t\t\t\t\n\t\t\t\t\t<\/div>\n\t\t\t\t\t\t\t\t\n<style>\n#image_1209962041 {\n  width: 100%;\n}\n<\/style>\n\t<\/div>\n\t\n\n<p>L\u2019apprentissage d\u2019une langue est la cl\u00e9 pour augmenter ses comp\u00e9tences dans le cadre de sa carri\u00e8re professionnelle.&nbsp;Le fran\u00e7ais est utile pour l\u2019int\u00e9gration en Suisse romande que ce soit au niveau personnel, social, familial ou professionnel.&nbsp;L\u2019anglais, l\u2019allemand ou l\u2019italien pourront dynamiser votre CV.<\/p>\n<a href=\"https:\/\/www.benk.ch\/reservation-cours-adultes\/\" class=\"button primary lowercase expand\" style=\"border-radius:10px;\">\n\t\t<span>Cours de langues<\/span>\n\t<\/a>\n\n\n\n\t\t<\/div>\n\t\t\t\t\t<\/div>\n\n\t\n\n\t<div id=\"col-1166737551\" class=\"col medium-4 small-12 large-4\"  >\n\t\t\t\t<div class=\"col-inner\"  >\n\t\t\t\n\t\t\t\n\n\t<div class=\"img has-hover x md-x lg-x y md-y lg-y\" id=\"image_1730240354\">\n\t\t\t\t\t\t\t\t<div class=\"img-inner image-cover dark\" style=\"padding-top:75%;\">\n\t\t\t<img loading=\"lazy\" decoding=\"async\" width=\"1020\" height=\"680\" src=\"https:\/\/www.benk.ch\/wp-content\/uploads\/2019\/08\/Formation-enfants-autonomes-1030x687.jpg\" class=\"attachment-large size-large\" alt=\"\" srcset=\"https:\/\/www.benk.ch\/wp-content\/uploads\/2019\/08\/Formation-enfants-autonomes-1030x687.jpg 1030w, https:\/\/www.benk.ch\/wp-content\/uploads\/2019\/08\/Formation-enfants-autonomes-510x340.jpg 510w, https:\/\/www.benk.ch\/wp-content\/uploads\/2019\/08\/Formation-enfants-autonomes-300x200.jpg 300w, https:\/\/www.benk.ch\/wp-content\/uploads\/2019\/08\/Formation-enfants-autonomes-768x512.jpg 768w, https:\/\/www.benk.ch\/wp-content\/uploads\/2019\/08\/Formation-enfants-autonomes-1500x1000.jpg 1500w, https:\/\/www.benk.ch\/wp-content\/uploads\/2019\/08\/Formation-enfants-autonomes-705x470.jpg 705w, https:\/\/www.benk.ch\/wp-content\/uploads\/2019\/08\/Formation-enfants-autonomes.jpg 1920w\" sizes=\"auto, (max-width: 1020px) 100vw, 1020px\" \/>\t\t\t\t\t\t\n\t\t\t\t\t<\/div>\n\t\t\t\t\t\t\t\t\n<style>\n#image_1730240354 {\n  width: 100%;\n}\n<\/style>\n\t<\/div>\n\t\n\n<p>Qu\u2019est-ce que Benk.ch ?<br>Benk.ch respecte-t-il le plan d\u2019\u00e9tudes romand (PER) ? &nbsp;&nbsp;<\/p>\n<p>Quelle est la diff\u00e9rence avec les autres sites de soutien scolaire ? Quels sont les avantages de Benk.ch ? Pourquoi choisir le E-Learning ?<\/p>\n<a href=\"https:\/\/www.benk.ch\/benk-a-propos\/\" class=\"button primary lowercase expand\" style=\"border-radius:10px;\">\n\t\t<span>les r\u00e9ponses \u00e0 vos questions sur Benk<\/span>\n\t<\/a>\n\n\n\n\t\t<\/div>\n\t\t\t\t\t<\/div>\n\n\t\n\n<\/div>\n\n\t\t<\/div>\n\n\t\t\n<style>\n#section_789157526 {\n  padding-top: 30px;\n  padding-bottom: 30px;\n}\n<\/style>\n\t<\/section>\n\t\n","protected":false},"excerpt":{"rendered":"","protected":false},"author":2,"featured_media":0,"parent":0,"menu_order":0,"comment_status":"closed","ping_status":"closed","template":"page-blank.php","meta":{"inline_featured_image":false,"footnotes":""},"wf_page_folders":[],"class_list":["post-4542","page","type-page","status-publish","hentry"],"_links":{"self":[{"href":"https:\/\/www.benk.ch\/en\/wp-json\/wp\/v2\/pages\/4542","targetHints":{"allow":["GET"]}}],"collection":[{"href":"https:\/\/www.benk.ch\/en\/wp-json\/wp\/v2\/pages"}],"about":[{"href":"https:\/\/www.benk.ch\/en\/wp-json\/wp\/v2\/types\/page"}],"author":[{"embeddable":true,"href":"https:\/\/www.benk.ch\/en\/wp-json\/wp\/v2\/users\/2"}],"replies":[{"embeddable":true,"href":"https:\/\/www.benk.ch\/en\/wp-json\/wp\/v2\/comments?post=4542"}],"version-history":[{"count":0,"href":"https:\/\/www.benk.ch\/en\/wp-json\/wp\/v2\/pages\/4542\/revisions"}],"wp:attachment":[{"href":"https:\/\/www.benk.ch\/en\/wp-json\/wp\/v2\/media?parent=4542"}],"wp:term":[{"taxonomy":"wf_page_folders","embeddable":true,"href":"https:\/\/www.benk.ch\/en\/wp-json\/wp\/v2\/wf_page_folders?post=4542"}],"curies":[{"name":"wp","href":"https:\/\/api.w.org\/{rel}","templated":true}]}}