{"id":4530,"date":"2019-05-07T22:26:00","date_gmt":"2019-05-07T20:26:00","guid":{"rendered":"http:\/\/benk.ch\/solutions-pour-le-gymnase-college\/suivi-motivation-gymnase\/"},"modified":"2024-03-12T13:01:08","modified_gmt":"2024-03-12T12:01:08","slug":"suivi-motivation-gymnase","status":"publish","type":"page","link":"https:\/\/www.benk.ch\/en\/solutions-pour-le-gymnase-college\/suivi-motivation-gymnase\/","title":{"rendered":"Follow-up and motivation for Gymnase"},"content":{"rendered":"\n\n  <div class=\"banner has-hover\" id=\"banner-290070259\">\n          <div class=\"banner-inner fill\">\n        <div class=\"banner-bg fill\" >\n            <img loading=\"lazy\" decoding=\"async\" width=\"1020\" height=\"573\" src=\"https:\/\/www.benk.ch\/wp-content\/uploads\/2021\/12\/Copie-de-Design-sans-nom-1030x579.png\" class=\"bg attachment-large size-large\" alt=\"\" \/>                        <div class=\"overlay\"><\/div>            \n                    <\/div>\n\t\t\n        <div class=\"banner-layers container\">\n            <div class=\"fill banner-link\"><\/div>            \n\n   <div id=\"text-box-878603541\" class=\"text-box banner-layer x50 md-x50 lg-x50 y50 md-y50 lg-y50 res-text\">\n                                <div class=\"text-box-content text dark\">\n              \n              <div class=\"text-inner text-center\">\n                  \n\n\t<div id=\"text-1865958414\" class=\"text\">\n\t\t\n\n<h3 class=\"uppercase\">Follow-up and motivation for Gymnase<\/h3>\n<p>Customized solutions<\/p>\n\t\t\n<style>\n#text-1865958414 {\n  line-height: 0.75;\n  text-align: left;\n}\n<\/style>\n\t<\/div>\n\t\n\n              <\/div>\n           <\/div>\n                            \n<style>\n#text-box-878603541 {\n  width: 97%;\n}\n#text-box-878603541 .text-box-content {\n  font-size: 100%;\n}\n<\/style>\n    <\/div>\n \n\n        <\/div>\n      <\/div>\n\n            \n<style>\n#banner-290070259 {\n  padding-top: 150px;\n}\n#banner-290070259 .overlay {\n  background-color: rgba(0, 0, 0, 0.221);\n}\n#banner-290070259 .banner-bg img {\n  object-position: 10% 70%;\n}\n<\/style>\n  <\/div>\n\n\n\n\t<section class=\"section\" id=\"section_1817810899\">\n\t\t<div class=\"section-bg fill\" >\n\t\t\t\t\t\t\t\t\t\n\t\t\t\n\n\t\t<\/div>\n\n\t\t\n\n\t\t<div class=\"section-content relative\">\n\t\t\t\n\n<div class=\"row align-middle\"  id=\"row-1416230429\">\n\n\n\t<div id=\"col-513570077\" class=\"col medium-4 small-12 large-4\"  >\n\t\t\t\t<div class=\"col-inner\"  >\n\t\t\t\n\t\t\t\n\n\t<div class=\"img has-hover x md-x lg-x y md-y lg-y\" id=\"image_521206003\">\n\t\t\t\t\t\t\t\t<div class=\"img-inner image-cover dark\" style=\"padding-top:75%;\">\n\t\t\t<img loading=\"lazy\" decoding=\"async\" width=\"1020\" height=\"680\" src=\"https:\/\/www.benk.ch\/wp-content\/uploads\/2019\/08\/11-1030x687.png\" class=\"attachment-large size-large\" alt=\"\" srcset=\"https:\/\/www.benk.ch\/wp-content\/uploads\/2019\/08\/11-1030x687.png 1030w, https:\/\/www.benk.ch\/wp-content\/uploads\/2019\/08\/11-510x340.png 510w, https:\/\/www.benk.ch\/wp-content\/uploads\/2019\/08\/11-300x200.png 300w, https:\/\/www.benk.ch\/wp-content\/uploads\/2019\/08\/11-768x512.png 768w, https:\/\/www.benk.ch\/wp-content\/uploads\/2019\/08\/11-1500x1000.png 1500w, https:\/\/www.benk.ch\/wp-content\/uploads\/2019\/08\/11-705x470.png 705w, https:\/\/www.benk.ch\/wp-content\/uploads\/2019\/08\/11.png 1920w\" sizes=\"auto, (max-width: 1020px) 100vw, 1020px\" \/>\t\t\t\t\t\t\n\t\t\t\t\t<\/div>\n\t\t\t\t\t\t\t\t\n<style>\n#image_521206003 {\n  width: 100%;\n}\n<\/style>\n\t<\/div>\n\t\n\n\n\t\t<\/div>\n\t\t\t\t\t<\/div>\n\n\t\n\n\t<div id=\"col-111362980\" class=\"col medium-8 small-12 large-8\"  >\n\t\t\t\t<div class=\"col-inner\"  >\n\t\t\t\n\t\t\t\n\n<h2 class=\"uppercase\" style=\"text-align: left;\" data-line-height=\"s\">Support adapted to your level and your academic difficulties<\/h2>\n<p><strong>Gymnasians and collegians<\/strong><\/p>\n<p>How to increase your average? How to pass the exams? How can we manage the volume of work to be done without giving up or losing motivation?<\/p>\n<p>The requirements of gymnasiums\/colleges are high and only regular work throughout the year can ensure good test and examination results.<\/p>\n<p>Do you need academic and pedagogical support in relation to your academic difficulties, in terms of branches? Your fears block you and prevent you from moving forward?<br>You want to improve your skills in learning strategies. You want to<span style=\"color: #f99b1c;\"><strong> improve your confidence, motivation and state of mind<\/strong><\/span> when faced with the difficulties of the gymnase.<\/p>\n<p>Our <span style=\"color: #f99b1c;\"><strong>personal development methods<\/strong><\/span> related to schooling will allow you to manage your life on all fronts (family, social, personal and academic).<\/p>\n<a class=\"button primary lowercase\" style=\"border-radius:10px;\">\n\t\t<span>Our approach<\/span>\n\t<\/a>\n\n\n\n\t\t<\/div>\n\t\t\t\t\t<\/div>\n\n\t\n\n<\/div>\n\n\t\t<\/div>\n\n\t\t\n<style>\n#section_1817810899 {\n  padding-top: 30px;\n  padding-bottom: 30px;\n}\n<\/style>\n\t<\/section>\n\t\n\n\t<section class=\"section\" id=\"section_157618666\">\n\t\t<div class=\"section-bg fill\" >\n\t\t\t\t\t\t\t\t\t\n\t\t\t\n\n\t\t<\/div>\n\n\t\t\n\n\t\t<div class=\"section-content relative\">\n\t\t\t\n\n<div class=\"row align-middle\"  id=\"row-890907831\">\n\n\n\t<div id=\"col-1798701541\" class=\"col medium-8 small-12 large-8\"  >\n\t\t\t\t<div class=\"col-inner\"  >\n\t\t\t\n\t\t\t\n\n<h2 class=\"uppercase\" style=\"text-align: left;\" data-line-height=\"s\">Managing knowledge acquisition and motivation<\/h2>\n<p><strong>During the year or before the exams<\/strong><\/p>\n<p>Difficulties can arise quickly, starting in the first year. In this case, it is better to quickly implement solutions in order to spend the year without too many gaps.<\/p>\n<p>Sometimes, the drop in level occurs at the end of the year or before the exams. Indeed, in the face of a heavy workload or fatigue, <span style=\"color: #f99b1c;\"><strong>you have less energy or motivation and this will necessarily impact your morale and results.<\/strong><\/span><\/p>\n<p>Sometimes you have to repeat a year (repetition). So it is best to prepare before the recovery, in order to put in place strategies that will directly pay off and fill your gaps before the start of the school year.<\/p>\n<p><span style=\"color: #f99b1c;\"><strong>At any time, Benk\u2019s coaches can offer you solutions<\/strong><\/span> that will suit your specific difficulties and needs.<\/p>\n\n\t\t<\/div>\n\t\t\t\t\t<\/div>\n\n\t\n\n\t<div id=\"col-1677171609\" class=\"col medium-4 small-12 large-4\"  >\n\t\t\t\t<div class=\"col-inner\"  >\n\t\t\t\n\t\t\t\n\n\t<div class=\"img has-hover x md-x lg-x y md-y lg-y\" id=\"image_1876183092\">\n\t\t\t\t\t\t\t\t<div class=\"img-inner image-cover dark\" style=\"padding-top:75%;\">\n\t\t\t<img loading=\"lazy\" decoding=\"async\" width=\"1020\" height=\"1020\" src=\"https:\/\/www.benk.ch\/wp-content\/uploads\/2022\/02\/36-1030x1030.jpg\" class=\"attachment-large size-large\" alt=\"\" srcset=\"https:\/\/www.benk.ch\/wp-content\/uploads\/2022\/02\/36-1030x1030.jpg 1030w, https:\/\/www.benk.ch\/wp-content\/uploads\/2022\/02\/36-100x100.jpg 100w, https:\/\/www.benk.ch\/wp-content\/uploads\/2022\/02\/36-510x510.jpg 510w, https:\/\/www.benk.ch\/wp-content\/uploads\/2022\/02\/36-300x300.jpg 300w, https:\/\/www.benk.ch\/wp-content\/uploads\/2022\/02\/36-80x80.jpg 80w, https:\/\/www.benk.ch\/wp-content\/uploads\/2022\/02\/36-768x768.jpg 768w, https:\/\/www.benk.ch\/wp-content\/uploads\/2022\/02\/36.jpg 1080w\" sizes=\"auto, (max-width: 1020px) 100vw, 1020px\" \/>\t\t\t\t\t\t\n\t\t\t\t\t<\/div>\n\t\t\t\t\t\t\t\t\n<style>\n#image_1876183092 {\n  width: 100%;\n}\n<\/style>\n\t<\/div>\n\t\n\n\n\t\t<\/div>\n\t\t\t\t\t<\/div>\n\n\t\n\n<\/div>\n\n\t\t<\/div>\n\n\t\t\n<style>\n#section_157618666 {\n  padding-top: 30px;\n  padding-bottom: 30px;\n  background-color: rgb(248, 248, 248);\n}\n<\/style>\n\t<\/section>\n\t\n<div class=\"slider-wrapper relative\" id=\"slider-1651448398\" >\n    <div class=\"slider slider-nav-circle slider-nav-large slider-nav-light slider-style-normal\"\n        data-flickity-options='{\n            \"cellAlign\": \"center\",\n            \"imagesLoaded\": true,\n            \"lazyLoad\": 1,\n            \"freeScroll\": false,\n            \"wrapAround\": true,\n            \"autoPlay\": 6000,\n            \"pauseAutoPlayOnHover\" : true,\n            \"prevNextButtons\": true,\n            \"contain\" : true,\n            \"adaptiveHeight\" : true,\n            \"dragThreshold\" : 10,\n            \"percentPosition\": true,\n            \"pageDots\": true,\n            \"rightToLeft\": false,\n            \"draggable\": true,\n            \"selectedAttraction\": 0.1,\n            \"parallax\" : 0,\n            \"friction\": 0.6        }'\n        >\n        \n\n\n  <div class=\"banner has-hover\" id=\"banner-1212939279\">\n          <div class=\"banner-inner fill\">\n        <div class=\"banner-bg fill\" >\n            <img loading=\"lazy\" decoding=\"async\" width=\"1020\" height=\"573\" src=\"https:\/\/www.benk.ch\/wp-content\/uploads\/2021\/12\/Copie-de-Design-sans-nom-1030x579.png\" class=\"bg attachment-large size-large\" alt=\"\" \/>                        <div class=\"overlay\"><\/div>            \n                    <\/div>\n\t\t\n        <div class=\"banner-layers container\">\n            <div class=\"fill banner-link\"><\/div>            \n\n   <div id=\"text-box-739049070\" class=\"text-box banner-layer x50 md-x50 lg-x50 y50 md-y50 lg-y50 res-text\">\n                                <div class=\"text-box-content text dark\">\n              \n              <div class=\"text-inner text-center\">\n                  \n\n\t<div id=\"text-2658945151\" class=\"text\">\n\t\t\n\n<p>Pas facile d\u2019aider mon fils au Gymnase, le niveau est \u00e9lev\u00e9 et le programme va vite. Mike avait besoin de motivation et d\u2019un suivi r\u00e9gulier.<\/p>\n<p>Un grand merci \u00e0 Benk qui nous a trouv\u00e9 des solutions pour chaque \u00e9tape.<\/p>\n\t\t\n<style>\n#text-2658945151 {\n  line-height: 0.75;\n  text-align: center;\n}\n<\/style>\n\t<\/div>\n\t\n\t<div id=\"text-190631379\" class=\"text\">\n\t\t\n\n<p style=\"text-align: center;\"><strong>Bernard, papa de Michael<\/strong><\/p>\n\t\t\n<style>\n#text-190631379 {\n  line-height: 0.75;\n}\n<\/style>\n\t<\/div>\n\t\n\n              <\/div>\n           <\/div>\n                            \n<style>\n#text-box-739049070 {\n  width: 95%;\n}\n#text-box-739049070 .text-box-content {\n  font-size: 100%;\n}\n<\/style>\n    <\/div>\n \n\n        <\/div>\n      <\/div>\n\n            \n<style>\n#banner-1212939279 {\n  padding-top: 280px;\n}\n#banner-1212939279 .overlay {\n  background-color: rgba(0, 0, 0, 0.221);\n}\n#banner-1212939279 .banner-bg img {\n  object-position: 10% 70%;\n}\n<\/style>\n  <\/div>\n\n\n\n     <\/div>\n\n     <div class=\"loading-spin dark large centered\"><\/div>\n\n\t<\/div>\n\n\n\t<div id=\"gap-599393605\" class=\"gap-element clearfix\" style=\"display:block; height:auto;\">\n\t\t\n<style>\n#gap-599393605 {\n  padding-top: 30px;\n}\n<\/style>\n\t<\/div>\n\t\n\n<div class=\"container section-title-container\" ><h3 class=\"section-title section-title-normal\"><b aria-hidden=\"true\"><\/b><span class=\"section-title-main\" >En relation avec le sujet<\/span><b aria-hidden=\"true\"><\/b><\/h3><\/div>\n\n\n\t<section class=\"section\" id=\"section_175209679\">\n\t\t<div class=\"section-bg fill\" >\n\t\t\t\t\t\t\t\t\t\n\t\t\t\n\n\t\t<\/div>\n\n\t\t\n\n\t\t<div class=\"section-content relative\">\n\t\t\t\n\n<div class=\"row\"  id=\"row-1054425912\">\n\n\n\t<div id=\"col-916037345\" class=\"col medium-4 small-12 large-4\"  >\n\t\t\t\t<div class=\"col-inner\"  >\n\t\t\t\n\t\t\t\n\n\t<div class=\"img has-hover x md-x lg-x y md-y lg-y\" id=\"image_505332120\">\n\t\t\t\t\t\t\t\t<div class=\"img-inner image-cover dark\" style=\"padding-top:75%;\">\n\t\t\t<img loading=\"lazy\" decoding=\"async\" width=\"1020\" height=\"680\" src=\"https:\/\/www.benk.ch\/wp-content\/uploads\/2019\/08\/3-1030x687.png\" class=\"attachment-large size-large\" alt=\"Soutien scolaire HPI\" srcset=\"https:\/\/www.benk.ch\/wp-content\/uploads\/2019\/08\/3-1030x687.png 1030w, https:\/\/www.benk.ch\/wp-content\/uploads\/2019\/08\/3-510x340.png 510w, https:\/\/www.benk.ch\/wp-content\/uploads\/2019\/08\/3-300x200.png 300w, https:\/\/www.benk.ch\/wp-content\/uploads\/2019\/08\/3-768x512.png 768w, https:\/\/www.benk.ch\/wp-content\/uploads\/2019\/08\/3-1500x1000.png 1500w, https:\/\/www.benk.ch\/wp-content\/uploads\/2019\/08\/3-705x470.png 705w, https:\/\/www.benk.ch\/wp-content\/uploads\/2019\/08\/3.png 1920w\" sizes=\"auto, (max-width: 1020px) 100vw, 1020px\" \/>\t\t\t\t\t\t\n\t\t\t\t\t<\/div>\n\t\t\t\t\t\t\t\t\n<style>\n#image_505332120 {\n  width: 100%;\n}\n<\/style>\n\t<\/div>\n\t\n\n<p>Etre \u00e0 \u00ab&nbsp;haut potentiel&nbsp;\u00bb (HP) signifie avoir un rythme de d\u00e9veloppement intellectuel nettement sup\u00e9rieur \u00e0 la moyenne de son \u00e2ge et r\u00e9agir selon une intelligence \u00e9motionnelle surd\u00e9velopp\u00e9e.<\/p>\n<p>&nbsp;<\/p>\n<a class=\"button primary lowercase expand\" style=\"border-radius:10px;\">\n\t\t<span>Les Hauts Potentiels (HP)<\/span>\n\t<\/a>\n\n\n\n\t\t<\/div>\n\t\t\t\t\t<\/div>\n\n\t\n\n\t<div id=\"col-1006452061\" class=\"col medium-4 small-12 large-4\"  >\n\t\t\t\t<div class=\"col-inner\"  >\n\t\t\t\n\t\t\t\n\n\t<div class=\"img has-hover x md-x lg-x y md-y lg-y\" id=\"image_314505478\">\n\t\t\t\t\t\t\t\t<div class=\"img-inner image-cover dark\" style=\"padding-top:75%;\">\n\t\t\t<img loading=\"lazy\" decoding=\"async\" width=\"640\" height=\"400\" src=\"https:\/\/www.benk.ch\/wp-content\/uploads\/2019\/02\/formation_enfants_autonomes.jpg\" class=\"attachment-large size-large\" alt=\"\" srcset=\"https:\/\/www.benk.ch\/wp-content\/uploads\/2019\/02\/formation_enfants_autonomes.jpg 640w, https:\/\/www.benk.ch\/wp-content\/uploads\/2019\/02\/formation_enfants_autonomes-510x319.jpg 510w, https:\/\/www.benk.ch\/wp-content\/uploads\/2019\/02\/formation_enfants_autonomes-300x188.jpg 300w\" sizes=\"auto, (max-width: 640px) 100vw, 640px\" \/>\t\t\t\t\t\t\n\t\t\t\t\t<\/div>\n\t\t\t\t\t\t\t\t\n<style>\n#image_314505478 {\n  width: 100%;\n}\n<\/style>\n\t<\/div>\n\t\n\n<p>Troubles \u00ab&nbsp;dys&nbsp;\u00bb, dyslexie, dysorthographie, dysgraphie ou dyscalculie \u2026<\/p>\n<p>nos solutions concr\u00e8tes.<\/p>\n<a class=\"button primary lowercase expand\" style=\"border-radius:10px;\">\n\t\t<span>Les enfants DYS<\/span>\n\t<\/a>\n\n\n\n\t\t<\/div>\n\t\t\t\t\t<\/div>\n\n\t\n\n\t<div id=\"col-1074064471\" class=\"col medium-4 small-12 large-4\"  >\n\t\t\t\t<div class=\"col-inner\"  >\n\t\t\t\n\t\t\t\n\n\t<div class=\"img has-hover x md-x lg-x y md-y lg-y\" id=\"image_804204030\">\n\t\t\t\t\t\t\t\t<div class=\"img-inner image-cover dark\" style=\"padding-top:75%;\">\n\t\t\t<img loading=\"lazy\" decoding=\"async\" width=\"1020\" height=\"680\" src=\"https:\/\/www.benk.ch\/wp-content\/uploads\/2019\/08\/4-1030x687.png\" class=\"attachment-large size-large\" alt=\"\" srcset=\"https:\/\/www.benk.ch\/wp-content\/uploads\/2019\/08\/4-1030x687.png 1030w, https:\/\/www.benk.ch\/wp-content\/uploads\/2019\/08\/4-510x340.png 510w, https:\/\/www.benk.ch\/wp-content\/uploads\/2019\/08\/4-300x200.png 300w, https:\/\/www.benk.ch\/wp-content\/uploads\/2019\/08\/4-768x512.png 768w, https:\/\/www.benk.ch\/wp-content\/uploads\/2019\/08\/4-1500x1000.png 1500w, https:\/\/www.benk.ch\/wp-content\/uploads\/2019\/08\/4-705x470.png 705w, https:\/\/www.benk.ch\/wp-content\/uploads\/2019\/08\/4.png 1920w\" sizes=\"auto, (max-width: 1020px) 100vw, 1020px\" \/>\t\t\t\t\t\t\n\t\t\t\t\t<\/div>\n\t\t\t\t\t\t\t\t\n<style>\n#image_804204030 {\n  width: 100%;\n}\n<\/style>\n\t<\/div>\n\t\n\n<p>Comment g\u00e9rer les acc\u00e8s aux \u00e9crans pour nos enfants ? Quelles sont les r\u00e8gles \u00e0 adopter ?<br>Quelles sont les limites \u00e0 respecter ?<\/p>\n<a class=\"button primary lowercase expand\" style=\"border-radius:10px;\">\n\t\t<span>Les addictions<\/span>\n\t<\/a>\n\n\n\n\t\t<\/div>\n\t\t\t\t\t<\/div>\n\n\t\n\n<\/div>\n\n\t\t<\/div>\n\n\t\t\n<style>\n#section_175209679 {\n  padding-top: 30px;\n  padding-bottom: 30px;\n}\n<\/style>\n\t<\/section>\n\t\n","protected":false},"excerpt":{"rendered":"","protected":false},"author":2,"featured_media":0,"parent":4458,"menu_order":0,"comment_status":"closed","ping_status":"closed","template":"page-blank.php","meta":{"inline_featured_image":false,"footnotes":""},"wf_page_folders":[],"class_list":["post-4530","page","type-page","status-publish","hentry"],"_links":{"self":[{"href":"https:\/\/www.benk.ch\/en\/wp-json\/wp\/v2\/pages\/4530","targetHints":{"allow":["GET"]}}],"collection":[{"href":"https:\/\/www.benk.ch\/en\/wp-json\/wp\/v2\/pages"}],"about":[{"href":"https:\/\/www.benk.ch\/en\/wp-json\/wp\/v2\/types\/page"}],"author":[{"embeddable":true,"href":"https:\/\/www.benk.ch\/en\/wp-json\/wp\/v2\/users\/2"}],"replies":[{"embeddable":true,"href":"https:\/\/www.benk.ch\/en\/wp-json\/wp\/v2\/comments?post=4530"}],"version-history":[{"count":0,"href":"https:\/\/www.benk.ch\/en\/wp-json\/wp\/v2\/pages\/4530\/revisions"}],"up":[{"embeddable":true,"href":"https:\/\/www.benk.ch\/en\/wp-json\/wp\/v2\/pages\/4458"}],"wp:attachment":[{"href":"https:\/\/www.benk.ch\/en\/wp-json\/wp\/v2\/media?parent=4530"}],"wp:term":[{"taxonomy":"wf_page_folders","embeddable":true,"href":"https:\/\/www.benk.ch\/en\/wp-json\/wp\/v2\/wf_page_folders?post=4530"}],"curies":[{"name":"wp","href":"https:\/\/api.w.org\/{rel}","templated":true}]}}