{"id":4524,"date":"2019-05-07T22:23:39","date_gmt":"2019-05-07T20:23:39","guid":{"rendered":"http:\/\/benk.ch\/solutions-pour-le-gymnase-college\/soutien-scolaire-pour-le-gymnase-college\/"},"modified":"2024-03-12T13:01:08","modified_gmt":"2024-03-12T12:01:08","slug":"soutien-scolaire-pour-le-gymnase-college","status":"publish","type":"page","link":"https:\/\/www.benk.ch\/en\/solutions-pour-le-gymnase-college\/soutien-scolaire-pour-le-gymnase-college\/","title":{"rendered":"Tutoring for gymnasium\/college"},"content":{"rendered":"\n\n  <div class=\"banner has-hover\" id=\"banner-1888705846\">\n          <div class=\"banner-inner fill\">\n        <div class=\"banner-bg fill\" >\n            <img loading=\"lazy\" decoding=\"async\" width=\"1020\" height=\"573\" src=\"https:\/\/www.benk.ch\/wp-content\/uploads\/2021\/12\/Copie-de-Design-sans-nom-1030x579.png\" class=\"bg attachment-large size-large\" alt=\"\" \/>                        <div class=\"overlay\"><\/div>            \n                    <\/div>\n\t\t\n        <div class=\"banner-layers container\">\n            <div class=\"fill banner-link\"><\/div>            \n\n   <div id=\"text-box-1329686362\" class=\"text-box banner-layer x50 md-x50 lg-x50 y50 md-y50 lg-y50 res-text\">\n                                <div class=\"text-box-content text dark\">\n              \n              <div class=\"text-inner text-center\">\n                  \n\n\t<div id=\"text-2001290889\" class=\"text\">\n\t\t\n\n<h3 class=\"uppercase\">Academic support for the Gymnase \/ college<\/h3>\n<p>Solutions according to your needs<\/p>\n\t\t\n<style>\n#text-2001290889 {\n  line-height: 0.75;\n  text-align: left;\n}\n<\/style>\n\t<\/div>\n\t\n\n              <\/div>\n           <\/div>\n                            \n<style>\n#text-box-1329686362 {\n  width: 97%;\n}\n#text-box-1329686362 .text-box-content {\n  font-size: 100%;\n}\n<\/style>\n    <\/div>\n \n\n        <\/div>\n      <\/div>\n\n            \n<style>\n#banner-1888705846 {\n  padding-top: 150px;\n}\n#banner-1888705846 .overlay {\n  background-color: rgba(0, 0, 0, 0.221);\n}\n#banner-1888705846 .banner-bg img {\n  object-position: 10% 70%;\n}\n<\/style>\n  <\/div>\n\n\n\n\t<section class=\"section\" id=\"section_724012168\">\n\t\t<div class=\"section-bg fill\" >\n\t\t\t\t\t\t\t\t\t\n\t\t\t\n\n\t\t<\/div>\n\n\t\t\n\n\t\t<div class=\"section-content relative\">\n\t\t\t\n\n<div class=\"row align-middle\"  id=\"row-119805074\">\n\n\n\t<div id=\"col-567108431\" class=\"col medium-4 small-12 large-4\"  >\n\t\t\t\t<div class=\"col-inner\"  >\n\t\t\t\n\t\t\t\n\n\t<div class=\"img has-hover x md-x lg-x y md-y lg-y\" id=\"image_1580802073\">\n\t\t\t\t\t\t\t\t<div class=\"img-inner image-cover dark\" style=\"padding-top:75%;\">\n\t\t\t<img loading=\"lazy\" decoding=\"async\" width=\"1020\" height=\"680\" src=\"https:\/\/www.benk.ch\/wp-content\/uploads\/2019\/08\/15-1030x687.png\" class=\"attachment-large size-large\" alt=\"\" srcset=\"https:\/\/www.benk.ch\/wp-content\/uploads\/2019\/08\/15-1030x687.png 1030w, https:\/\/www.benk.ch\/wp-content\/uploads\/2019\/08\/15-510x340.png 510w, https:\/\/www.benk.ch\/wp-content\/uploads\/2019\/08\/15-300x200.png 300w, https:\/\/www.benk.ch\/wp-content\/uploads\/2019\/08\/15-768x512.png 768w, https:\/\/www.benk.ch\/wp-content\/uploads\/2019\/08\/15-1500x1000.png 1500w, https:\/\/www.benk.ch\/wp-content\/uploads\/2019\/08\/15-705x470.png 705w, https:\/\/www.benk.ch\/wp-content\/uploads\/2019\/08\/15.png 1920w\" sizes=\"auto, (max-width: 1020px) 100vw, 1020px\" \/>\t\t\t\t\t\t\n\t\t\t\t\t<\/div>\n\t\t\t\t\t\t\t\t\n<style>\n#image_1580802073 {\n  width: 100%;\n}\n<\/style>\n\t<\/div>\n\t\n\n\n\t\t<\/div>\n\t\t\t\t\t<\/div>\n\n\t\n\n\t<div id=\"col-1220909534\" class=\"col medium-8 small-12 large-8\"  >\n\t\t\t\t<div class=\"col-inner\"  >\n\t\t\t\n\t\t\t\n\n<h2 class=\"uppercase\" style=\"text-align: left;\" data-line-height=\"s\">Looking for help with your studies in the Gymnase ?<\/h2>\n<p><strong>A method that corresponds to your field of study<\/strong><\/p>\n<p>Do you feel overwhelmed by the amount of information to be integrated? Do you find some branches difficult to assimilate?<\/p>\n<p>You cannot be good in all subjects and you need specific support for certain branches or subjects.<\/p>\n<p>When there is a lack of interest in a sector, it becomes difficult to concentrate well and remain attentive. You are looking to develop learning techniques or tools to stimulate your motivation.<\/p>\n<p>Difficulties during the gymnase period can be diverse. A complete assessment defining your learning and skills profile will allow you to better understand yourself, to know yourself.<\/p>\n<p>At Benk, we have tailor-made solutions that suit you.<\/p>\n\n\t\t<\/div>\n\t\t\t\t\t<\/div>\n\n\t\n\n<\/div>\n\n\t\t<\/div>\n\n\t\t\n<style>\n#section_724012168 {\n  padding-top: 30px;\n  padding-bottom: 30px;\n}\n<\/style>\n\t<\/section>\n\t\n\n\t<section class=\"section\" id=\"section_1399231728\">\n\t\t<div class=\"section-bg fill\" >\n\t\t\t\t\t\t\t\t\t\n\t\t\t\n\n\t\t<\/div>\n\n\t\t\n\n\t\t<div class=\"section-content relative\">\n\t\t\t\n\n<div class=\"row align-middle\"  id=\"row-1833281665\">\n\n\n\t<div id=\"col-404492854\" class=\"col medium-8 small-12 large-8\"  >\n\t\t\t\t<div class=\"col-inner\"  >\n\t\t\t\n\t\t\t\n\n<h2 class=\"uppercase\" style=\"text-align: left;\" data-line-height=\"s\">Reacting to succeed in the gymnase<\/h2>\n<p><strong>Implement the right learning strategies in the gymnase<\/strong><\/p>\n<p>What are your difficulties ? Your objectives ? Your strengths and weaknesses ?<\/p>\n<p>It is always best to do this in advance if you notice that your level is falling or your learning strategies are not working.<\/p>\n<p><span style=\"color: #f99b1c;\"><strong>A refresher course<\/strong><\/span> is always useful at any time. Depending on your motivation and the means you put in place to achieve your objectives, the results can be very quick.<\/p>\n<p>No matter what the year or time, if you choose to react to regain your self-confidence and find greater motivation in your studies, Benk\u2019s coaches are there to support you according to your needs.<\/p>\n<p>What tools do you need to put in place ? What<span style=\"color: #f99b1c;\"><strong> learning strategies<\/strong><\/span> work for you ?<\/p>\n<p>Our school and pedagogical assessment can help you to better understand how you work and find solutions that will provide you with appropriate solutions.<\/p>\n<a href=\"https:\/\/www.benk.ch\/en\/our-approach\/\" class=\"button primary lowercase\" style=\"border-radius:10px;\">\n\t\t<span>En savoir plus<\/span>\n\t<\/a>\n\n\n\n\t\t<\/div>\n\t\t\t\t\t<\/div>\n\n\t\n\n\t<div id=\"col-2128719034\" class=\"col medium-4 small-12 large-4\"  >\n\t\t\t\t<div class=\"col-inner\"  >\n\t\t\t\n\t\t\t\n\n\t<div class=\"img has-hover x md-x lg-x y md-y lg-y\" id=\"image_1761730786\">\n\t\t\t\t\t\t\t\t<div class=\"img-inner image-cover dark\" style=\"padding-top:75%;\">\n\t\t\t<img loading=\"lazy\" decoding=\"async\" width=\"1020\" height=\"680\" src=\"https:\/\/www.benk.ch\/wp-content\/uploads\/2019\/08\/12-1030x687.png\" class=\"attachment-large size-large\" alt=\"\" srcset=\"https:\/\/www.benk.ch\/wp-content\/uploads\/2019\/08\/12-1030x687.png 1030w, https:\/\/www.benk.ch\/wp-content\/uploads\/2019\/08\/12-510x340.png 510w, https:\/\/www.benk.ch\/wp-content\/uploads\/2019\/08\/12-300x200.png 300w, https:\/\/www.benk.ch\/wp-content\/uploads\/2019\/08\/12-768x512.png 768w, https:\/\/www.benk.ch\/wp-content\/uploads\/2019\/08\/12-1500x1000.png 1500w, https:\/\/www.benk.ch\/wp-content\/uploads\/2019\/08\/12-705x470.png 705w, https:\/\/www.benk.ch\/wp-content\/uploads\/2019\/08\/12.png 1920w\" sizes=\"auto, (max-width: 1020px) 100vw, 1020px\" \/>\t\t\t\t\t\t\n\t\t\t\t\t<\/div>\n\t\t\t\t\t\t\t\t\n<style>\n#image_1761730786 {\n  width: 100%;\n}\n<\/style>\n\t<\/div>\n\t\n\n\n\t\t<\/div>\n\t\t\t\t\t<\/div>\n\n\t\n\n<\/div>\n\n\t\t<\/div>\n\n\t\t\n<style>\n#section_1399231728 {\n  padding-top: 30px;\n  padding-bottom: 30px;\n  background-color: rgb(248, 248, 248);\n}\n<\/style>\n\t<\/section>\n\t\n<div class=\"slider-wrapper relative\" id=\"slider-1039284710\" >\n    <div class=\"slider slider-nav-circle slider-nav-large slider-nav-light slider-style-normal\"\n        data-flickity-options='{\n            \"cellAlign\": \"center\",\n            \"imagesLoaded\": true,\n            \"lazyLoad\": 1,\n            \"freeScroll\": false,\n            \"wrapAround\": true,\n            \"autoPlay\": 6000,\n            \"pauseAutoPlayOnHover\" : true,\n            \"prevNextButtons\": true,\n            \"contain\" : true,\n            \"adaptiveHeight\" : true,\n            \"dragThreshold\" : 10,\n            \"percentPosition\": true,\n            \"pageDots\": true,\n            \"rightToLeft\": false,\n            \"draggable\": true,\n            \"selectedAttraction\": 0.1,\n            \"parallax\" : 0,\n            \"friction\": 0.6        }'\n        >\n        \n\n\n  <div class=\"banner has-hover\" id=\"banner-668837309\">\n          <div class=\"banner-inner fill\">\n        <div class=\"banner-bg fill\" >\n            <img loading=\"lazy\" decoding=\"async\" width=\"1020\" height=\"573\" src=\"https:\/\/www.benk.ch\/wp-content\/uploads\/2021\/12\/Copie-de-Design-sans-nom-1030x579.png\" class=\"bg attachment-large size-large\" alt=\"\" \/>                        <div class=\"overlay\"><\/div>            \n                    <\/div>\n\t\t\n        <div class=\"banner-layers container\">\n            <div class=\"fill banner-link\"><\/div>            \n\n   <div id=\"text-box-930260014\" class=\"text-box banner-layer x50 md-x50 lg-x50 y50 md-y50 lg-y50 res-text\">\n                                <div class=\"text-box-content text dark\">\n              \n              <div class=\"text-inner text-center\">\n                  \n\n\t<div id=\"text-3036309743\" class=\"text\">\n\t\t\n\n<p style=\"text-align: center;\">Le coach Benk a compris mes probl\u00e8mes personnels et scolaires.<\/p>\n<p style=\"text-align: center;\">Il m\u2019a donn\u00e9 des outils que j\u2019utilise toujours en classe et \u00e0 la maison.<\/p>\n<p style=\"text-align: center;\">Ma mani\u00e8re d\u2019\u00e9tudier et de penser a chang\u00e9.<\/p>\n\t\t\n<style>\n#text-3036309743 {\n  line-height: 0.75;\n  text-align: center;\n}\n<\/style>\n\t<\/div>\n\t\n\t<div id=\"text-2212988123\" class=\"text\">\n\t\t\n\n<p style=\"text-align: center;\"><strong>Romain 17 ans<\/strong><\/p>\n\t\t\n<style>\n#text-2212988123 {\n  line-height: 0.75;\n}\n<\/style>\n\t<\/div>\n\t\n\n              <\/div>\n           <\/div>\n                            \n<style>\n#text-box-930260014 {\n  width: 95%;\n}\n#text-box-930260014 .text-box-content {\n  font-size: 100%;\n}\n<\/style>\n    <\/div>\n \n\n        <\/div>\n      <\/div>\n\n            \n<style>\n#banner-668837309 {\n  padding-top: 280px;\n}\n#banner-668837309 .overlay {\n  background-color: rgba(0, 0, 0, 0.221);\n}\n#banner-668837309 .banner-bg img {\n  object-position: 10% 70%;\n}\n<\/style>\n  <\/div>\n\n\n\n     <\/div>\n\n     <div class=\"loading-spin dark large centered\"><\/div>\n\n\t<\/div>\n\n\n\t<div id=\"gap-1490047527\" class=\"gap-element clearfix\" style=\"display:block; height:auto;\">\n\t\t\n<style>\n#gap-1490047527 {\n  padding-top: 30px;\n}\n<\/style>\n\t<\/div>\n\t\n\n<div class=\"container section-title-container\" ><h3 class=\"section-title section-title-normal\"><b aria-hidden=\"true\"><\/b><span class=\"section-title-main\" >En relation avec le sujet<\/span><b aria-hidden=\"true\"><\/b><\/h3><\/div>\n\n\n\t<section class=\"section\" id=\"section_488706374\">\n\t\t<div class=\"section-bg fill\" >\n\t\t\t\t\t\t\t\t\t\n\t\t\t\n\n\t\t<\/div>\n\n\t\t\n\n\t\t<div class=\"section-content relative\">\n\t\t\t\n\n<div class=\"row\"  id=\"row-566567809\">\n\n\n\t<div id=\"col-411574218\" class=\"col medium-4 small-12 large-4\"  >\n\t\t\t\t<div class=\"col-inner\"  >\n\t\t\t\n\t\t\t\n\n\t<div class=\"img has-hover x md-x lg-x y md-y lg-y\" id=\"image_559090503\">\n\t\t\t\t\t\t\t\t<div class=\"img-inner image-cover dark\" style=\"padding-top:75%;\">\n\t\t\t<img loading=\"lazy\" decoding=\"async\" width=\"1020\" height=\"680\" src=\"https:\/\/www.benk.ch\/wp-content\/uploads\/2019\/08\/3-1030x687.png\" class=\"attachment-large size-large\" alt=\"Soutien scolaire HPI\" srcset=\"https:\/\/www.benk.ch\/wp-content\/uploads\/2019\/08\/3-1030x687.png 1030w, https:\/\/www.benk.ch\/wp-content\/uploads\/2019\/08\/3-510x340.png 510w, https:\/\/www.benk.ch\/wp-content\/uploads\/2019\/08\/3-300x200.png 300w, https:\/\/www.benk.ch\/wp-content\/uploads\/2019\/08\/3-768x512.png 768w, https:\/\/www.benk.ch\/wp-content\/uploads\/2019\/08\/3-1500x1000.png 1500w, https:\/\/www.benk.ch\/wp-content\/uploads\/2019\/08\/3-705x470.png 705w, https:\/\/www.benk.ch\/wp-content\/uploads\/2019\/08\/3.png 1920w\" sizes=\"auto, (max-width: 1020px) 100vw, 1020px\" \/>\t\t\t\t\t\t\n\t\t\t\t\t<\/div>\n\t\t\t\t\t\t\t\t\n<style>\n#image_559090503 {\n  width: 100%;\n}\n<\/style>\n\t<\/div>\n\t\n\n<p>Etre \u00e0 \u00ab&nbsp;haut potentiel&nbsp;\u00bb (HP) veut dire avoir un rythme de d\u00e9veloppement intellectuel nettement sup\u00e9rieur \u00e0 la moyenne de son \u00e2ge, ce qui influence sa vie scolaire, sociale, familiale et professionnelle.<\/p>\n<p>&nbsp;<\/p>\n<a href=\"https:\/\/www.benk.ch\/solutions-de-soutien-personnalisees-pour-les-enfants\/haut-potentiel-enfant\/\" class=\"button primary lowercase expand\" style=\"border-radius:10px;\">\n\t\t<span>Les Hauts Potentiels (HP)<\/span>\n\t<\/a>\n\n\n\n\t\t<\/div>\n\t\t\t\t\t<\/div>\n\n\t\n\n\t<div id=\"col-1421582096\" class=\"col medium-4 small-12 large-4\"  >\n\t\t\t\t<div class=\"col-inner\"  >\n\t\t\t\n\t\t\t\n\n\t<div class=\"img has-hover x md-x lg-x y md-y lg-y\" id=\"image_1033192667\">\n\t\t\t\t\t\t\t\t<div class=\"img-inner image-cover dark\" style=\"padding-top:75%;\">\n\t\t\t<img loading=\"lazy\" decoding=\"async\" width=\"640\" height=\"400\" src=\"https:\/\/www.benk.ch\/wp-content\/uploads\/2019\/02\/formation_enfants_autonomes.jpg\" class=\"attachment-large size-large\" alt=\"\" srcset=\"https:\/\/www.benk.ch\/wp-content\/uploads\/2019\/02\/formation_enfants_autonomes.jpg 640w, https:\/\/www.benk.ch\/wp-content\/uploads\/2019\/02\/formation_enfants_autonomes-510x319.jpg 510w, https:\/\/www.benk.ch\/wp-content\/uploads\/2019\/02\/formation_enfants_autonomes-300x188.jpg 300w\" sizes=\"auto, (max-width: 640px) 100vw, 640px\" \/>\t\t\t\t\t\t\n\t\t\t\t\t<\/div>\n\t\t\t\t\t\t\t\t\n<style>\n#image_1033192667 {\n  width: 100%;\n}\n<\/style>\n\t<\/div>\n\t\n\n<p>Troubles \u00ab&nbsp;dys&nbsp;\u00bb, dyslexie, dysorthographie, dysgraphie ou dyscalculie \u2026<\/p>\n<p>nos solutions concr\u00e8tes.<\/p>\n<a href=\"https:\/\/www.benk.ch\/solutions-de-soutien-personnalisees-pour-les-enfants\/les-enfants-dys\/\" class=\"button primary lowercase expand\" style=\"border-radius:10px;\">\n\t\t<span>Les enfants DYS<\/span>\n\t<\/a>\n\n\n\n\t\t<\/div>\n\t\t\t\t\t<\/div>\n\n\t\n\n\t<div id=\"col-1123340522\" class=\"col medium-4 small-12 large-4\"  >\n\t\t\t\t<div class=\"col-inner\"  >\n\t\t\t\n\t\t\t\n\n\t<div class=\"img has-hover x md-x lg-x y md-y lg-y\" id=\"image_1474822712\">\n\t\t\t\t\t\t\t\t<div class=\"img-inner image-cover dark\" style=\"padding-top:75%;\">\n\t\t\t<img loading=\"lazy\" decoding=\"async\" width=\"1020\" height=\"680\" src=\"https:\/\/www.benk.ch\/wp-content\/uploads\/2019\/08\/4-1030x687.png\" class=\"attachment-large size-large\" alt=\"\" srcset=\"https:\/\/www.benk.ch\/wp-content\/uploads\/2019\/08\/4-1030x687.png 1030w, https:\/\/www.benk.ch\/wp-content\/uploads\/2019\/08\/4-510x340.png 510w, https:\/\/www.benk.ch\/wp-content\/uploads\/2019\/08\/4-300x200.png 300w, https:\/\/www.benk.ch\/wp-content\/uploads\/2019\/08\/4-768x512.png 768w, https:\/\/www.benk.ch\/wp-content\/uploads\/2019\/08\/4-1500x1000.png 1500w, https:\/\/www.benk.ch\/wp-content\/uploads\/2019\/08\/4-705x470.png 705w, https:\/\/www.benk.ch\/wp-content\/uploads\/2019\/08\/4.png 1920w\" sizes=\"auto, (max-width: 1020px) 100vw, 1020px\" \/>\t\t\t\t\t\t\n\t\t\t\t\t<\/div>\n\t\t\t\t\t\t\t\t\n<style>\n#image_1474822712 {\n  width: 100%;\n}\n<\/style>\n\t<\/div>\n\t\n\n<p>Comment g\u00e9rer les acc\u00e8s aux \u00e9crans pour nos enfants ?<\/p>\n<p>Quelles sont les r\u00e8gles \u00e0 adopter ?&nbsp; Quelles sont les limites \u00e0 respecter?&nbsp;<\/p>\n<a href=\"https:\/\/www.benk.ch\/solutions-de-soutien-personnalisees-pour-les-enfants\/addiction-ecrans-enfants\/\" class=\"button primary lowercase expand\" style=\"border-radius:10px;\">\n\t\t<span>Les addictions<\/span>\n\t<\/a>\n\n\n\n\t\t<\/div>\n\t\t\t\t\t<\/div>\n\n\t\n\n<\/div>\n\n\t\t<\/div>\n\n\t\t\n<style>\n#section_488706374 {\n  padding-top: 30px;\n  padding-bottom: 30px;\n}\n<\/style>\n\t<\/section>\n\t\n","protected":false},"excerpt":{"rendered":"","protected":false},"author":2,"featured_media":0,"parent":4458,"menu_order":0,"comment_status":"closed","ping_status":"closed","template":"page-blank.php","meta":{"inline_featured_image":false,"footnotes":""},"wf_page_folders":[],"class_list":["post-4524","page","type-page","status-publish","hentry"],"_links":{"self":[{"href":"https:\/\/www.benk.ch\/en\/wp-json\/wp\/v2\/pages\/4524","targetHints":{"allow":["GET"]}}],"collection":[{"href":"https:\/\/www.benk.ch\/en\/wp-json\/wp\/v2\/pages"}],"about":[{"href":"https:\/\/www.benk.ch\/en\/wp-json\/wp\/v2\/types\/page"}],"author":[{"embeddable":true,"href":"https:\/\/www.benk.ch\/en\/wp-json\/wp\/v2\/users\/2"}],"replies":[{"embeddable":true,"href":"https:\/\/www.benk.ch\/en\/wp-json\/wp\/v2\/comments?post=4524"}],"version-history":[{"count":0,"href":"https:\/\/www.benk.ch\/en\/wp-json\/wp\/v2\/pages\/4524\/revisions"}],"up":[{"embeddable":true,"href":"https:\/\/www.benk.ch\/en\/wp-json\/wp\/v2\/pages\/4458"}],"wp:attachment":[{"href":"https:\/\/www.benk.ch\/en\/wp-json\/wp\/v2\/media?parent=4524"}],"wp:term":[{"taxonomy":"wf_page_folders","embeddable":true,"href":"https:\/\/www.benk.ch\/en\/wp-json\/wp\/v2\/wf_page_folders?post=4524"}],"curies":[{"name":"wp","href":"https:\/\/api.w.org\/{rel}","templated":true}]}}