{"id":4494,"date":"2019-06-12T14:02:19","date_gmt":"2019-06-12T12:02:19","guid":{"rendered":"http:\/\/benk.ch\/soutien-aux-apprentis\/decrochage-scolaire-apprenti\/"},"modified":"2024-03-12T13:03:51","modified_gmt":"2024-03-12T12:03:51","slug":"decrochage-scolaire-apprenti","status":"publish","type":"page","link":"https:\/\/www.benk.ch\/en\/soutien-aux-apprentis\/decrochage-scolaire-apprenti\/","title":{"rendered":"Apprentices &#8211; Dropping out of school"},"content":{"rendered":"\n\n  <div class=\"banner has-hover\" id=\"banner-1682124155\">\n          <div class=\"banner-inner fill\">\n        <div class=\"banner-bg fill\" >\n            <img loading=\"lazy\" decoding=\"async\" width=\"1020\" height=\"573\" src=\"https:\/\/www.benk.ch\/wp-content\/uploads\/2021\/12\/Copie-de-Design-sans-nom-1030x579.png\" class=\"bg attachment-large size-large\" alt=\"\" \/>                        <div class=\"overlay\"><\/div>            \n                    <\/div>\n\t\t\n        <div class=\"banner-layers container\">\n            <div class=\"fill banner-link\"><\/div>            \n\n   <div id=\"text-box-1929323758\" class=\"text-box banner-layer x50 md-x50 lg-x50 y50 md-y50 lg-y50 res-text\">\n                                <div class=\"text-box-content text dark\">\n              \n              <div class=\"text-inner text-center\">\n                  \n\n\t<div id=\"text-3630208958\" class=\"text\">\n\t\t\n\n<h3 class=\"uppercase\">Apprentices and school drop-outs<\/h3>\n<p>Sometimes the chosen profession is not suitable<\/p>\n\t\t\n<style>\n#text-3630208958 {\n  line-height: 0.75;\n  text-align: left;\n}\n<\/style>\n\t<\/div>\n\t\n\n              <\/div>\n           <\/div>\n                            \n<style>\n#text-box-1929323758 {\n  width: 97%;\n}\n#text-box-1929323758 .text-box-content {\n  font-size: 100%;\n}\n<\/style>\n    <\/div>\n \n\n        <\/div>\n      <\/div>\n\n            \n<style>\n#banner-1682124155 {\n  padding-top: 150px;\n}\n#banner-1682124155 .overlay {\n  background-color: rgba(0, 0, 0, 0.221);\n}\n#banner-1682124155 .banner-bg img {\n  object-position: 10% 70%;\n}\n<\/style>\n  <\/div>\n\n\n\n\t<section class=\"section\" id=\"section_758830015\">\n\t\t<div class=\"section-bg fill\" >\n\t\t\t\t\t\t\t\t\t\n\t\t\t\n\n\t\t<\/div>\n\n\t\t\n\n\t\t<div class=\"section-content relative\">\n\t\t\t\n\n<div class=\"row align-middle\"  id=\"row-1028729378\">\n\n\n\t<div id=\"col-694123399\" class=\"col medium-4 small-12 large-4\"  >\n\t\t\t\t<div class=\"col-inner\"  >\n\t\t\t\n\t\t\t\n\n\t<div class=\"img has-hover x md-x lg-x y md-y lg-y\" id=\"image_531193854\">\n\t\t\t\t\t\t\t\t<div class=\"img-inner image-cover dark\" style=\"padding-top:75%;\">\n\t\t\t<img loading=\"lazy\" decoding=\"async\" width=\"640\" height=\"400\" src=\"https:\/\/www.benk.ch\/wp-content\/uploads\/2019\/05\/formation_adulte_autonomes2.jpg\" class=\"attachment-large size-large\" alt=\"\" srcset=\"https:\/\/www.benk.ch\/wp-content\/uploads\/2019\/05\/formation_adulte_autonomes2.jpg 640w, https:\/\/www.benk.ch\/wp-content\/uploads\/2019\/05\/formation_adulte_autonomes2-510x319.jpg 510w, https:\/\/www.benk.ch\/wp-content\/uploads\/2019\/05\/formation_adulte_autonomes2-300x188.jpg 300w\" sizes=\"auto, (max-width: 640px) 100vw, 640px\" \/>\t\t\t\t\t\t\n\t\t\t\t\t<\/div>\n\t\t\t\t\t\t\t\t\n<style>\n#image_531193854 {\n  width: 100%;\n}\n<\/style>\n\t<\/div>\n\t\n\n\n\t\t<\/div>\n\t\t\t\t\t<\/div>\n\n\t\n\n\t<div id=\"col-2086657259\" class=\"col medium-8 small-12 large-8\"  >\n\t\t\t\t<div class=\"col-inner\"  >\n\t\t\t\n\t\t\t\n\n<h2 class=\"uppercase\" style=\"text-align: left;\" data-line-height=\"s\">What to do about early school leaving as an apprenticeship ?<\/h2>\n<p><strong>Dealing with lack of motivation<\/strong><\/p>\n<p>School drop-out occurs when the trade is not suitable or when the apprentice is faced with personal difficulties: learning disabilities, attention disorders, concentration disorders, dyslexia, dyscalculia, lack of motivation, loss of self-confidence or screen addiction\u2026<\/p>\n<p>Dropout is most often a school dropout because in companies, the manager often makes it possible to maintain a good level of work and assiduity to complete tasks correctly.<\/p>\n<p>In these situations, a rapid academic reframing is essential in order to improve one\u2019s performance before the end of the semester or to consider a reorientation.<\/p>\n\n\t\t<\/div>\n\t\t\t\t\t<\/div>\n\n\t\n\n<\/div>\n\n\t\t<\/div>\n\n\t\t\n<style>\n#section_758830015 {\n  padding-top: 30px;\n  padding-bottom: 30px;\n}\n<\/style>\n\t<\/section>\n\t\n\n\t<section class=\"section\" id=\"section_1940048022\">\n\t\t<div class=\"section-bg fill\" >\n\t\t\t\t\t\t\t\t\t\n\t\t\t\n\n\t\t<\/div>\n\n\t\t\n\n\t\t<div class=\"section-content relative\">\n\t\t\t\n\n<div class=\"row align-middle\"  id=\"row-1231380890\">\n\n\n\t<div id=\"col-1532651140\" class=\"col medium-8 small-12 large-8\"  >\n\t\t\t\t<div class=\"col-inner\"  >\n\t\t\t\n\t\t\t\n\n<h2 class=\"uppercase\" style=\"text-align: left;\" data-line-height=\"s\">What to do about early school leaving as an apprenticeship ?<\/h2>\n<p><strong>Help you to react effectively<\/strong><\/p>\n<p><span style=\"color: #f99b1c;\"><strong>School drop-out<\/strong><\/span> occurs when the trade is not suitable or when the apprentice is faced with <span style=\"color: #f99b1c;\"><strong>personal difficulties:<\/strong><\/span> learning disabilities, attention disorders, concentration disorders, dyslexia, dyscalculia, lack of motivation, loss of self-confidence or screen addiction\u2026<\/p>\n<p>Dropout is most often a school dropout because in companies,<span style=\"color: #f99b1c;\"><strong> the framework<\/strong> <\/span>makes it possible to maintain a good level of work and attendance.<\/p>\n<p>As soon as a branch begins to decline, rapid school reframing is essential in order to improve its performance before the end of the semester or <span style=\"color: #f99b1c;\"><strong>to consider a reorientation.<\/strong><\/span><\/p>\n<p><span style=\"color: #f99b1c;\"><strong>Benk\u2019s certified coaches support you at any time<\/strong><\/span> during your school year, to raise your overall average or to help you prepare for your exams.<\/p>\n<a href=\"https:\/\/www.benk.ch\/en\/our-approach\/\" class=\"button primary lowercase\" style=\"border-radius:10px;\">\n\t\t<span>Our solutions<\/span>\n\t<\/a>\n\n\n\n\t\t<\/div>\n\t\t\t\t\t<\/div>\n\n\t\n\n\t<div id=\"col-33277276\" class=\"col medium-4 small-12 large-4\"  >\n\t\t\t\t<div class=\"col-inner\"  >\n\t\t\t\n\t\t\t\n\n\t<div class=\"img has-hover x md-x lg-x y md-y lg-y\" id=\"image_376730336\">\n\t\t\t\t\t\t\t\t<div class=\"img-inner image-cover dark\" style=\"padding-top:75%;\">\n\t\t\t<img loading=\"lazy\" decoding=\"async\" width=\"1020\" height=\"680\" src=\"https:\/\/www.benk.ch\/wp-content\/uploads\/2019\/09\/18-1030x687.jpg\" class=\"attachment-large size-large\" alt=\"\" srcset=\"https:\/\/www.benk.ch\/wp-content\/uploads\/2019\/09\/18-1030x687.jpg 1030w, https:\/\/www.benk.ch\/wp-content\/uploads\/2019\/09\/18-510x340.jpg 510w, https:\/\/www.benk.ch\/wp-content\/uploads\/2019\/09\/18-300x200.jpg 300w, https:\/\/www.benk.ch\/wp-content\/uploads\/2019\/09\/18-768x512.jpg 768w, https:\/\/www.benk.ch\/wp-content\/uploads\/2019\/09\/18-1500x1000.jpg 1500w, https:\/\/www.benk.ch\/wp-content\/uploads\/2019\/09\/18-705x470.jpg 705w, https:\/\/www.benk.ch\/wp-content\/uploads\/2019\/09\/18.jpg 1920w\" sizes=\"auto, (max-width: 1020px) 100vw, 1020px\" \/>\t\t\t\t\t\t\n\t\t\t\t\t<\/div>\n\t\t\t\t\t\t\t\t\n<style>\n#image_376730336 {\n  width: 100%;\n}\n<\/style>\n\t<\/div>\n\t\n\n\n\t\t<\/div>\n\t\t\t\t\t<\/div>\n\n\t\n\n<\/div>\n\n\t\t<\/div>\n\n\t\t\n<style>\n#section_1940048022 {\n  padding-top: 30px;\n  padding-bottom: 30px;\n  background-color: rgb(248, 248, 248);\n}\n<\/style>\n\t<\/section>\n\t\n<div class=\"slider-wrapper relative\" id=\"slider-1448434333\" >\n    <div class=\"slider slider-nav-circle slider-nav-large slider-nav-light slider-style-normal\"\n        data-flickity-options='{\n            \"cellAlign\": \"center\",\n            \"imagesLoaded\": true,\n            \"lazyLoad\": 1,\n            \"freeScroll\": false,\n            \"wrapAround\": true,\n            \"autoPlay\": 6000,\n            \"pauseAutoPlayOnHover\" : true,\n            \"prevNextButtons\": true,\n            \"contain\" : true,\n            \"adaptiveHeight\" : true,\n            \"dragThreshold\" : 10,\n            \"percentPosition\": true,\n            \"pageDots\": true,\n            \"rightToLeft\": false,\n            \"draggable\": true,\n            \"selectedAttraction\": 0.1,\n            \"parallax\" : 0,\n            \"friction\": 0.6        }'\n        >\n        \n\n\n  <div class=\"banner has-hover\" id=\"banner-439290803\">\n          <div class=\"banner-inner fill\">\n        <div class=\"banner-bg fill\" >\n            <img loading=\"lazy\" decoding=\"async\" width=\"1020\" height=\"573\" src=\"https:\/\/www.benk.ch\/wp-content\/uploads\/2021\/12\/Copie-de-Design-sans-nom-1030x579.png\" class=\"bg attachment-large size-large\" alt=\"\" \/>                        <div class=\"overlay\"><\/div>            \n                    <\/div>\n\t\t\n        <div class=\"banner-layers container\">\n            <div class=\"fill banner-link\"><\/div>            \n\n   <div id=\"text-box-1932703949\" class=\"text-box banner-layer x50 md-x50 lg-x50 y50 md-y50 lg-y50 res-text\">\n                                <div class=\"text-box-content text dark\">\n              \n              <div class=\"text-inner text-center\">\n                  \n\n\t<div id=\"text-3575156893\" class=\"text\">\n\t\t\n\n<p style=\"text-align: center;\">Avant je ne voulais pas \u00e9tudier,<\/p>\n<p style=\"text-align: center;\">maintenant, gr\u00e2ce \u00e0 Benk, je vais obtenir mon CFC.<\/p>\n\t\t\n<style>\n#text-3575156893 {\n  line-height: 0.75;\n  text-align: center;\n}\n<\/style>\n\t<\/div>\n\t\n\t<div id=\"text-1059586415\" class=\"text\">\n\t\t\n\n<p style=\"text-align: center;\">Claudio, 25 ans<\/p>\n\t\t\n<style>\n#text-1059586415 {\n  line-height: 0.75;\n}\n<\/style>\n\t<\/div>\n\t\n\n              <\/div>\n           <\/div>\n                            \n<style>\n#text-box-1932703949 {\n  width: 95%;\n}\n#text-box-1932703949 .text-box-content {\n  font-size: 100%;\n}\n<\/style>\n    <\/div>\n \n\n        <\/div>\n      <\/div>\n\n            \n<style>\n#banner-439290803 {\n  padding-top: 280px;\n}\n#banner-439290803 .overlay {\n  background-color: rgba(0, 0, 0, 0.221);\n}\n#banner-439290803 .banner-bg img {\n  object-position: 10% 70%;\n}\n<\/style>\n  <\/div>\n\n\n\n     <\/div>\n\n     <div class=\"loading-spin dark large centered\"><\/div>\n\n\t<\/div>\n\n\n\t<div id=\"gap-2035168693\" class=\"gap-element clearfix\" style=\"display:block; height:auto;\">\n\t\t\n<style>\n#gap-2035168693 {\n  padding-top: 30px;\n}\n<\/style>\n\t<\/div>\n\t\n\n<div class=\"container section-title-container\" ><h3 class=\"section-title section-title-normal\"><b aria-hidden=\"true\"><\/b><span class=\"section-title-main\" >En relation avec le sujet<\/span><b aria-hidden=\"true\"><\/b><\/h3><\/div>\n\n\n\t<section class=\"section\" id=\"section_1473998391\">\n\t\t<div class=\"section-bg fill\" >\n\t\t\t\t\t\t\t\t\t\n\t\t\t\n\n\t\t<\/div>\n\n\t\t\n\n\t\t<div class=\"section-content relative\">\n\t\t\t\n\n<div class=\"row\"  id=\"row-91898940\">\n\n\n\t<div id=\"col-203310530\" class=\"col medium-4 small-12 large-4\"  >\n\t\t\t\t<div class=\"col-inner\"  >\n\t\t\t\n\t\t\t\n\n\t<div class=\"img has-hover x md-x lg-x y md-y lg-y\" id=\"image_1184890135\">\n\t\t\t\t\t\t\t\t<div class=\"img-inner image-cover dark\" style=\"padding-top:75%;\">\n\t\t\t<img loading=\"lazy\" decoding=\"async\" width=\"1020\" height=\"680\" src=\"https:\/\/www.benk.ch\/wp-content\/uploads\/2019\/08\/3-1030x687.png\" class=\"attachment-large size-large\" alt=\"Soutien scolaire HPI\" srcset=\"https:\/\/www.benk.ch\/wp-content\/uploads\/2019\/08\/3-1030x687.png 1030w, https:\/\/www.benk.ch\/wp-content\/uploads\/2019\/08\/3-510x340.png 510w, https:\/\/www.benk.ch\/wp-content\/uploads\/2019\/08\/3-300x200.png 300w, https:\/\/www.benk.ch\/wp-content\/uploads\/2019\/08\/3-768x512.png 768w, https:\/\/www.benk.ch\/wp-content\/uploads\/2019\/08\/3-1500x1000.png 1500w, https:\/\/www.benk.ch\/wp-content\/uploads\/2019\/08\/3-705x470.png 705w, https:\/\/www.benk.ch\/wp-content\/uploads\/2019\/08\/3.png 1920w\" sizes=\"auto, (max-width: 1020px) 100vw, 1020px\" \/>\t\t\t\t\t\t\n\t\t\t\t\t<\/div>\n\t\t\t\t\t\t\t\t\n<style>\n#image_1184890135 {\n  width: 100%;\n}\n<\/style>\n\t<\/div>\n\t\n\n<p>Etre \u00ab&nbsp;haut potentiel&nbsp;\u00bb (HP), \u00ab&nbsp;surdou\u00e9&nbsp;\u00bb ou \u00ab&nbsp;z\u00e8bre&nbsp;\u00bb c\u2019est avoir un rythme de d\u00e9veloppement intellectuel nettement sup\u00e9rieur \u00e0 la moyenne. Cette particularit\u00e9 influe aussi sur tous les aspects d\u2019une vie (scolaire, social, familial et professionnel).<\/p>\n<a href=\"https:\/\/www.benk.ch\/solutions-de-soutien-personnalisees-pour-les-enfants\/haut-potentiel-enfant\/\" class=\"button primary lowercase expand\" style=\"border-radius:10px;\">\n\t\t<span>Les Hauts Potentiels (HP)<\/span>\n\t<\/a>\n\n\n\n\t\t<\/div>\n\t\t\t\t\t<\/div>\n\n\t\n\n\t<div id=\"col-83027855\" class=\"col medium-4 small-12 large-4\"  >\n\t\t\t\t<div class=\"col-inner\"  >\n\t\t\t\n\t\t\t\n\n\t<div class=\"img has-hover x md-x lg-x y md-y lg-y\" id=\"image_1416680356\">\n\t\t\t\t\t\t\t\t<div class=\"img-inner image-cover dark\" style=\"padding-top:75%;\">\n\t\t\t<img loading=\"lazy\" decoding=\"async\" width=\"640\" height=\"400\" src=\"https:\/\/www.benk.ch\/wp-content\/uploads\/2019\/02\/formation_enfants_autonomes.jpg\" class=\"attachment-large size-large\" alt=\"\" srcset=\"https:\/\/www.benk.ch\/wp-content\/uploads\/2019\/02\/formation_enfants_autonomes.jpg 640w, https:\/\/www.benk.ch\/wp-content\/uploads\/2019\/02\/formation_enfants_autonomes-510x319.jpg 510w, https:\/\/www.benk.ch\/wp-content\/uploads\/2019\/02\/formation_enfants_autonomes-300x188.jpg 300w\" sizes=\"auto, (max-width: 640px) 100vw, 640px\" \/>\t\t\t\t\t\t\n\t\t\t\t\t<\/div>\n\t\t\t\t\t\t\t\t\n<style>\n#image_1416680356 {\n  width: 100%;\n}\n<\/style>\n\t<\/div>\n\t\n\n<p>Votre enfant est-il concern\u00e9 par la dyslexie, la dysorthographie, la dysgraphie ou la dyscalculie etc. ?<\/p>\n<p>Chez Benk, nous avons des solutions concr\u00e8tes.<\/p>\n<a href=\"https:\/\/www.benk.ch\/solutions-de-soutien-personnalisees-pour-les-enfants\/les-enfants-dys\/\" class=\"button primary lowercase expand\" style=\"border-radius:10px;\">\n\t\t<span>Les enfants DYS<\/span>\n\t<\/a>\n\n\n\n\t\t<\/div>\n\t\t\t\t\t<\/div>\n\n\t\n\n\t<div id=\"col-1059354277\" class=\"col medium-4 small-12 large-4\"  >\n\t\t\t\t<div class=\"col-inner\"  >\n\t\t\t\n\t\t\t\n\n\t<div class=\"img has-hover x md-x lg-x y md-y lg-y\" id=\"image_1770097421\">\n\t\t\t\t\t\t\t\t<div class=\"img-inner image-cover dark\" style=\"padding-top:75%;\">\n\t\t\t<img loading=\"lazy\" decoding=\"async\" width=\"1020\" height=\"680\" src=\"https:\/\/www.benk.ch\/wp-content\/uploads\/2019\/08\/4-1030x687.png\" class=\"attachment-large size-large\" alt=\"\" srcset=\"https:\/\/www.benk.ch\/wp-content\/uploads\/2019\/08\/4-1030x687.png 1030w, https:\/\/www.benk.ch\/wp-content\/uploads\/2019\/08\/4-510x340.png 510w, https:\/\/www.benk.ch\/wp-content\/uploads\/2019\/08\/4-300x200.png 300w, https:\/\/www.benk.ch\/wp-content\/uploads\/2019\/08\/4-768x512.png 768w, https:\/\/www.benk.ch\/wp-content\/uploads\/2019\/08\/4-1500x1000.png 1500w, https:\/\/www.benk.ch\/wp-content\/uploads\/2019\/08\/4-705x470.png 705w, https:\/\/www.benk.ch\/wp-content\/uploads\/2019\/08\/4.png 1920w\" sizes=\"auto, (max-width: 1020px) 100vw, 1020px\" \/>\t\t\t\t\t\t\n\t\t\t\t\t<\/div>\n\t\t\t\t\t\t\t\t\n<style>\n#image_1770097421 {\n  width: 100%;\n}\n<\/style>\n\t<\/div>\n\t\n\n<p>Mon enfant est-il \u00ab&nbsp;accro&nbsp;\u00bb aux \u00e9crans ? Comment g\u00e9rer ses acc\u00e8s aux \u00e9crans ?<\/p>\n<p>Quelles sont les limites \u00e0 respecter ?<\/p>\n<p>Les r\u00e8gles \u00e0 adopter ?<\/p>\n<a href=\"https:\/\/www.benk.ch\/solutions-de-soutien-personnalisees-pour-les-enfants\/addiction-ecrans-enfants\/\" class=\"button primary lowercase expand\" style=\"border-radius:10px;\">\n\t\t<span>Les addictions<\/span>\n\t<\/a>\n\n\n\n\t\t<\/div>\n\t\t\t\t\t<\/div>\n\n\t\n\n<\/div>\n\n\t\t<\/div>\n\n\t\t\n<style>\n#section_1473998391 {\n  padding-top: 30px;\n  padding-bottom: 30px;\n}\n<\/style>\n\t<\/section>\n\t\n","protected":false},"excerpt":{"rendered":"","protected":false},"author":2,"featured_media":0,"parent":4448,"menu_order":0,"comment_status":"closed","ping_status":"closed","template":"page-blank.php","meta":{"inline_featured_image":false,"footnotes":""},"wf_page_folders":[],"class_list":["post-4494","page","type-page","status-publish","hentry"],"_links":{"self":[{"href":"https:\/\/www.benk.ch\/en\/wp-json\/wp\/v2\/pages\/4494","targetHints":{"allow":["GET"]}}],"collection":[{"href":"https:\/\/www.benk.ch\/en\/wp-json\/wp\/v2\/pages"}],"about":[{"href":"https:\/\/www.benk.ch\/en\/wp-json\/wp\/v2\/types\/page"}],"author":[{"embeddable":true,"href":"https:\/\/www.benk.ch\/en\/wp-json\/wp\/v2\/users\/2"}],"replies":[{"embeddable":true,"href":"https:\/\/www.benk.ch\/en\/wp-json\/wp\/v2\/comments?post=4494"}],"version-history":[{"count":0,"href":"https:\/\/www.benk.ch\/en\/wp-json\/wp\/v2\/pages\/4494\/revisions"}],"up":[{"embeddable":true,"href":"https:\/\/www.benk.ch\/en\/wp-json\/wp\/v2\/pages\/4448"}],"wp:attachment":[{"href":"https:\/\/www.benk.ch\/en\/wp-json\/wp\/v2\/media?parent=4494"}],"wp:term":[{"taxonomy":"wf_page_folders","embeddable":true,"href":"https:\/\/www.benk.ch\/en\/wp-json\/wp\/v2\/wf_page_folders?post=4494"}],"curies":[{"name":"wp","href":"https:\/\/api.w.org\/{rel}","templated":true}]}}