{"id":4488,"date":"2019-05-07T21:01:50","date_gmt":"2019-05-07T19:01:50","guid":{"rendered":"http:\/\/benk.ch\/soutien-aux-apprentis\/soutien-scolaire-aux-apprentis\/"},"modified":"2024-03-12T12:57:46","modified_gmt":"2024-03-12T11:57:46","slug":"soutien-scolaire-aux-apprentis","status":"publish","type":"page","link":"https:\/\/www.benk.ch\/en\/soutien-aux-apprentis\/soutien-scolaire-aux-apprentis\/","title":{"rendered":"Tutoring for apprentices"},"content":{"rendered":"\n\n  <div class=\"banner has-hover\" id=\"banner-1781231008\">\n          <div class=\"banner-inner fill\">\n        <div class=\"banner-bg fill\" >\n            <img loading=\"lazy\" decoding=\"async\" width=\"1020\" height=\"573\" src=\"https:\/\/www.benk.ch\/wp-content\/uploads\/2021\/12\/Copie-de-Design-sans-nom-1030x579.png\" class=\"bg attachment-large size-large\" alt=\"\" \/>                        <div class=\"overlay\"><\/div>            \n                    <\/div>\n\t\t\n        <div class=\"banner-layers container\">\n            <div class=\"fill banner-link\"><\/div>            \n\n   <div id=\"text-box-1773260566\" class=\"text-box banner-layer x50 md-x50 lg-x50 y50 md-y50 lg-y50 res-text\">\n                                <div class=\"text-box-content text dark\">\n              \n              <div class=\"text-inner text-center\">\n                  \n\n\t<div id=\"text-3962646275\" class=\"text\">\n\t\t\n\n<h3 class=\"uppercase\">School support for apprentices<\/h3>\n<p>Support adapted to needs<\/p>\n\t\t\n<style>\n#text-3962646275 {\n  line-height: 0.75;\n  text-align: left;\n}\n<\/style>\n\t<\/div>\n\t\n\n              <\/div>\n           <\/div>\n                            \n<style>\n#text-box-1773260566 {\n  width: 97%;\n}\n#text-box-1773260566 .text-box-content {\n  font-size: 100%;\n}\n<\/style>\n    <\/div>\n \n\n        <\/div>\n      <\/div>\n\n            \n<style>\n#banner-1781231008 {\n  padding-top: 150px;\n}\n#banner-1781231008 .overlay {\n  background-color: rgba(0, 0, 0, 0.221);\n}\n#banner-1781231008 .banner-bg img {\n  object-position: 10% 70%;\n}\n<\/style>\n  <\/div>\n\n\n\n\t<section class=\"section\" id=\"section_529568208\">\n\t\t<div class=\"section-bg fill\" >\n\t\t\t\t\t\t\t\t\t\n\t\t\t\n\n\t\t<\/div>\n\n\t\t\n\n\t\t<div class=\"section-content relative\">\n\t\t\t\n\n<div class=\"row align-middle\"  id=\"row-1473090285\">\n\n\n\t<div id=\"col-2133546577\" class=\"col medium-4 small-12 large-4\"  >\n\t\t\t\t<div class=\"col-inner\"  >\n\t\t\t\n\t\t\t\n\n\t<div class=\"img has-hover x md-x lg-x y md-y lg-y\" id=\"image_2139059635\">\n\t\t\t\t\t\t\t\t<div class=\"img-inner image-cover dark\" style=\"padding-top:75%;\">\n\t\t\t<img loading=\"lazy\" decoding=\"async\" width=\"1020\" height=\"680\" src=\"https:\/\/www.benk.ch\/wp-content\/uploads\/2019\/08\/17-1030x687.png\" class=\"attachment-large size-large\" alt=\"\" srcset=\"https:\/\/www.benk.ch\/wp-content\/uploads\/2019\/08\/17-1030x687.png 1030w, https:\/\/www.benk.ch\/wp-content\/uploads\/2019\/08\/17-510x340.png 510w, https:\/\/www.benk.ch\/wp-content\/uploads\/2019\/08\/17-300x200.png 300w, https:\/\/www.benk.ch\/wp-content\/uploads\/2019\/08\/17-768x512.png 768w, https:\/\/www.benk.ch\/wp-content\/uploads\/2019\/08\/17-1500x1000.png 1500w, https:\/\/www.benk.ch\/wp-content\/uploads\/2019\/08\/17-705x470.png 705w, https:\/\/www.benk.ch\/wp-content\/uploads\/2019\/08\/17.png 1920w\" sizes=\"auto, (max-width: 1020px) 100vw, 1020px\" \/>\t\t\t\t\t\t\n\t\t\t\t\t<\/div>\n\t\t\t\t\t\t\t\t\n<style>\n#image_2139059635 {\n  width: 100%;\n}\n<\/style>\n\t<\/div>\n\t\n\n\n\t\t<\/div>\n\t\t\t\t\t<\/div>\n\n\t\n\n\t<div id=\"col-1406311002\" class=\"col medium-8 small-12 large-8\"  >\n\t\t\t\t<div class=\"col-inner\"  >\n\t\t\t\n\t\t\t\n\n<h2 class=\"uppercase\" data-line-height=\"s\">Tailor-made support for apprentices<\/h2>\n<p>Successful completion of the CFC or AFP<\/p>\n<p><span style=\"color: #f99b1c;\"><strong>Benk\u2019s 100% success contract<\/strong><\/span> is the assurance of a tailor-made follow-up to ensure the success of his apprenticeship and obtain his CFC or AFP.<\/p>\n<p>Each apprenticeship is different, even between cantons, for the same training.<br>The programme defined for the profession and by the teachers is specific to each vocational school: language courses (German, English) or technical courses, depending on the level expected.<\/p>\n<p><span style=\"color: #f99b1c;\"><strong>At Benk, we adapt to the requirements of schools and teachers<\/strong><\/span> in order to achieve the objectives of the marks in order to fully succeed in his learning programme.<\/p>\n<p>Each profession requires know-how and interpersonal skills, to be developed within the framework of the chosen profession.<\/p>\n<p>Our team works with the apprentice to develop his or her attitude towards leaders, clients, conflict situations, interactions with stakeholders, and speaking skills to communicate effectively.<\/p>\n\n\t\t<\/div>\n\t\t\t\t\t<\/div>\n\n\t\n\n<\/div>\n\n\t\t<\/div>\n\n\t\t\n<style>\n#section_529568208 {\n  padding-top: 30px;\n  padding-bottom: 30px;\n}\n<\/style>\n\t<\/section>\n\t\n\n\t<section class=\"section\" id=\"section_510723512\">\n\t\t<div class=\"section-bg fill\" >\n\t\t\t\t\t\t\t\t\t\n\t\t\t\n\n\t\t<\/div>\n\n\t\t\n\n\t\t<div class=\"section-content relative\">\n\t\t\t\n\n<div class=\"row align-middle\"  id=\"row-1933181183\">\n\n\n\t<div id=\"col-397651317\" class=\"col medium-7 small-12 large-7\"  >\n\t\t\t\t<div class=\"col-inner\"  >\n\t\t\t\n\t\t\t\n\n<h2 class=\"uppercase\" data-line-height=\"s\">Develop learning strategies<\/h2>\n<p>Learning between work and study<\/p>\n<p>After compulsory schooling, <span style=\"color: #f99b1c;\"><strong>some 15-16 year olds choose dual apprenticeship<\/strong><\/span> but are not always able to keep pace with work and school.<\/p>\n<p>Learning requires as many academic skills as professional, personal and social skills.<\/p>\n<p><span style=\"color: #f99b1c;\"><strong>Refresher training is often useful<\/strong><\/span> to address problems related to organization, memorization or learning techniques and to ensure the success of the school year.<\/p>\n<p>Benk\u2019s coaches adapt to each school situation and find solutions adapted to each individual, to remedy gaps and difficulties, whatever the branch, even technical.<\/p>\n<p><span style=\"color: #f99b1c;\"><strong>At Benk, we develop strategies<\/strong><\/span> that will suit everyone according to:<br>\u2013 his\/her level,<br>\u2013 his\/her abilities,<br>\u2013 his\/her types of memories,<br>\u2013 how it works and how it is organized.<\/p>\n\n\t\t<\/div>\n\t\t\t\t\t<\/div>\n\n\t\n\n\t<div id=\"col-222567849\" class=\"col medium-5 small-12 large-5\"  >\n\t\t\t\t<div class=\"col-inner\"  >\n\t\t\t\n\t\t\t\n\n\t<div class=\"img has-hover x md-x lg-x y md-y lg-y\" id=\"image_1699751992\">\n\t\t\t\t\t\t\t\t<div class=\"img-inner image-cover dark\" style=\"padding-top:75%;\">\n\t\t\t<img loading=\"lazy\" decoding=\"async\" width=\"640\" height=\"400\" src=\"https:\/\/www.benk.ch\/wp-content\/uploads\/2019\/02\/formation_adulte_autonomes2.jpg\" class=\"attachment-large size-large\" alt=\"\" srcset=\"https:\/\/www.benk.ch\/wp-content\/uploads\/2019\/02\/formation_adulte_autonomes2.jpg 640w, https:\/\/www.benk.ch\/wp-content\/uploads\/2019\/02\/formation_adulte_autonomes2-510x319.jpg 510w, https:\/\/www.benk.ch\/wp-content\/uploads\/2019\/02\/formation_adulte_autonomes2-300x188.jpg 300w\" sizes=\"auto, (max-width: 640px) 100vw, 640px\" \/>\t\t\t\t\t\t\n\t\t\t\t\t<\/div>\n\t\t\t\t\t\t\t\t\n<style>\n#image_1699751992 {\n  width: 100%;\n}\n<\/style>\n\t<\/div>\n\t\n\n\n\t\t<\/div>\n\t\t\t\t\t<\/div>\n\n\t\n\n<\/div>\n\n\t\t<\/div>\n\n\t\t\n<style>\n#section_510723512 {\n  padding-top: 30px;\n  padding-bottom: 30px;\n}\n<\/style>\n\t<\/section>\n\t\n\t<div id=\"gap-556361017\" class=\"gap-element clearfix\" style=\"display:block; height:auto;\">\n\t\t\n<style>\n#gap-556361017 {\n  padding-top: 30px;\n}\n<\/style>\n\t<\/div>\n\t\n\n<div class=\"slider-wrapper relative\" id=\"slider-914177188\" >\n    <div class=\"slider slider-nav-circle slider-nav-large slider-nav-light slider-style-normal\"\n        data-flickity-options='{\n            \"cellAlign\": \"center\",\n            \"imagesLoaded\": true,\n            \"lazyLoad\": 1,\n            \"freeScroll\": false,\n            \"wrapAround\": true,\n            \"autoPlay\": 6000,\n            \"pauseAutoPlayOnHover\" : true,\n            \"prevNextButtons\": true,\n            \"contain\" : true,\n            \"adaptiveHeight\" : true,\n            \"dragThreshold\" : 10,\n            \"percentPosition\": true,\n            \"pageDots\": true,\n            \"rightToLeft\": false,\n            \"draggable\": true,\n            \"selectedAttraction\": 0.1,\n            \"parallax\" : 0,\n            \"friction\": 0.6        }'\n        >\n        \n\n\n  <div class=\"banner has-hover\" id=\"banner-2123333132\">\n          <div class=\"banner-inner fill\">\n        <div class=\"banner-bg fill\" >\n            <img loading=\"lazy\" decoding=\"async\" width=\"1020\" height=\"573\" src=\"https:\/\/www.benk.ch\/wp-content\/uploads\/2021\/12\/Copie-de-Design-sans-nom-1030x579.png\" class=\"bg attachment-large size-large\" alt=\"\" \/>                        <div class=\"overlay\"><\/div>            \n                    <\/div>\n\t\t\n        <div class=\"banner-layers container\">\n            <div class=\"fill banner-link\"><\/div>            \n\n   <div id=\"text-box-1736700328\" class=\"text-box banner-layer x50 md-x50 lg-x50 y50 md-y50 lg-y50 res-text\">\n                                <div class=\"text-box-content text dark\">\n              \n              <div class=\"text-inner text-center\">\n                  \n\n\t<div id=\"text-1067886448\" class=\"text\">\n\t\t\n\n<p style=\"text-align: center;\">Benk a eu un impact positif dans ma vie.<\/p>\n<p style=\"text-align: center;\">J\u2019ai mieux compris les autres et pourquoi j\u2019avais des probl\u00e8mes relationnels et scolaires.&nbsp;<\/p>\n\t\t\n<style>\n#text-1067886448 {\n  line-height: 0.75;\n  text-align: center;\n}\n<\/style>\n\t<\/div>\n\t\n\t<div id=\"text-3708097364\" class=\"text\">\n\t\t\n\n<p style=\"text-align: center;\">C\u00e9dric &#8211; 23 ans<\/p>\n\t\t\n<style>\n#text-3708097364 {\n  line-height: 0.75;\n}\n<\/style>\n\t<\/div>\n\t\n\n              <\/div>\n           <\/div>\n                            \n<style>\n#text-box-1736700328 {\n  width: 95%;\n}\n#text-box-1736700328 .text-box-content {\n  font-size: 100%;\n}\n<\/style>\n    <\/div>\n \n\n        <\/div>\n      <\/div>\n\n            \n<style>\n#banner-2123333132 {\n  padding-top: 280px;\n}\n#banner-2123333132 .overlay {\n  background-color: rgba(0, 0, 0, 0.221);\n}\n#banner-2123333132 .banner-bg img {\n  object-position: 10% 70%;\n}\n<\/style>\n  <\/div>\n\n\n\n     <\/div>\n\n     <div class=\"loading-spin dark large centered\"><\/div>\n\n\t<\/div>\n\n\n<div class=\"container section-title-container\" ><h3 class=\"section-title section-title-normal\"><b aria-hidden=\"true\"><\/b><span class=\"section-title-main\" >En relation avec le sujet<\/span><b aria-hidden=\"true\"><\/b><\/h3><\/div>\n\n\n\t<section class=\"section\" id=\"section_1733350025\">\n\t\t<div class=\"section-bg fill\" >\n\t\t\t\t\t\t\t\t\t\n\t\t\t\n\n\t\t<\/div>\n\n\t\t\n\n\t\t<div class=\"section-content relative\">\n\t\t\t\n\n<div class=\"row\"  id=\"row-1386005268\">\n\n\n\t<div id=\"col-1898539170\" class=\"col medium-4 small-12 large-4\"  >\n\t\t\t\t<div class=\"col-inner\"  >\n\t\t\t\n\t\t\t\n\n\t<div class=\"img has-hover x md-x lg-x y md-y lg-y\" id=\"image_893337294\">\n\t\t\t\t\t\t\t\t<div class=\"img-inner image-cover dark\" style=\"padding-top:75%;\">\n\t\t\t<img loading=\"lazy\" decoding=\"async\" width=\"1020\" height=\"680\" src=\"https:\/\/www.benk.ch\/wp-content\/uploads\/2019\/08\/3-1030x687.png\" class=\"attachment-large size-large\" alt=\"Soutien scolaire HPI\" srcset=\"https:\/\/www.benk.ch\/wp-content\/uploads\/2019\/08\/3-1030x687.png 1030w, https:\/\/www.benk.ch\/wp-content\/uploads\/2019\/08\/3-510x340.png 510w, https:\/\/www.benk.ch\/wp-content\/uploads\/2019\/08\/3-300x200.png 300w, https:\/\/www.benk.ch\/wp-content\/uploads\/2019\/08\/3-768x512.png 768w, https:\/\/www.benk.ch\/wp-content\/uploads\/2019\/08\/3-1500x1000.png 1500w, https:\/\/www.benk.ch\/wp-content\/uploads\/2019\/08\/3-705x470.png 705w, https:\/\/www.benk.ch\/wp-content\/uploads\/2019\/08\/3.png 1920w\" sizes=\"auto, (max-width: 1020px) 100vw, 1020px\" \/>\t\t\t\t\t\t\n\t\t\t\t\t<\/div>\n\t\t\t\t\t\t\t\t\n<style>\n#image_893337294 {\n  width: 100%;\n}\n<\/style>\n\t<\/div>\n\t\n\n<p>Etre \u00e0 \u00ab&nbsp;haut potentiel&nbsp;\u00bb (HP) signifie avoir un rythme de d\u00e9veloppement intellectuel nettement sup\u00e9rieur \u00e0 la moyenne de son \u00e2ge, ce qui influe sur sa vie scolaire, sociale, familiale et professionnelle.<\/p>\n<a href=\"https:\/\/www.benk.ch\/solutions-de-soutien-personnalisees-pour-les-enfants\/haut-potentiel-enfant\/\" class=\"button primary lowercase expand\" style=\"border-radius:10px;\">\n\t\t<span>Les Hauts Potentiels (HP)<\/span>\n\t<\/a>\n\n\n\n\t\t<\/div>\n\t\t\t\t\t<\/div>\n\n\t\n\n\t<div id=\"col-2052841562\" class=\"col medium-4 small-12 large-4\"  >\n\t\t\t\t<div class=\"col-inner\"  >\n\t\t\t\n\t\t\t\n\n\t<div class=\"img has-hover x md-x lg-x y md-y lg-y\" id=\"image_1149405360\">\n\t\t\t\t\t\t\t\t<div class=\"img-inner image-cover dark\" style=\"padding-top:75%;\">\n\t\t\t<img loading=\"lazy\" decoding=\"async\" width=\"640\" height=\"400\" src=\"https:\/\/www.benk.ch\/wp-content\/uploads\/2019\/02\/formation_enfants_autonomes.jpg\" class=\"attachment-large size-large\" alt=\"\" srcset=\"https:\/\/www.benk.ch\/wp-content\/uploads\/2019\/02\/formation_enfants_autonomes.jpg 640w, https:\/\/www.benk.ch\/wp-content\/uploads\/2019\/02\/formation_enfants_autonomes-510x319.jpg 510w, https:\/\/www.benk.ch\/wp-content\/uploads\/2019\/02\/formation_enfants_autonomes-300x188.jpg 300w\" sizes=\"auto, (max-width: 640px) 100vw, 640px\" \/>\t\t\t\t\t\t\n\t\t\t\t\t<\/div>\n\t\t\t\t\t\t\t\t\n<style>\n#image_1149405360 {\n  width: 100%;\n}\n<\/style>\n\t<\/div>\n\t\n\n<p>Nos solutions concr\u00e8tes face aux troubles \u00ab&nbsp;dys&nbsp;\u00bb,<\/p>\n<p>dyslexie, dysorthographie, dysgraphie ou dyscalculie \u2026<\/p>\n<a href=\"https:\/\/www.benk.ch\/solutions-de-soutien-personnalisees-pour-les-enfants\/les-enfants-dys\/\" class=\"button primary lowercase expand\" style=\"border-radius:10px;\">\n\t\t<span>Les enfants DYS<\/span>\n\t<\/a>\n\n\n\n\t\t<\/div>\n\t\t\t\t\t<\/div>\n\n\t\n\n\t<div id=\"col-879662760\" class=\"col medium-4 small-12 large-4\"  >\n\t\t\t\t<div class=\"col-inner\"  >\n\t\t\t\n\t\t\t\n\n\t<div class=\"img has-hover x md-x lg-x y md-y lg-y\" id=\"image_1985370852\">\n\t\t\t\t\t\t\t\t<div class=\"img-inner image-cover dark\" style=\"padding-top:75%;\">\n\t\t\t<img loading=\"lazy\" decoding=\"async\" width=\"1020\" height=\"680\" src=\"https:\/\/www.benk.ch\/wp-content\/uploads\/2019\/08\/4-1030x687.png\" class=\"attachment-large size-large\" alt=\"\" srcset=\"https:\/\/www.benk.ch\/wp-content\/uploads\/2019\/08\/4-1030x687.png 1030w, https:\/\/www.benk.ch\/wp-content\/uploads\/2019\/08\/4-510x340.png 510w, https:\/\/www.benk.ch\/wp-content\/uploads\/2019\/08\/4-300x200.png 300w, https:\/\/www.benk.ch\/wp-content\/uploads\/2019\/08\/4-768x512.png 768w, https:\/\/www.benk.ch\/wp-content\/uploads\/2019\/08\/4-1500x1000.png 1500w, https:\/\/www.benk.ch\/wp-content\/uploads\/2019\/08\/4-705x470.png 705w, https:\/\/www.benk.ch\/wp-content\/uploads\/2019\/08\/4.png 1920w\" sizes=\"auto, (max-width: 1020px) 100vw, 1020px\" \/>\t\t\t\t\t\t\n\t\t\t\t\t<\/div>\n\t\t\t\t\t\t\t\t\n<style>\n#image_1985370852 {\n  width: 100%;\n}\n<\/style>\n\t<\/div>\n\t\n\n<p>Comment g\u00e9rer et limiter les acc\u00e8s aux \u00e9crans pour nos enfants?<\/p>\n<p>Quelles sont les r\u00e8gles \u00e0 adopter? A quel moment votre enfant devient-il \u00ab accro \u00bb aux \u00e9crans ?<\/p>\n<a href=\"https:\/\/www.benk.ch\/solutions-de-soutien-personnalisees-pour-les-enfants\/addiction-ecrans-enfants\/\" class=\"button primary lowercase expand\" style=\"border-radius:10px;\">\n\t\t<span>Les addictions aux \u00e9crans<\/span>\n\t<\/a>\n\n\n\n\t\t<\/div>\n\t\t\t\t\t<\/div>\n\n\t\n\n<\/div>\n\n\t\t<\/div>\n\n\t\t\n<style>\n#section_1733350025 {\n  padding-top: 30px;\n  padding-bottom: 30px;\n}\n<\/style>\n\t<\/section>\n\t\n","protected":false},"excerpt":{"rendered":"","protected":false},"author":2,"featured_media":0,"parent":4448,"menu_order":0,"comment_status":"closed","ping_status":"closed","template":"page-blank.php","meta":{"inline_featured_image":false,"footnotes":""},"wf_page_folders":[],"class_list":["post-4488","page","type-page","status-publish","hentry"],"_links":{"self":[{"href":"https:\/\/www.benk.ch\/en\/wp-json\/wp\/v2\/pages\/4488","targetHints":{"allow":["GET"]}}],"collection":[{"href":"https:\/\/www.benk.ch\/en\/wp-json\/wp\/v2\/pages"}],"about":[{"href":"https:\/\/www.benk.ch\/en\/wp-json\/wp\/v2\/types\/page"}],"author":[{"embeddable":true,"href":"https:\/\/www.benk.ch\/en\/wp-json\/wp\/v2\/users\/2"}],"replies":[{"embeddable":true,"href":"https:\/\/www.benk.ch\/en\/wp-json\/wp\/v2\/comments?post=4488"}],"version-history":[{"count":0,"href":"https:\/\/www.benk.ch\/en\/wp-json\/wp\/v2\/pages\/4488\/revisions"}],"up":[{"embeddable":true,"href":"https:\/\/www.benk.ch\/en\/wp-json\/wp\/v2\/pages\/4448"}],"wp:attachment":[{"href":"https:\/\/www.benk.ch\/en\/wp-json\/wp\/v2\/media?parent=4488"}],"wp:term":[{"taxonomy":"wf_page_folders","embeddable":true,"href":"https:\/\/www.benk.ch\/en\/wp-json\/wp\/v2\/wf_page_folders?post=4488"}],"curies":[{"name":"wp","href":"https:\/\/api.w.org\/{rel}","templated":true}]}}