{"id":4458,"date":"2019-05-07T20:52:05","date_gmt":"2019-05-07T18:52:05","guid":{"rendered":"http:\/\/benk.ch\/solutions-pour-le-gymnase-college\/"},"modified":"2024-03-12T12:57:30","modified_gmt":"2024-03-12T11:57:30","slug":"solutions-pour-le-gymnase-college","status":"publish","type":"page","link":"https:\/\/www.benk.ch\/en\/solutions-pour-le-gymnase-college\/","title":{"rendered":"Gymnasium \/ College support"},"content":{"rendered":"\n\n  <div class=\"banner has-hover\" id=\"banner-998291828\">\n          <div class=\"banner-inner fill\">\n        <div class=\"banner-bg fill\" >\n            <img loading=\"lazy\" decoding=\"async\" width=\"1020\" height=\"573\" src=\"https:\/\/www.benk.ch\/wp-content\/uploads\/2021\/12\/Copie-de-Design-sans-nom-1030x579.png\" class=\"bg attachment-large size-large\" alt=\"\" \/>                        <div class=\"overlay\"><\/div>            \n                    <\/div>\n\t\t\n        <div class=\"banner-layers container\">\n            <div class=\"fill banner-link\"><\/div>            \n\n   <div id=\"text-box-1173126425\" class=\"text-box banner-layer x50 md-x50 lg-x50 y50 md-y50 lg-y50 res-text\">\n                                <div class=\"text-box-content text dark\">\n              \n              <div class=\"text-inner text-center\">\n                  \n\n\t<div id=\"text-1758503800\" class=\"text\">\n\t\t\n\n<h3 class=\"uppercase\">Support for Gymnase \/ College<\/h3>\n<p>Gymnases: three types of training<\/p>\n\t\t\n<style>\n#text-1758503800 {\n  line-height: 0.75;\n  text-align: left;\n}\n<\/style>\n\t<\/div>\n\t\n\n              <\/div>\n           <\/div>\n                            \n<style>\n#text-box-1173126425 {\n  width: 97%;\n}\n#text-box-1173126425 .text-box-content {\n  font-size: 100%;\n}\n<\/style>\n    <\/div>\n \n\n        <\/div>\n      <\/div>\n\n            \n<style>\n#banner-998291828 {\n  padding-top: 150px;\n}\n#banner-998291828 .overlay {\n  background-color: rgba(0, 0, 0, 0.221);\n}\n#banner-998291828 .banner-bg img {\n  object-position: 10% 70%;\n}\n<\/style>\n  <\/div>\n\n\n\n\t<section class=\"section\" id=\"section_1550711225\">\n\t\t<div class=\"section-bg fill\" >\n\t\t\t\t\t\t\t\t\t\n\t\t\t\n\n\t\t<\/div>\n\n\t\t\n\n\t\t<div class=\"section-content relative\">\n\t\t\t\n\n<div class=\"row align-middle\"  id=\"row-1716699251\">\n\n\n\t<div id=\"col-1018183112\" class=\"col medium-4 small-12 large-4\"  >\n\t\t\t\t<div class=\"col-inner\"  >\n\t\t\t\n\t\t\t\n\n\t<div class=\"img has-hover x md-x lg-x y md-y lg-y\" id=\"image_1145524466\">\n\t\t\t\t\t\t\t\t<div class=\"img-inner image-cover dark\" style=\"padding-top:75%;\">\n\t\t\t<img loading=\"lazy\" decoding=\"async\" width=\"1020\" height=\"680\" src=\"https:\/\/www.benk.ch\/wp-content\/uploads\/2019\/08\/11-1030x687.png\" class=\"attachment-large size-large\" alt=\"\" srcset=\"https:\/\/www.benk.ch\/wp-content\/uploads\/2019\/08\/11-1030x687.png 1030w, https:\/\/www.benk.ch\/wp-content\/uploads\/2019\/08\/11-510x340.png 510w, https:\/\/www.benk.ch\/wp-content\/uploads\/2019\/08\/11-300x200.png 300w, https:\/\/www.benk.ch\/wp-content\/uploads\/2019\/08\/11-768x512.png 768w, https:\/\/www.benk.ch\/wp-content\/uploads\/2019\/08\/11-1500x1000.png 1500w, https:\/\/www.benk.ch\/wp-content\/uploads\/2019\/08\/11-705x470.png 705w, https:\/\/www.benk.ch\/wp-content\/uploads\/2019\/08\/11.png 1920w\" sizes=\"auto, (max-width: 1020px) 100vw, 1020px\" \/>\t\t\t\t\t\t\n\t\t\t\t\t<\/div>\n\t\t\t\t\t\t\t\t\n<style>\n#image_1145524466 {\n  width: 100%;\n}\n<\/style>\n\t<\/div>\n\t\n\n\n\t\t<\/div>\n\t\t\t\t\t<\/div>\n\n\t\n\n\t<div id=\"col-1528295342\" class=\"col medium-8 small-12 large-8\"  >\n\t\t\t\t<div class=\"col-inner\"  >\n\t\t\t\n\t\t\t\n\n<h2 class=\"uppercase\" style=\"text-align: left;\" data-line-height=\"s\">Gymnase training courses<\/h2>\n<p><strong>What curriculum and what studies are to follow ?<\/strong><\/p>\n<p>After compulsory school, your child can follow one of the three types of training at the Gymnase (or College in the canton of Geneva):<\/p>\n<div class=\"accordion\">\n\n\t<div id=\"accordion-3154869141\" class=\"accordion-item\">\n\t\t<a id=\"accordion-3154869141-label\" class=\"accordion-title plain\" href=\"#accordion-item-maturity-school\" aria-expanded=\"false\" aria-controls=\"accordion-3154869141-content\">\n\t\t\t<button class=\"toggle\" aria-label=\"Toggle\"><i class=\"icon-angle-down\" aria-hidden=\"true\"><\/i><\/button>\n\t\t\t<span>Maturity school<\/span>\n\t\t<\/a>\n\t\t<div id=\"accordion-3154869141-content\" class=\"accordion-inner\" aria-labelledby=\"accordion-3154869141-label\">\n\t\t\t\n\n<ul>\n<li>duration: 3 years<\/li>\n<li>diploma: maturity certificate<\/li>\n<li>What happens next? The key to entering all major schools (universities, Federal Institutes of Technology (ETH) and Universities of Applied Sciences (UAS)) or colleges of higher education.<br>Possible to join the apprenticeship path with accelerated or shortened training.&lt;<br>For more information, on the gymnase training in Maturity School&nbsp;<\/li>\n<\/ul>\n\n\t\t<\/div>\n\t<\/div>\n\t\n\t<div id=\"accordion-156202615\" class=\"accordion-item\">\n\t\t<a id=\"accordion-156202615-label\" class=\"accordion-title plain\" href=\"#accordion-item-the-school-of-general-culture\" aria-expanded=\"false\" aria-controls=\"accordion-156202615-content\">\n\t\t\t<button class=\"toggle\" aria-label=\"Toggle\"><i class=\"icon-angle-down\" aria-hidden=\"true\"><\/i><\/button>\n\t\t\t<span>The school of general culture<\/span>\n\t\t<\/a>\n\t\t<div id=\"accordion-156202615-content\" class=\"accordion-inner\" aria-labelledby=\"accordion-156202615-label\">\n\t\t\t\n\n<ul>\n<li>duration: 4 years<\/li>\n<li>diplomas: general culture certificate (in three years) then specialized maturity (one more year)<\/li>\n<li>What happens next? University of Applied Sciences and\/or a University of Applied Sciences (HES-HEP).<br>By taking the socio-educational option, it is possible to obtain the Federal Certificate of Competence (CFC) allowing you to exercise a profession.<br>For more information, on gymnase training in general culture school<\/li>\n<\/ul>\n\n\t\t<\/div>\n\t<\/div>\n\t\n\t<div id=\"accordion-2669849435\" class=\"accordion-item\">\n\t\t<a id=\"accordion-2669849435-label\" class=\"accordion-title plain\" href=\"#accordion-item-the-business-school\" aria-expanded=\"false\" aria-controls=\"accordion-2669849435-content\">\n\t\t\t<button class=\"toggle\" aria-label=\"Toggle\"><i class=\"icon-angle-down\" aria-hidden=\"true\"><\/i><\/button>\n\t\t\t<span>The business school<\/span>\n\t\t<\/a>\n\t\t<div id=\"accordion-2669849435-content\" class=\"accordion-inner\" aria-labelledby=\"accordion-2669849435-label\">\n\t\t\t\n\n<ul>\n<li>duration: 4 years (model 3+1 : 3 years of study + 1 year of practical internship in a company)<\/li>\n<li>diploma: federal certificate of competence as a commercial employee (CFC) and professional maturity (MP) in economics and services.<\/li>\n<li>What happens next?&nbsp; CFC and the professional maturity allow you to pursue a professional activity in the commercial field or to access the Universities of Applied Sciences (economics, management, administration).<br>For more information, on gymnase training in&nbsp;business school<\/li>\n<\/ul>\n\n\t\t<\/div>\n\t<\/div>\n\t\n\n<\/div>\n<p>The Gymnase corresponds to the secondary II level (education) in the French-speaking school system.<\/p>\n\n\t\t<\/div>\n\t\t\t\t\t<\/div>\n\n\t\n\n<\/div>\n\n\t\t<\/div>\n\n\t\t\n<style>\n#section_1550711225 {\n  padding-top: 30px;\n  padding-bottom: 30px;\n}\n<\/style>\n\t<\/section>\n\t\n\n\t<section class=\"section\" id=\"section_1117039464\">\n\t\t<div class=\"section-bg fill\" >\n\t\t\t\t\t\t\t\t\t\n\t\t\t\n\n\t\t<\/div>\n\n\t\t\n\n\t\t<div class=\"section-content relative\">\n\t\t\t\n\n<div class=\"row align-middle\"  id=\"row-374643355\">\n\n\n\t<div id=\"col-1941899854\" class=\"col medium-8 small-12 large-8\"  >\n\t\t\t\t<div class=\"col-inner\"  >\n\t\t\t\n\t\t\t\n\n<h2 class=\"uppercase\" style=\"text-align: left;\" data-line-height=\"s\">Meet the high demands of the gymnase<\/h2>\n<p>To enter the gymnase in the Maturity section, you must have obtained your certificate of completion of secondary I studies in the VP level.<\/p>\n<p>In addition to the Swiss or gymnase maturity through an unfettered curriculum, there are other ways to reach university courses :<\/p>\n<div class=\"accordion\">\n\n\t<div id=\"accordion-4204114125\" class=\"accordion-item\">\n\t\t<a id=\"accordion-4204114125-label\" class=\"accordion-title plain\" href=\"#accordion-item-specialized-maturity\" aria-expanded=\"false\" aria-controls=\"accordion-4204114125-content\">\n\t\t\t<button class=\"toggle\" aria-label=\"Toggle\"><i class=\"icon-angle-down\" aria-hidden=\"true\"><\/i><\/button>\n\t\t\t<span>Specialized maturity<\/span>\n\t\t<\/a>\n\t\t<div id=\"accordion-4204114125-content\" class=\"accordion-inner\" aria-labelledby=\"accordion-4204114125-label\">\n\t\t\t\n\n<p>after the general knowledge certificate, the course lasts one year and allows access to universities of applied sciences and universities of applied sciences through the additional bridging exam.<\/p>\n\n\t\t<\/div>\n\t<\/div>\n\t\n\t<div id=\"accordion-923110050\" class=\"accordion-item\">\n\t\t<a id=\"accordion-923110050-label\" class=\"accordion-title plain\" href=\"#accordion-item-professional-maturity\" aria-expanded=\"false\" aria-controls=\"accordion-923110050-content\">\n\t\t\t<button class=\"toggle\" aria-label=\"Toggle\"><i class=\"icon-angle-down\" aria-hidden=\"true\"><\/i><\/button>\n\t\t\t<span>Professional maturity<\/span>\n\t\t<\/a>\n\t\t<div id=\"accordion-923110050-content\" class=\"accordion-inner\" aria-labelledby=\"accordion-923110050-label\">\n\t\t\t\n\n<p>it is possible to prepare for it during the CFC (integrated model) or after the CFC (it is a school that lasts 1 year full-time or 2 years part-time). This allows access to universities of applied sciences and universities of applied sciences through the additional bridge exam.<\/p>\n\n\t\t<\/div>\n\t<\/div>\n\t\n\t<div id=\"accordion-2044352329\" class=\"accordion-item\">\n\t\t<a id=\"accordion-2044352329-label\" class=\"accordion-title plain\" href=\"#accordion-item-accordion-panel\" aria-expanded=\"false\" aria-controls=\"accordion-2044352329-content\">\n\t\t\t<button class=\"toggle\" aria-label=\"Toggle\"><i class=\"icon-angle-down\" aria-hidden=\"true\"><\/i><\/button>\n\t\t\t<span>Accordion Panel<\/span>\n\t\t<\/a>\n\t\t<div id=\"accordion-2044352329-content\" class=\"accordion-inner\" aria-labelledby=\"accordion-2044352329-label\">\n\t\t\t\n\n<p>it is a complementary examination organised for holders of a specialised maturity or a professional maturity. It can be prepared in one year in daytime training or in evening classes. It provides access to universities and polytechnics.<\/p>\n\n\t\t<\/div>\n\t<\/div>\n\t\n\t<div id=\"accordion-1003782243\" class=\"accordion-item\">\n\t\t<a id=\"accordion-1003782243-label\" class=\"accordion-title plain\" href=\"#accordion-item-for-more-information...\" aria-expanded=\"false\" aria-controls=\"accordion-1003782243-content\">\n\t\t\t<button class=\"toggle\" aria-label=\"Toggle\"><i class=\"icon-angle-down\" aria-hidden=\"true\"><\/i><\/button>\n\t\t\t<span>For more information...<\/span>\n\t\t<\/a>\n\t\t<div id=\"accordion-1003782243-content\" class=\"accordion-inner\" aria-labelledby=\"accordion-1003782243-label\">\n\t\t\t\n\n<p>For more information on gymnase training courses<br>and on the remedial courses of the gymnase training courses in the canton of Vaud<\/p>\n\n\t\t<\/div>\n\t<\/div>\n\t\n\n<\/div>\n\n\t\t<\/div>\n\t\t\t\t\t<\/div>\n\n\t\n\n\t<div id=\"col-556908186\" class=\"col medium-4 small-12 large-4\"  >\n\t\t\t\t<div class=\"col-inner\"  >\n\t\t\t\n\t\t\t\n\n\t<div class=\"img has-hover x md-x lg-x y md-y lg-y\" id=\"image_1294036009\">\n\t\t\t\t\t\t\t\t<div class=\"img-inner image-cover dark\" style=\"padding-top:75%;\">\n\t\t\t<img loading=\"lazy\" decoding=\"async\" width=\"1020\" height=\"680\" src=\"https:\/\/www.benk.ch\/wp-content\/uploads\/2019\/09\/12-1030x687.jpg\" class=\"attachment-large size-large\" alt=\"\" srcset=\"https:\/\/www.benk.ch\/wp-content\/uploads\/2019\/09\/12-1030x687.jpg 1030w, https:\/\/www.benk.ch\/wp-content\/uploads\/2019\/09\/12-510x340.jpg 510w, https:\/\/www.benk.ch\/wp-content\/uploads\/2019\/09\/12-300x200.jpg 300w, https:\/\/www.benk.ch\/wp-content\/uploads\/2019\/09\/12-768x512.jpg 768w, https:\/\/www.benk.ch\/wp-content\/uploads\/2019\/09\/12-1500x1000.jpg 1500w, https:\/\/www.benk.ch\/wp-content\/uploads\/2019\/09\/12-705x470.jpg 705w, https:\/\/www.benk.ch\/wp-content\/uploads\/2019\/09\/12.jpg 1920w\" sizes=\"auto, (max-width: 1020px) 100vw, 1020px\" \/>\t\t\t\t\t\t\n\t\t\t\t\t<\/div>\n\t\t\t\t\t\t\t\t\n<style>\n#image_1294036009 {\n  width: 100%;\n}\n<\/style>\n\t<\/div>\n\t\n\n\n\t\t<\/div>\n\t\t\t\t\t<\/div>\n\n\t\n\n<\/div>\n\n\t\t<\/div>\n\n\t\t\n<style>\n#section_1117039464 {\n  padding-top: 30px;\n  padding-bottom: 30px;\n  background-color: rgb(248, 248, 248);\n}\n<\/style>\n\t<\/section>\n\t\n\n\t<section class=\"section\" id=\"section_1451750750\">\n\t\t<div class=\"section-bg fill\" >\n\t\t\t\t\t\t\t\t\t\n\t\t\t\n\n\t\t<\/div>\n\n\t\t\n\n\t\t<div class=\"section-content relative\">\n\t\t\t\n\n<div class=\"row align-middle\"  id=\"row-1976900431\">\n\n\n\t<div id=\"col-193482137\" class=\"col medium-4 small-12 large-4\"  >\n\t\t\t\t<div class=\"col-inner\"  >\n\t\t\t\n\t\t\t\n\n\t<div class=\"img has-hover x md-x lg-x y md-y lg-y\" id=\"image_374103001\">\n\t\t\t\t\t\t\t\t<div class=\"img-inner image-cover dark\" style=\"padding-top:75%;\">\n\t\t\t<img loading=\"lazy\" decoding=\"async\" width=\"1020\" height=\"680\" src=\"https:\/\/www.benk.ch\/wp-content\/uploads\/2019\/09\/39-1030x687.jpg\" class=\"attachment-large size-large\" alt=\"examens de naturalisation Suisse\" srcset=\"https:\/\/www.benk.ch\/wp-content\/uploads\/2019\/09\/39-1030x687.jpg 1030w, https:\/\/www.benk.ch\/wp-content\/uploads\/2019\/09\/39-510x340.jpg 510w, https:\/\/www.benk.ch\/wp-content\/uploads\/2019\/09\/39-300x200.jpg 300w, https:\/\/www.benk.ch\/wp-content\/uploads\/2019\/09\/39-768x512.jpg 768w, https:\/\/www.benk.ch\/wp-content\/uploads\/2019\/09\/39-1500x1000.jpg 1500w, https:\/\/www.benk.ch\/wp-content\/uploads\/2019\/09\/39-705x470.jpg 705w, https:\/\/www.benk.ch\/wp-content\/uploads\/2019\/09\/39.jpg 1920w\" sizes=\"auto, (max-width: 1020px) 100vw, 1020px\" \/>\t\t\t\t\t\t\n\t\t\t\t\t<\/div>\n\t\t\t\t\t\t\t\t\n<style>\n#image_374103001 {\n  width: 100%;\n}\n<\/style>\n\t<\/div>\n\t\n\n\n\t\t<\/div>\n\t\t\t\t\t<\/div>\n\n\t\n\n\t<div id=\"col-1849692883\" class=\"col medium-8 small-12 large-8\"  >\n\t\t\t\t<div class=\"col-inner\"  >\n\t\t\t\n\t\t\t\n\n<h2 class=\"uppercase\" data-line-height=\"s\">School support for gymnase students<\/h2>\n<p><strong>Solutions whatever your sector<\/strong><\/p>\n<p>Gymnasian.ne or college.ne, do you lack self-confidence? Do you want to improve your organization and motivation?<\/p>\n<p>Whether you are in the gym or during the connection process, we have solutions that suit you.<\/p>\n<p>It may be that it is a branch that is blocking or a lack of learning strategies, but it is always possible to find ways to get up to speed.<\/p>\n<p>At Benk, we offer adapted support for young teenagers or adults to prepare before and during the Gymnase (College) program.<\/p>\n<a href=\"https:\/\/www.benk.ch\/en\/solutions-pour-le-gymnase-college\/soutien-scolaire-pour-le-gymnase-college\/\" class=\"button primary lowercase\" style=\"border-radius:10px;\">\n\t\t<span>To know more about it<\/span>\n\t<\/a>\n\n\n\n\t\t<\/div>\n\t\t\t\t\t<\/div>\n\n\t\n\n<\/div>\n\n\t\t<\/div>\n\n\t\t\n<style>\n#section_1451750750 {\n  padding-top: 30px;\n  padding-bottom: 30px;\n}\n<\/style>\n\t<\/section>\n\t\n\n\t<section class=\"section\" id=\"section_212693824\">\n\t\t<div class=\"section-bg fill\" >\n\t\t\t\t\t\t\t\t\t\n\t\t\t\n\n\t\t<\/div>\n\n\t\t\n\n\t\t<div class=\"section-content relative\">\n\t\t\t\n\n\n  <div class=\"banner has-hover\" id=\"banner-1628197107\">\n          <div class=\"banner-inner fill\">\n        <div class=\"banner-bg fill\" >\n            <img loading=\"lazy\" decoding=\"async\" width=\"1020\" height=\"573\" src=\"https:\/\/www.benk.ch\/wp-content\/uploads\/2021\/12\/Copie-de-Design-sans-nom-1030x579.png\" class=\"bg attachment-large size-large\" alt=\"\" \/>                        <div class=\"overlay\"><\/div>            \n                    <\/div>\n\t\t\n        <div class=\"banner-layers container\">\n            <div class=\"fill banner-link\"><\/div>            \n\n   <div id=\"text-box-1682579513\" class=\"text-box banner-layer x50 md-x50 lg-x50 y50 md-y50 lg-y50 res-text\">\n                                <div class=\"text-box-content text dark\">\n              \n              <div class=\"text-inner text-center\">\n                  \n\n\t<div id=\"text-2043959634\" class=\"text\">\n\t\t\n\n<h4 class=\"uppercase\">We are at your disposal for a personalized solution.<\/h4>\n\t\t\n<style>\n#text-2043959634 {\n  line-height: 0.75;\n  text-align: center;\n}\n<\/style>\n\t<\/div>\n\t\n<a href=\"https:\/\/www.benk.ch\/prise-de-rendez-vous\/\" class=\"button primary lowercase\" style=\"border-radius:99px;\">\n\t\t<span>Contact us<\/span>\n\t<\/a>\n\n\n\n              <\/div>\n           <\/div>\n                            \n<style>\n#text-box-1682579513 {\n  width: 95%;\n}\n#text-box-1682579513 .text-box-content {\n  font-size: 100%;\n}\n<\/style>\n    <\/div>\n \n\n        <\/div>\n      <\/div>\n\n            \n<style>\n#banner-1628197107 {\n  padding-top: 150px;\n}\n#banner-1628197107 .overlay {\n  background-color: rgba(0, 0, 0, 0.221);\n}\n#banner-1628197107 .banner-bg img {\n  object-position: 10% 70%;\n}\n<\/style>\n  <\/div>\n\n\n\n\t\t<\/div>\n\n\t\t\n<style>\n#section_212693824 {\n  padding-top: 0px;\n  padding-bottom: 0px;\n  background-color: rgb(0, 146, 213);\n}\n<\/style>\n\t<\/section>\n\t\n\t<div id=\"gap-161751033\" class=\"gap-element clearfix\" style=\"display:block; height:auto;\">\n\t\t\n<style>\n#gap-161751033 {\n  padding-top: 30px;\n}\n<\/style>\n\t<\/div>\n\t\n\n<div class=\"container section-title-container\" ><h3 class=\"section-title section-title-normal\"><b aria-hidden=\"true\"><\/b><span class=\"section-title-main\" >En relation avec le sujet<\/span><b aria-hidden=\"true\"><\/b><\/h3><\/div>\n\n\n\t<section class=\"section\" id=\"section_1957663367\">\n\t\t<div class=\"section-bg fill\" >\n\t\t\t\t\t\t\t\t\t\n\t\t\t\n\n\t\t<\/div>\n\n\t\t\n\n\t\t<div class=\"section-content relative\">\n\t\t\t\n\n<div class=\"row\"  id=\"row-1236343389\">\n\n\n\t<div id=\"col-662552144\" class=\"col medium-4 small-12 large-4\"  >\n\t\t\t\t<div class=\"col-inner\"  >\n\t\t\t\n\t\t\t\n\n\t<div class=\"img has-hover x md-x lg-x y md-y lg-y\" id=\"image_904727521\">\n\t\t\t\t\t\t\t\t<div class=\"img-inner image-cover dark\" style=\"padding-top:75%;\">\n\t\t\t<img loading=\"lazy\" decoding=\"async\" width=\"1020\" height=\"680\" src=\"https:\/\/www.benk.ch\/wp-content\/uploads\/2019\/08\/3-1030x687.png\" class=\"attachment-large size-large\" alt=\"Soutien scolaire HPI\" srcset=\"https:\/\/www.benk.ch\/wp-content\/uploads\/2019\/08\/3-1030x687.png 1030w, https:\/\/www.benk.ch\/wp-content\/uploads\/2019\/08\/3-510x340.png 510w, https:\/\/www.benk.ch\/wp-content\/uploads\/2019\/08\/3-300x200.png 300w, https:\/\/www.benk.ch\/wp-content\/uploads\/2019\/08\/3-768x512.png 768w, https:\/\/www.benk.ch\/wp-content\/uploads\/2019\/08\/3-1500x1000.png 1500w, https:\/\/www.benk.ch\/wp-content\/uploads\/2019\/08\/3-705x470.png 705w, https:\/\/www.benk.ch\/wp-content\/uploads\/2019\/08\/3.png 1920w\" sizes=\"auto, (max-width: 1020px) 100vw, 1020px\" \/>\t\t\t\t\t\t\n\t\t\t\t\t<\/div>\n\t\t\t\t\t\t\t\t\n<style>\n#image_904727521 {\n  width: 100%;\n}\n<\/style>\n\t<\/div>\n\t\n\n<p><span style=\"font-size: 95%;\">Etre enfant \u00e0 \u00ab&nbsp;haut potentiel&nbsp;\u00bb (HP, z\u00e9bre ou surdou\u00e9) signifie avoir un rythme de d\u00e9veloppement nettement sup\u00e9rieur \u00e0 la moyenne de son \u00e2ge, en intelligence cognitive et \u00e9motionnelle.<\/span><\/p>\n<a href=\"https:\/\/www.benk.ch\/solutions-de-soutien-personnalisees-pour-les-enfants\/haut-potentiel-enfant\/\" class=\"button primary lowercase expand\" style=\"border-radius:10px;\">\n\t\t<span>Les Hauts Potentiels (HP)<\/span>\n\t<\/a>\n\n\n\n\t\t<\/div>\n\t\t\t\t\t<\/div>\n\n\t\n\n\t<div id=\"col-1684429776\" class=\"col medium-4 small-12 large-4\"  >\n\t\t\t\t<div class=\"col-inner\"  >\n\t\t\t\n\t\t\t\n\n\t<div class=\"img has-hover x md-x lg-x y md-y lg-y\" id=\"image_1451128594\">\n\t\t\t\t\t\t\t\t<div class=\"img-inner image-cover dark\" style=\"padding-top:75%;\">\n\t\t\t<img loading=\"lazy\" decoding=\"async\" width=\"640\" height=\"400\" src=\"https:\/\/www.benk.ch\/wp-content\/uploads\/2019\/02\/formation_enfants_autonomes.jpg\" class=\"attachment-large size-large\" alt=\"\" srcset=\"https:\/\/www.benk.ch\/wp-content\/uploads\/2019\/02\/formation_enfants_autonomes.jpg 640w, https:\/\/www.benk.ch\/wp-content\/uploads\/2019\/02\/formation_enfants_autonomes-510x319.jpg 510w, https:\/\/www.benk.ch\/wp-content\/uploads\/2019\/02\/formation_enfants_autonomes-300x188.jpg 300w\" sizes=\"auto, (max-width: 640px) 100vw, 640px\" \/>\t\t\t\t\t\t\n\t\t\t\t\t<\/div>\n\t\t\t\t\t\t\t\t\n<style>\n#image_1451128594 {\n  width: 100%;\n}\n<\/style>\n\t<\/div>\n\t\n\n<p><span style=\"font-size: 95%;\">Nos solutions concr\u00e8tes aux troubles <\/span><\/p>\n<p><span style=\"font-size: 95%;\">\u00ab&nbsp;dys&nbsp;\u00bb des enfants et adolescents : <\/span><\/p>\n<p><span style=\"font-size: 95%;\">dyslexie, dysorthographie, dysgraphie ou dyscalculie \u2026<\/span><\/p>\n<a href=\"https:\/\/www.benk.ch\/solutions-de-soutien-personnalisees-pour-les-enfants\/les-enfants-dys\/\" class=\"button primary lowercase expand\" style=\"border-radius:10px;\">\n\t\t<span>Les enfants DYS<\/span>\n\t<\/a>\n\n\n\n\t\t<\/div>\n\t\t\t\t\t<\/div>\n\n\t\n\n\t<div id=\"col-1111359185\" class=\"col medium-4 small-12 large-4\"  >\n\t\t\t\t<div class=\"col-inner\"  >\n\t\t\t\n\t\t\t\n\n\t<div class=\"img has-hover x md-x lg-x y md-y lg-y\" id=\"image_121659360\">\n\t\t\t\t\t\t\t\t<div class=\"img-inner image-cover dark\" style=\"padding-top:75%;\">\n\t\t\t<img loading=\"lazy\" decoding=\"async\" width=\"1020\" height=\"680\" src=\"https:\/\/www.benk.ch\/wp-content\/uploads\/2019\/08\/4-1030x687.png\" class=\"attachment-large size-large\" alt=\"\" srcset=\"https:\/\/www.benk.ch\/wp-content\/uploads\/2019\/08\/4-1030x687.png 1030w, https:\/\/www.benk.ch\/wp-content\/uploads\/2019\/08\/4-510x340.png 510w, https:\/\/www.benk.ch\/wp-content\/uploads\/2019\/08\/4-300x200.png 300w, https:\/\/www.benk.ch\/wp-content\/uploads\/2019\/08\/4-768x512.png 768w, https:\/\/www.benk.ch\/wp-content\/uploads\/2019\/08\/4-1500x1000.png 1500w, https:\/\/www.benk.ch\/wp-content\/uploads\/2019\/08\/4-705x470.png 705w, https:\/\/www.benk.ch\/wp-content\/uploads\/2019\/08\/4.png 1920w\" sizes=\"auto, (max-width: 1020px) 100vw, 1020px\" \/>\t\t\t\t\t\t\n\t\t\t\t\t<\/div>\n\t\t\t\t\t\t\t\t\n<style>\n#image_121659360 {\n  width: 100%;\n}\n<\/style>\n\t<\/div>\n\t\n\n<p>Votre enfant est-il \u00ab&nbsp;accro&nbsp;\u00bb aux \u00e9crans ?<\/p>\n<p>Comment g\u00e9rer les acc\u00e8s aux \u00e9crans pour nos enfants ? Quelles sont les limites et les r\u00e8gles \u00e0 adopter ?<\/p>\n<a href=\"https:\/\/www.benk.ch\/solutions-de-soutien-personnalisees-pour-les-enfants\/addiction-ecrans-enfants\/\" class=\"button primary lowercase expand\" style=\"border-radius:10px;\">\n\t\t<span>Les addictions<\/span>\n\t<\/a>\n\n\n\n\t\t<\/div>\n\t\t\t\t\t<\/div>\n\n\t\n\n<\/div>\n\n\t\t<\/div>\n\n\t\t\n<style>\n#section_1957663367 {\n  padding-top: 30px;\n  padding-bottom: 30px;\n}\n<\/style>\n\t<\/section>\n\t\n","protected":false},"excerpt":{"rendered":"","protected":false},"author":2,"featured_media":0,"parent":0,"menu_order":0,"comment_status":"closed","ping_status":"closed","template":"page-blank.php","meta":{"inline_featured_image":false,"footnotes":""},"wf_page_folders":[],"class_list":["post-4458","page","type-page","status-publish","hentry"],"_links":{"self":[{"href":"https:\/\/www.benk.ch\/en\/wp-json\/wp\/v2\/pages\/4458","targetHints":{"allow":["GET"]}}],"collection":[{"href":"https:\/\/www.benk.ch\/en\/wp-json\/wp\/v2\/pages"}],"about":[{"href":"https:\/\/www.benk.ch\/en\/wp-json\/wp\/v2\/types\/page"}],"author":[{"embeddable":true,"href":"https:\/\/www.benk.ch\/en\/wp-json\/wp\/v2\/users\/2"}],"replies":[{"embeddable":true,"href":"https:\/\/www.benk.ch\/en\/wp-json\/wp\/v2\/comments?post=4458"}],"version-history":[{"count":0,"href":"https:\/\/www.benk.ch\/en\/wp-json\/wp\/v2\/pages\/4458\/revisions"}],"wp:attachment":[{"href":"https:\/\/www.benk.ch\/en\/wp-json\/wp\/v2\/media?parent=4458"}],"wp:term":[{"taxonomy":"wf_page_folders","embeddable":true,"href":"https:\/\/www.benk.ch\/en\/wp-json\/wp\/v2\/wf_page_folders?post=4458"}],"curies":[{"name":"wp","href":"https:\/\/api.w.org\/{rel}","templated":true}]}}