{"id":4448,"date":"2019-05-07T20:50:54","date_gmt":"2019-05-07T18:50:54","guid":{"rendered":"http:\/\/benk.ch\/soutien-aux-apprentis\/"},"modified":"2024-03-12T12:57:30","modified_gmt":"2024-03-12T11:57:30","slug":"soutien-aux-apprentis","status":"publish","type":"page","link":"https:\/\/www.benk.ch\/en\/soutien-aux-apprentis\/","title":{"rendered":"Support for apprentices"},"content":{"rendered":"\n\n  <div class=\"banner has-hover\" id=\"banner-615915709\">\n          <div class=\"banner-inner fill\">\n        <div class=\"banner-bg fill\" >\n            <img loading=\"lazy\" decoding=\"async\" width=\"1020\" height=\"573\" src=\"https:\/\/www.benk.ch\/wp-content\/uploads\/2021\/12\/Copie-de-Design-sans-nom-1030x579.png\" class=\"bg attachment-large size-large\" alt=\"\" \/>                        <div class=\"overlay\"><\/div>            \n                    <\/div>\n\t\t\n        <div class=\"banner-layers container\">\n            <div class=\"fill banner-link\"><\/div>            \n\n   <div id=\"text-box-1272768498\" class=\"text-box banner-layer x50 md-x50 lg-x50 y50 md-y50 lg-y50 res-text\">\n                                <div class=\"text-box-content text dark\">\n              \n              <div class=\"text-inner text-center\">\n                  \n\n\t<div id=\"text-221377756\" class=\"text\">\n\t\t\n\n<h3 class=\"uppercase\">Support for apprentices<\/h3>\n<p>Full-time or dual learning<\/p>\n\t\t\n<style>\n#text-221377756 {\n  line-height: 0.75;\n  text-align: left;\n}\n<\/style>\n\t<\/div>\n\t\n\n              <\/div>\n           <\/div>\n                            \n<style>\n#text-box-1272768498 {\n  width: 97%;\n}\n#text-box-1272768498 .text-box-content {\n  font-size: 100%;\n}\n<\/style>\n    <\/div>\n \n\n        <\/div>\n      <\/div>\n\n            \n<style>\n#banner-615915709 {\n  padding-top: 150px;\n}\n#banner-615915709 .overlay {\n  background-color: rgba(0, 0, 0, 0.221);\n}\n#banner-615915709 .banner-bg img {\n  object-position: 10% 70%;\n}\n<\/style>\n  <\/div>\n\n\n\n\t<section class=\"section\" id=\"section_1564207280\">\n\t\t<div class=\"section-bg fill\" >\n\t\t\t\t\t\t\t\t\t\n\t\t\t\n\n\t\t<\/div>\n\n\t\t\n\n\t\t<div class=\"section-content relative\">\n\t\t\t\n\n<div class=\"row align-middle\"  id=\"row-1647781549\">\n\n\n\t<div id=\"col-79275190\" class=\"col medium-4 small-12 large-4\"  >\n\t\t\t\t<div class=\"col-inner\"  >\n\t\t\t\n\t\t\t\n\n\t<div class=\"img has-hover x md-x lg-x y md-y lg-y\" id=\"image_1353991865\">\n\t\t\t\t\t\t\t\t<div class=\"img-inner image-cover dark\" style=\"padding-top:75%;\">\n\t\t\t<img loading=\"lazy\" decoding=\"async\" width=\"1020\" height=\"680\" src=\"https:\/\/www.benk.ch\/wp-content\/uploads\/2019\/08\/41-1030x687.png\" class=\"attachment-large size-large\" alt=\"\" srcset=\"https:\/\/www.benk.ch\/wp-content\/uploads\/2019\/08\/41-1030x687.png 1030w, https:\/\/www.benk.ch\/wp-content\/uploads\/2019\/08\/41-510x340.png 510w, https:\/\/www.benk.ch\/wp-content\/uploads\/2019\/08\/41-300x200.png 300w, https:\/\/www.benk.ch\/wp-content\/uploads\/2019\/08\/41-768x512.png 768w, https:\/\/www.benk.ch\/wp-content\/uploads\/2019\/08\/41-1500x1000.png 1500w, https:\/\/www.benk.ch\/wp-content\/uploads\/2019\/08\/41-705x470.png 705w, https:\/\/www.benk.ch\/wp-content\/uploads\/2019\/08\/41.png 1920w\" sizes=\"auto, (max-width: 1020px) 100vw, 1020px\" \/>\t\t\t\t\t\t\n\t\t\t\t\t<\/div>\n\t\t\t\t\t\t\t\t\n<style>\n#image_1353991865 {\n  width: 100%;\n}\n<\/style>\n\t<\/div>\n\t\n\n\n\t\t<\/div>\n\t\t\t\t\t<\/div>\n\n\t\n\n\t<div id=\"col-1429138965\" class=\"col medium-8 small-12 large-8\"  >\n\t\t\t\t<div class=\"col-inner\"  >\n\t\t\t\n\t\t\t\n\n<h2 class=\"uppercase\" data-line-height=\"s\">Career guidance<\/h2>\n<p><strong>Finding a job and an apprenticeship<\/strong><\/p>\n<p>For a teenager or young adult, understanding their needs and recognizing their path is not so easy.<\/p>\n<p>There are so many different jobs, you would have to be able to do internships and test your skills in the field to see for yourself.<\/p>\n<p>Unfortunately, this is not always possible and many students find themselves in jobs that do not suit them.<\/p>\n<p>This is not easy for both parents and children. It is often a source of tension and sometimes even conflict.<\/p>\n<p><span style=\"color: #f99b1c;\"><strong>Helping the teenager, or young adult, to find his or her academic and professional orientation, through personalized support: these are the mission and objective of Benk\u2019s experienced coaches.<\/strong><\/span><\/p>\n\n\t\t<\/div>\n\t\t\t\t\t<\/div>\n\n\t\n\n<\/div>\n\n\t\t<\/div>\n\n\t\t\n<style>\n#section_1564207280 {\n  padding-top: 30px;\n  padding-bottom: 30px;\n}\n<\/style>\n\t<\/section>\n\t\n\n\t<section class=\"section\" id=\"section_1213857372\">\n\t\t<div class=\"section-bg fill\" >\n\t\t\t\t\t\t\t\t\t\n\t\t\t\n\n\t\t<\/div>\n\n\t\t\n\n\t\t<div class=\"section-content relative\">\n\t\t\t\n\n<div class=\"row align-middle\"  id=\"row-1484485429\">\n\n\n\t<div id=\"col-1616300520\" class=\"col medium-8 small-12 large-8\"  >\n\t\t\t\t<div class=\"col-inner\"  >\n\t\t\t\n\t\t\t\n\n<h2 class=\"uppercase\" data-line-height=\"s\">How to find your academic and professional orientation?&nbsp; &nbsp; &nbsp;&nbsp;<\/h2>\n<p><strong>Personal support in line with the field<\/strong><\/p>\n<p>We help apprentices \u2013 or future apprentices \u2013 to:<\/p>\n<ul>\n<li>search for jobs according to personal skills and interests,<\/li>\n<li>look for an internship to confirm the future professional choice,<\/li>\n<li>prepare your CV and cover letters to find an apprenticeship,<\/li>\n<li>develop learning strategies and tools to improve memory and academic performance,<\/li>\n<li>develop social and professional skills to integrate into the company,<\/li>\n<li>work on self-confidence, motivation, autonomy, emotion and fear<\/li>\n<li>management, in order to maximize the ability to succeed,<\/li>\n<li>work on the mind, in order to develop a strong and winning state of mind.<\/li>\n<\/ul>\n<a href=\"https:\/\/www.benk.ch\/en\/our-approach\/\" class=\"button primary lowercase\" style=\"border-radius:10px;\">\n\t\t<span>Read more<\/span>\n\t<\/a>\n\n\n\n\t\t<\/div>\n\t\t\t\t\t<\/div>\n\n\t\n\n\t<div id=\"col-2022077094\" class=\"col medium-4 small-12 large-4\"  >\n\t\t\t\t<div class=\"col-inner\"  >\n\t\t\t\n\t\t\t\n\n\t<div class=\"img has-hover x md-x lg-x y md-y lg-y\" id=\"image_1911363439\">\n\t\t\t\t\t\t\t\t<div class=\"img-inner image-cover dark\" style=\"padding-top:75%;\">\n\t\t\t<img loading=\"lazy\" decoding=\"async\" width=\"1020\" height=\"680\" src=\"https:\/\/www.benk.ch\/wp-content\/uploads\/2019\/08\/15-1030x687.png\" class=\"attachment-large size-large\" alt=\"\" srcset=\"https:\/\/www.benk.ch\/wp-content\/uploads\/2019\/08\/15-1030x687.png 1030w, https:\/\/www.benk.ch\/wp-content\/uploads\/2019\/08\/15-510x340.png 510w, https:\/\/www.benk.ch\/wp-content\/uploads\/2019\/08\/15-300x200.png 300w, https:\/\/www.benk.ch\/wp-content\/uploads\/2019\/08\/15-768x512.png 768w, https:\/\/www.benk.ch\/wp-content\/uploads\/2019\/08\/15-1500x1000.png 1500w, https:\/\/www.benk.ch\/wp-content\/uploads\/2019\/08\/15-705x470.png 705w, https:\/\/www.benk.ch\/wp-content\/uploads\/2019\/08\/15.png 1920w\" sizes=\"auto, (max-width: 1020px) 100vw, 1020px\" \/>\t\t\t\t\t\t\n\t\t\t\t\t<\/div>\n\t\t\t\t\t\t\t\t\n<style>\n#image_1911363439 {\n  width: 100%;\n}\n<\/style>\n\t<\/div>\n\t\n\n\n\t\t<\/div>\n\t\t\t\t\t<\/div>\n\n\t\n\n<\/div>\n\n\t\t<\/div>\n\n\t\t\n<style>\n#section_1213857372 {\n  padding-top: 30px;\n  padding-bottom: 30px;\n  background-color: rgb(248, 248, 248);\n}\n<\/style>\n\t<\/section>\n\t\n\n\t<section class=\"section\" id=\"section_1172890566\">\n\t\t<div class=\"section-bg fill\" >\n\t\t\t\t\t\t\t\t\t\n\t\t\t\n\n\t\t<\/div>\n\n\t\t\n\n\t\t<div class=\"section-content relative\">\n\t\t\t\n\n<div class=\"row align-middle\"  id=\"row-1460044019\">\n\n\n\t<div id=\"col-1366127760\" class=\"col medium-4 small-12 large-4\"  >\n\t\t\t\t<div class=\"col-inner\"  >\n\t\t\t\n\t\t\t\n\n\t<div class=\"img has-hover x md-x lg-x y md-y lg-y\" id=\"image_842307454\">\n\t\t\t\t\t\t\t\t<div class=\"img-inner image-cover dark\" style=\"padding-top:75%;\">\n\t\t\t<img loading=\"lazy\" decoding=\"async\" width=\"1020\" height=\"660\" src=\"https:\/\/www.benk.ch\/wp-content\/uploads\/2019\/08\/Coaching-Adulte-1030x666.jpg\" class=\"attachment-large size-large\" alt=\"\" srcset=\"https:\/\/www.benk.ch\/wp-content\/uploads\/2019\/08\/Coaching-Adulte-1030x666.jpg 1030w, https:\/\/www.benk.ch\/wp-content\/uploads\/2019\/08\/Coaching-Adulte-510x330.jpg 510w, https:\/\/www.benk.ch\/wp-content\/uploads\/2019\/08\/Coaching-Adulte-300x194.jpg 300w, https:\/\/www.benk.ch\/wp-content\/uploads\/2019\/08\/Coaching-Adulte-768x496.jpg 768w, https:\/\/www.benk.ch\/wp-content\/uploads\/2019\/08\/Coaching-Adulte-1500x970.jpg 1500w, https:\/\/www.benk.ch\/wp-content\/uploads\/2019\/08\/Coaching-Adulte-705x456.jpg 705w, https:\/\/www.benk.ch\/wp-content\/uploads\/2019\/08\/Coaching-Adulte.jpg 1980w\" sizes=\"auto, (max-width: 1020px) 100vw, 1020px\" \/>\t\t\t\t\t\t\n\t\t\t\t\t<\/div>\n\t\t\t\t\t\t\t\t\n<style>\n#image_842307454 {\n  width: 100%;\n}\n<\/style>\n\t<\/div>\n\t\n\n\n\t\t<\/div>\n\t\t\t\t\t<\/div>\n\n\t\n\n\t<div id=\"col-1095091066\" class=\"col medium-8 small-12 large-8\"  >\n\t\t\t\t<div class=\"col-inner\"  >\n\t\t\t\n\t\t\t\n\n<h2 class=\"uppercase\" data-line-height=\"s\">Our advice to find your way&nbsp;<\/h2>\n<p><strong>Choose the right profession<br><\/strong><\/p>\n<p>As an apprentice, it is not easy to find your way around when faced with the many possible job choices.<br>Before making your choice, it is important to compare the trades that interest you and to define a professional project.<\/p>\n<p>Benk advises and supports you, from research to job interviews:<\/p>\n<ul>\n<li>Evaluate the chosen trades according to skills and interests,<\/li>\n<li>Find out about the admission requirements for vocational school training,<\/li>\n<li>Actively research to find an apprenticeship position, if the training is in a company,<\/li>\n<li>Make a good resume and an engaging cover letter,<\/li>\n<li>Be well prepared for the job interview.<\/li>\n<\/ul>\n<a href=\"https:\/\/www.benk.ch\/en\/soutien-aux-apprentis\/soutien-scolaire-aux-apprentis\/\" class=\"button primary lowercase\" style=\"border-radius:10px;\">\n\t\t<span>Read more<\/span>\n\t<\/a>\n\n\n\n\t\t<\/div>\n\t\t\t\t\t<\/div>\n\n\t\n\n<\/div>\n\n\t\t<\/div>\n\n\t\t\n<style>\n#section_1172890566 {\n  padding-top: 30px;\n  padding-bottom: 30px;\n}\n<\/style>\n\t<\/section>\n\t\n\n\t<section class=\"section\" id=\"section_1580158369\">\n\t\t<div class=\"section-bg fill\" >\n\t\t\t\t\t\t\t\t\t\n\t\t\t\n\n\t\t<\/div>\n\n\t\t\n\n\t\t<div class=\"section-content relative\">\n\t\t\t\n\n\n  <div class=\"banner has-hover\" id=\"banner-1805394796\">\n          <div class=\"banner-inner fill\">\n        <div class=\"banner-bg fill\" >\n            <img loading=\"lazy\" decoding=\"async\" width=\"1020\" height=\"573\" src=\"https:\/\/www.benk.ch\/wp-content\/uploads\/2021\/12\/Copie-de-Design-sans-nom-1030x579.png\" class=\"bg attachment-large size-large\" alt=\"\" \/>                        <div class=\"overlay\"><\/div>            \n                    <\/div>\n\t\t\n        <div class=\"banner-layers container\">\n            <div class=\"fill banner-link\"><\/div>            \n\n   <div id=\"text-box-1683487948\" class=\"text-box banner-layer x50 md-x50 lg-x50 y50 md-y50 lg-y50 res-text\">\n                                <div class=\"text-box-content text dark\">\n              \n              <div class=\"text-inner text-center\">\n                  \n\n\t<div id=\"text-4054119418\" class=\"text\">\n\t\t\n\n<h4 class=\"uppercase\">We are at your disposal for a personalized solution.&nbsp;<\/h4>\n\t\t\n<style>\n#text-4054119418 {\n  line-height: 0.75;\n  text-align: center;\n}\n<\/style>\n\t<\/div>\n\t\n<a href=\"https:\/\/www.benk.ch\/prise-de-rendez-vous\/\" class=\"button primary lowercase\" style=\"border-radius:99px;\">\n\t\t<span>Contact us<\/span>\n\t<\/a>\n\n\n\n              <\/div>\n           <\/div>\n                            \n<style>\n#text-box-1683487948 {\n  width: 95%;\n}\n#text-box-1683487948 .text-box-content {\n  font-size: 100%;\n}\n<\/style>\n    <\/div>\n \n\n        <\/div>\n      <\/div>\n\n            \n<style>\n#banner-1805394796 {\n  padding-top: 150px;\n}\n#banner-1805394796 .overlay {\n  background-color: rgba(0, 0, 0, 0.221);\n}\n#banner-1805394796 .banner-bg img {\n  object-position: 10% 70%;\n}\n<\/style>\n  <\/div>\n\n\n\n\t\t<\/div>\n\n\t\t\n<style>\n#section_1580158369 {\n  padding-top: 0px;\n  padding-bottom: 0px;\n  background-color: rgb(0, 146, 213);\n}\n<\/style>\n\t<\/section>\n\t\n\t<div id=\"gap-1044970844\" class=\"gap-element clearfix\" style=\"display:block; height:auto;\">\n\t\t\n<style>\n#gap-1044970844 {\n  padding-top: 30px;\n}\n<\/style>\n\t<\/div>\n\t\n\n<div class=\"container section-title-container\" ><h3 class=\"section-title section-title-normal\"><b aria-hidden=\"true\"><\/b><span class=\"section-title-main\" >Related to the subject<\/span><b aria-hidden=\"true\"><\/b><\/h3><\/div>\n\n\n\t<section class=\"section\" id=\"section_1868186981\">\n\t\t<div class=\"section-bg fill\" >\n\t\t\t\t\t\t\t\t\t\n\t\t\t\n\n\t\t<\/div>\n\n\t\t\n\n\t\t<div class=\"section-content relative\">\n\t\t\t\n\n<div class=\"row\"  id=\"row-34988118\">\n\n\n\t<div id=\"col-559677812\" class=\"col medium-4 small-12 large-4\"  >\n\t\t\t\t<div class=\"col-inner\"  >\n\t\t\t\n\t\t\t\n\n\t<div class=\"img has-hover x md-x lg-x y md-y lg-y\" id=\"image_1897438959\">\n\t\t\t\t\t\t\t\t<div class=\"img-inner image-cover dark\" style=\"padding-top:75%;\">\n\t\t\t<img loading=\"lazy\" decoding=\"async\" width=\"1020\" height=\"680\" src=\"https:\/\/www.benk.ch\/wp-content\/uploads\/2019\/08\/3-1030x687.png\" class=\"attachment-large size-large\" alt=\"Soutien scolaire HPI\" srcset=\"https:\/\/www.benk.ch\/wp-content\/uploads\/2019\/08\/3-1030x687.png 1030w, https:\/\/www.benk.ch\/wp-content\/uploads\/2019\/08\/3-510x340.png 510w, https:\/\/www.benk.ch\/wp-content\/uploads\/2019\/08\/3-300x200.png 300w, https:\/\/www.benk.ch\/wp-content\/uploads\/2019\/08\/3-768x512.png 768w, https:\/\/www.benk.ch\/wp-content\/uploads\/2019\/08\/3-1500x1000.png 1500w, https:\/\/www.benk.ch\/wp-content\/uploads\/2019\/08\/3-705x470.png 705w, https:\/\/www.benk.ch\/wp-content\/uploads\/2019\/08\/3.png 1920w\" sizes=\"auto, (max-width: 1020px) 100vw, 1020px\" \/>\t\t\t\t\t\t\n\t\t\t\t\t<\/div>\n\t\t\t\t\t\t\t\t\n<style>\n#image_1897438959 {\n  width: 100%;\n}\n<\/style>\n\t<\/div>\n\t\n\n<p>Etre \u00ab&nbsp;haut potentiel&nbsp;\u00bb (HP, z\u00e9bre ou surdou\u00e9) signifie avoir un rythme de d\u00e9veloppement nettement sup\u00e9rieur \u00e0 la moyenne de son \u00e2ge, en intelligence cognitive et en intelligence \u00e9motionnelle.<\/p>\n<a href=\"https:\/\/www.benk.ch\/en\/solutions-de-soutien-personnalisees-pour-les-enfants\/haut-potentiel-enfant\/\" class=\"button primary lowercase expand\" style=\"border-radius:10px;\">\n\t\t<span>Les Hauts Potentiels (HP)<\/span>\n\t<\/a>\n\n\n\n\t\t<\/div>\n\t\t\t\t\t<\/div>\n\n\t\n\n\t<div id=\"col-911849419\" class=\"col medium-4 small-12 large-4\"  >\n\t\t\t\t<div class=\"col-inner\"  >\n\t\t\t\n\t\t\t\n\n\t<div class=\"img has-hover x md-x lg-x y md-y lg-y\" id=\"image_1036797173\">\n\t\t\t\t\t\t\t\t<div class=\"img-inner image-cover dark\" style=\"padding-top:75%;\">\n\t\t\t<img loading=\"lazy\" decoding=\"async\" width=\"1020\" height=\"680\" src=\"https:\/\/www.benk.ch\/wp-content\/uploads\/2019\/08\/21-1030x687.png\" class=\"attachment-large size-large\" alt=\"\" srcset=\"https:\/\/www.benk.ch\/wp-content\/uploads\/2019\/08\/21-1030x687.png 1030w, https:\/\/www.benk.ch\/wp-content\/uploads\/2019\/08\/21-510x340.png 510w, https:\/\/www.benk.ch\/wp-content\/uploads\/2019\/08\/21-300x200.png 300w, https:\/\/www.benk.ch\/wp-content\/uploads\/2019\/08\/21-768x512.png 768w, https:\/\/www.benk.ch\/wp-content\/uploads\/2019\/08\/21-1500x1000.png 1500w, https:\/\/www.benk.ch\/wp-content\/uploads\/2019\/08\/21-705x470.png 705w, https:\/\/www.benk.ch\/wp-content\/uploads\/2019\/08\/21.png 1920w\" sizes=\"auto, (max-width: 1020px) 100vw, 1020px\" \/>\t\t\t\t\t\t\n\t\t\t\t\t<\/div>\n\t\t\t\t\t\t\t\t\n<style>\n#image_1036797173 {\n  width: 100%;\n}\n<\/style>\n\t<\/div>\n\t\n\n<p><span style=\"font-size: 100%;\">Nos solutions concr\u00e8tes aux troubles \u00ab&nbsp;dys&nbsp;\u00bb: &nbsp; &nbsp; &nbsp; &nbsp; &nbsp; &nbsp; &nbsp;<\/span><\/p>\n<p><span style=\"font-size: 100%;\">dyslexie, dysorthographie, dysgraphie ou dyscalculie \u2026<\/span><\/p>\n<a href=\"https:\/\/www.benk.ch\/solutions-de-soutien-personnalisees-pour-les-enfants\/les-enfants-dys\/\" class=\"button primary lowercase expand\" style=\"border-radius:10px;\">\n\t\t<span>Les enfants DYS<\/span>\n\t<\/a>\n\n\n\n\t\t<\/div>\n\t\t\t\t\t<\/div>\n\n\t\n\n\t<div id=\"col-1111145912\" class=\"col medium-4 small-12 large-4\"  >\n\t\t\t\t<div class=\"col-inner\"  >\n\t\t\t\n\t\t\t\n\n\t<div class=\"img has-hover x md-x lg-x y md-y lg-y\" id=\"image_136230459\">\n\t\t\t\t\t\t\t\t<div class=\"img-inner image-cover dark\" style=\"padding-top:75%;\">\n\t\t\t<img loading=\"lazy\" decoding=\"async\" width=\"1020\" height=\"680\" src=\"https:\/\/www.benk.ch\/wp-content\/uploads\/2019\/08\/15-1030x687.png\" class=\"attachment-large size-large\" alt=\"\" srcset=\"https:\/\/www.benk.ch\/wp-content\/uploads\/2019\/08\/15-1030x687.png 1030w, https:\/\/www.benk.ch\/wp-content\/uploads\/2019\/08\/15-510x340.png 510w, https:\/\/www.benk.ch\/wp-content\/uploads\/2019\/08\/15-300x200.png 300w, https:\/\/www.benk.ch\/wp-content\/uploads\/2019\/08\/15-768x512.png 768w, https:\/\/www.benk.ch\/wp-content\/uploads\/2019\/08\/15-1500x1000.png 1500w, https:\/\/www.benk.ch\/wp-content\/uploads\/2019\/08\/15-705x470.png 705w, https:\/\/www.benk.ch\/wp-content\/uploads\/2019\/08\/15.png 1920w\" sizes=\"auto, (max-width: 1020px) 100vw, 1020px\" \/>\t\t\t\t\t\t\n\t\t\t\t\t<\/div>\n\t\t\t\t\t\t\t\t\n<style>\n#image_136230459 {\n  width: 100%;\n}\n<\/style>\n\t<\/div>\n\t\n\n<p>Votre enfant est-il \u00ab&nbsp;accro&nbsp;\u00bb aux \u00e9crans ?<\/p>\n<p>Comment g\u00e9rer les acc\u00e8s aux \u00e9crans pour nos enfants ? Quelles sont les limites et les r\u00e8gles \u00e0 adopter ?<\/p>\n<a href=\"https:\/\/www.benk.ch\/solutions-de-soutien-personnalisees-pour-les-enfants\/addiction-ecrans-enfants\/\" class=\"button primary lowercase expand\" style=\"border-radius:10px;\">\n\t\t<span>Les addictions<\/span>\n\t<\/a>\n\n\n\n\t\t<\/div>\n\t\t\t\t\t<\/div>\n\n\t\n\n<\/div>\n\n\t\t<\/div>\n\n\t\t\n<style>\n#section_1868186981 {\n  padding-top: 30px;\n  padding-bottom: 30px;\n}\n<\/style>\n\t<\/section>\n\t\n","protected":false},"excerpt":{"rendered":"","protected":false},"author":2,"featured_media":0,"parent":0,"menu_order":0,"comment_status":"closed","ping_status":"closed","template":"page-blank.php","meta":{"inline_featured_image":false,"footnotes":""},"wf_page_folders":[],"class_list":["post-4448","page","type-page","status-publish","hentry"],"_links":{"self":[{"href":"https:\/\/www.benk.ch\/en\/wp-json\/wp\/v2\/pages\/4448","targetHints":{"allow":["GET"]}}],"collection":[{"href":"https:\/\/www.benk.ch\/en\/wp-json\/wp\/v2\/pages"}],"about":[{"href":"https:\/\/www.benk.ch\/en\/wp-json\/wp\/v2\/types\/page"}],"author":[{"embeddable":true,"href":"https:\/\/www.benk.ch\/en\/wp-json\/wp\/v2\/users\/2"}],"replies":[{"embeddable":true,"href":"https:\/\/www.benk.ch\/en\/wp-json\/wp\/v2\/comments?post=4448"}],"version-history":[{"count":0,"href":"https:\/\/www.benk.ch\/en\/wp-json\/wp\/v2\/pages\/4448\/revisions"}],"wp:attachment":[{"href":"https:\/\/www.benk.ch\/en\/wp-json\/wp\/v2\/media?parent=4448"}],"wp:term":[{"taxonomy":"wf_page_folders","embeddable":true,"href":"https:\/\/www.benk.ch\/en\/wp-json\/wp\/v2\/wf_page_folders?post=4448"}],"curies":[{"name":"wp","href":"https:\/\/api.w.org\/{rel}","templated":true}]}}