{"id":4386,"date":"2019-02-20T11:42:39","date_gmt":"2019-02-20T10:42:39","guid":{"rendered":"http:\/\/benk.ch\/enfants-soutien-scolaire\/"},"modified":"2024-03-12T12:58:05","modified_gmt":"2024-03-12T11:58:05","slug":"school-support-for-children-and-teenagers","status":"publish","type":"page","link":"https:\/\/www.benk.ch\/en\/school-support-for-children-and-teenagers\/","title":{"rendered":"Tutoring for children &amp; teenagers"},"content":{"rendered":"\n\n  <div class=\"banner has-hover\" id=\"banner-1180519257\">\n          <div class=\"banner-inner fill\">\n        <div class=\"banner-bg fill\" >\n            <img loading=\"lazy\" decoding=\"async\" width=\"1020\" height=\"573\" src=\"https:\/\/www.benk.ch\/wp-content\/uploads\/2021\/12\/Copie-de-Design-sans-nom-1030x579.png\" class=\"bg attachment-large size-large\" alt=\"\" \/>                        <div class=\"overlay\"><\/div>            \n                    <\/div>\n\t\t\n        <div class=\"banner-layers container\">\n            <div class=\"fill banner-link\"><\/div>            \n\n   <div id=\"text-box-511463456\" class=\"text-box banner-layer x50 md-x50 lg-x50 y50 md-y50 lg-y50 res-text\">\n                                <div class=\"text-box-content text dark\">\n              \n              <div class=\"text-inner text-center\">\n                  \n\n\t<div id=\"text-3567718642\" class=\"text\">\n\t\t\n\n<h3 class=\"uppercase\">For your children<\/h3>\n<p>Customized solutions for your children<\/p>\n\t\t\n<style>\n#text-3567718642 {\n  line-height: 0.75;\n  text-align: left;\n}\n<\/style>\n\t<\/div>\n\t\n\n              <\/div>\n           <\/div>\n                            \n<style>\n#text-box-511463456 {\n  width: 97%;\n}\n#text-box-511463456 .text-box-content {\n  font-size: 100%;\n}\n<\/style>\n    <\/div>\n \n\n        <\/div>\n      <\/div>\n\n            \n<style>\n#banner-1180519257 {\n  padding-top: 150px;\n}\n#banner-1180519257 .overlay {\n  background-color: rgba(0, 0, 0, 0.221);\n}\n#banner-1180519257 .banner-bg img {\n  object-position: 10% 70%;\n}\n<\/style>\n  <\/div>\n\n\n\t<div id=\"gap-1397824390\" class=\"gap-element clearfix\" style=\"display:block; height:auto;\">\n\t\t\n<style>\n#gap-1397824390 {\n  padding-top: 50px;\n}\n<\/style>\n\t<\/div>\n\t\n\n<div class=\"row\"  id=\"row-1594445158\">\n\n\n\t<div id=\"col-1681561986\" class=\"col medium-4 small-12 large-4\"  >\n\t\t\t\t<div class=\"col-inner\"  >\n\t\t\t\n\t\t\t\n\n\t<div class=\"img has-hover x md-x lg-x y md-y lg-y\" id=\"image_406552097\">\n\t\t\t\t\t\t\t\t<div class=\"img-inner image-cover dark\" style=\"padding-top:75%;\">\n\t\t\t<img loading=\"lazy\" decoding=\"async\" width=\"1020\" height=\"680\" src=\"https:\/\/www.benk.ch\/wp-content\/uploads\/2019\/08\/Sans-titre-1030x687.png\" class=\"attachment-large size-large\" alt=\"\" srcset=\"https:\/\/www.benk.ch\/wp-content\/uploads\/2019\/08\/Sans-titre-1030x687.png 1030w, https:\/\/www.benk.ch\/wp-content\/uploads\/2019\/08\/Sans-titre-510x340.png 510w, https:\/\/www.benk.ch\/wp-content\/uploads\/2019\/08\/Sans-titre-300x200.png 300w, https:\/\/www.benk.ch\/wp-content\/uploads\/2019\/08\/Sans-titre-768x512.png 768w, https:\/\/www.benk.ch\/wp-content\/uploads\/2019\/08\/Sans-titre-1500x1000.png 1500w, https:\/\/www.benk.ch\/wp-content\/uploads\/2019\/08\/Sans-titre-705x470.png 705w, https:\/\/www.benk.ch\/wp-content\/uploads\/2019\/08\/Sans-titre.png 1920w\" sizes=\"auto, (max-width: 1020px) 100vw, 1020px\" \/>\t\t\t\t\t\t\n\t\t\t\t\t<\/div>\n\t\t\t\t\t\t\t\t\n<style>\n#image_406552097 {\n  width: 100%;\n}\n<\/style>\n\t<\/div>\n\t\n\n<h2 class=\"lead thin-font\">Our training courses for schoolchildren<\/h2>\n<p>Private tutoring in the form of academic coaching, depending on your child\u2019s pace and abilities.<br>Personalised objectives and regular reviews.<br>Rapid results thanks to intensive and effective monitoring.<\/p>\n<a href=\"https:\/\/www.benk.ch\/en\/our-courses\/\" class=\"button primary is-bevel lowercase expand\" >\n\t\t<span>Read more<\/span>\n\t<\/a>\n\n\n\n\t\t<\/div>\n\t\t\t\t\t<\/div>\n\n\t\n\n\t<div id=\"col-1760853456\" class=\"col medium-4 small-12 large-4\"  >\n\t\t\t\t<div class=\"col-inner\"  >\n\t\t\t\n\t\t\t\n\n\t<div class=\"img has-hover x md-x lg-x y md-y lg-y\" id=\"image_697816015\">\n\t\t\t\t\t\t\t\t<div class=\"img-inner image-cover dark\" style=\"padding-top:75%;\">\n\t\t\t<img loading=\"lazy\" decoding=\"async\" width=\"1020\" height=\"680\" src=\"https:\/\/www.benk.ch\/wp-content\/uploads\/2019\/08\/2-1030x687.png\" class=\"attachment-large size-large\" alt=\"\" srcset=\"https:\/\/www.benk.ch\/wp-content\/uploads\/2019\/08\/2-1030x687.png 1030w, https:\/\/www.benk.ch\/wp-content\/uploads\/2019\/08\/2-510x340.png 510w, https:\/\/www.benk.ch\/wp-content\/uploads\/2019\/08\/2-300x200.png 300w, https:\/\/www.benk.ch\/wp-content\/uploads\/2019\/08\/2-768x512.png 768w, https:\/\/www.benk.ch\/wp-content\/uploads\/2019\/08\/2-1500x1000.png 1500w, https:\/\/www.benk.ch\/wp-content\/uploads\/2019\/08\/2-705x470.png 705w, https:\/\/www.benk.ch\/wp-content\/uploads\/2019\/08\/2.png 1920w\" sizes=\"auto, (max-width: 1020px) 100vw, 1020px\" \/>\t\t\t\t\t\t\n\t\t\t\t\t<\/div>\n\t\t\t\t\t\t\t\t\n<style>\n#image_697816015 {\n  width: 100%;\n}\n<\/style>\n\t<\/div>\n\t\n\n<h2 class=\"lead thin-font\">Our tailor-made teaching methods<\/h2>\n<p>Learn according to the child\u2019s level and rhythm.<br>Develop autonomy and motivation.<br>Improve self-confidence, concentration and attention.<\/p>\n<a href=\"https:\/\/www.benk.ch\/en\/personal-development-for-children\/pedagogy-for-children\/\" class=\"button primary lowercase expand\" >\n\t\t<span>Read more<\/span>\n\t<\/a>\n\n\n\n\t\t<\/div>\n\t\t\t\t\t<\/div>\n\n\t\n\n\t<div id=\"col-1000139950\" class=\"col medium-4 small-12 large-4\"  >\n\t\t\t\t<div class=\"col-inner\"  >\n\t\t\t\n\t\t\t\n\n\t<div class=\"img has-hover x md-x lg-x y md-y lg-y\" id=\"image_1284300969\">\n\t\t\t\t\t\t\t\t<div class=\"img-inner image-cover dark\" style=\"padding-top:75%;\">\n\t\t\t<img loading=\"lazy\" decoding=\"async\" width=\"1020\" height=\"680\" src=\"https:\/\/www.benk.ch\/wp-content\/uploads\/2019\/08\/18-1030x687.png\" class=\"attachment-large size-large\" alt=\"\" srcset=\"https:\/\/www.benk.ch\/wp-content\/uploads\/2019\/08\/18-1030x687.png 1030w, https:\/\/www.benk.ch\/wp-content\/uploads\/2019\/08\/18-510x340.png 510w, https:\/\/www.benk.ch\/wp-content\/uploads\/2019\/08\/18-300x200.png 300w, https:\/\/www.benk.ch\/wp-content\/uploads\/2019\/08\/18-768x512.png 768w, https:\/\/www.benk.ch\/wp-content\/uploads\/2019\/08\/18-1500x1000.png 1500w, https:\/\/www.benk.ch\/wp-content\/uploads\/2019\/08\/18-705x470.png 705w, https:\/\/www.benk.ch\/wp-content\/uploads\/2019\/08\/18.png 1920w\" sizes=\"auto, (max-width: 1020px) 100vw, 1020px\" \/>\t\t\t\t\t\t\n\t\t\t\t\t<\/div>\n\t\t\t\t\t\t\t\t\n<style>\n#image_1284300969 {\n  width: 100%;\n}\n<\/style>\n\t<\/div>\n\t\n\n<h2 class=\"lead thin-font\">His\/Her personal development<\/h2>\n<p>Personal development strategies and tools dedicated to your child.<br>Learn while being happy and fulfilled.<br>Finding your way and learning to communicate better.<\/p>\n<a href=\"https:\/\/www.benk.ch\/en\/personal-development-for-children\/\" class=\"button primary lowercase expand\" >\n\t\t<span>Read more<\/span>\n\t<\/a>\n\n\n\n\t\t<\/div>\n\t\t\t\t\t<\/div>\n\n\t\n\n<\/div>\n\n\t<section class=\"section\" id=\"section_1276684122\">\n\t\t<div class=\"section-bg fill\" >\n\t\t\t\t\t\t\t\t\t\n\t\t\t\n\n\t\t<\/div>\n\n\t\t\n\n\t\t<div class=\"section-content relative\">\n\t\t\t\n\n<div class=\"row align-middle\"  id=\"row-781111522\">\n\n\n\t<div id=\"col-637991037\" class=\"col medium-5 small-12 large-5\"  >\n\t\t\t\t<div class=\"col-inner\"  >\n\t\t\t\n\t\t\t\n\n\t<div class=\"img has-hover x md-x lg-x y md-y lg-y\" id=\"image_389601449\">\n\t\t\t\t\t\t\t\t<div class=\"img-inner image-cover dark\" style=\"padding-top:75%;\">\n\t\t\t<img loading=\"lazy\" decoding=\"async\" width=\"1020\" height=\"680\" src=\"https:\/\/www.benk.ch\/wp-content\/uploads\/2019\/08\/20-1030x687.png\" class=\"attachment-large size-large\" alt=\"\" srcset=\"https:\/\/www.benk.ch\/wp-content\/uploads\/2019\/08\/20-1030x687.png 1030w, https:\/\/www.benk.ch\/wp-content\/uploads\/2019\/08\/20-510x340.png 510w, https:\/\/www.benk.ch\/wp-content\/uploads\/2019\/08\/20-300x200.png 300w, https:\/\/www.benk.ch\/wp-content\/uploads\/2019\/08\/20-768x512.png 768w, https:\/\/www.benk.ch\/wp-content\/uploads\/2019\/08\/20-1500x1000.png 1500w, https:\/\/www.benk.ch\/wp-content\/uploads\/2019\/08\/20-705x470.png 705w, https:\/\/www.benk.ch\/wp-content\/uploads\/2019\/08\/20.png 1920w\" sizes=\"auto, (max-width: 1020px) 100vw, 1020px\" \/>\t\t\t\t\t\t\n\t\t\t\t\t<\/div>\n\t\t\t\t\t\t\t\t\n<style>\n#image_389601449 {\n  width: 100%;\n}\n<\/style>\n\t<\/div>\n\t\n\n\n\t\t<\/div>\n\t\t\t\t\t<\/div>\n\n\t\n\n\t<div id=\"col-1077043261\" class=\"col medium-7 small-12 large-7\"  >\n\t\t\t\t<div class=\"col-inner\"  >\n\t\t\t\n\t\t\t\n\n<h2>Support in the event of school drop-out<\/h2>\n<h3 class=\"thin-font\" data-padding=\"5px\" data-line-height=\"s\">D\u00e9motivation, perte de confiance ou phobie<\/h3>\n<p>Your child no longer feels comfortable at school.<br>You don\u2019t know what to do, you think about dropping him out of school.<br>Your child\u2019s dropping out of school can be explained by events:<\/p>\n<ul>\n<li>People related to their emotions or learning<\/li>\n<li>Family related to its personal environment<\/li>\n<li>Socio-cultural in relation to its social values<\/li>\n<li>School related to its relationship with teachers and students<\/li>\n<\/ul>\n<p>To keep up with the school system, Benk has developed tailor-made solutions through academic support and personal coaching, to understand and react to the reasons for dropping out or school phobia.<\/p>\n<a href=\"https:\/\/www.benk.ch\/en\/soutien-scolaire-pour-enfants\/school-dropout\/\" class=\"button primary lowercase\" style=\"border-radius:10px;\">\n\t\t<span>Read more<\/span>\n\t<\/a>\n\n\n\n\t\t<\/div>\n\t\t\t\t\t<\/div>\n\n\t\n\n<\/div>\n\n\t\t<\/div>\n\n\t\t\n<style>\n#section_1276684122 {\n  padding-top: 30px;\n  padding-bottom: 30px;\n  background-color: rgb(248, 248, 248);\n}\n<\/style>\n\t<\/section>\n\t\n\n\t<section class=\"section\" id=\"section_996883154\">\n\t\t<div class=\"section-bg fill\" >\n\t\t\t\t\t\t\t\t\t\n\t\t\t\n\n\t\t<\/div>\n\n\t\t\n\n\t\t<div class=\"section-content relative\">\n\t\t\t\n\n<div class=\"row align-middle\"  id=\"row-281955176\">\n\n\n\t<div id=\"col-239661061\" class=\"col medium-7 small-12 large-7\"  >\n\t\t\t\t<div class=\"col-inner\"  >\n\t\t\t\n\t\t\t\n\n<h2>School support in the event of arrival in Switzerland, departure abroad or illness<\/h2>\n<p>As parents, you have decided to travel around the world or to change countries.<br>You do not want your children to suffer from this school break.<\/p>\n<p>You are foreign parents arriving in Switzerland. You do not know how the Swiss school system works for your children.<\/p>\n<p>Your child is facing a period of illness or a mild disability, which hinders his or her academic success.<\/p>\n<p>Benk\u2019s pedagogical team has solutions that will meet your needs, as well as those of your children, whatever your family, social and school situation.<\/p>\n<a class=\"button primary lowercase\" style=\"border-radius:10px;\">\n\t\t<span>To know more about it<\/span>\n\t<\/a>\n\n\n\n\t\t<\/div>\n\t\t\t\t\t<\/div>\n\n\t\n\n\t<div id=\"col-1669507029\" class=\"col medium-5 small-12 large-5\"  >\n\t\t\t\t<div class=\"col-inner\"  >\n\t\t\t\n\t\t\t\n\n\t<div class=\"img has-hover x md-x lg-x y md-y lg-y\" id=\"image_1930185406\">\n\t\t\t\t\t\t\t\t<div class=\"img-inner image-cover dark\" style=\"padding-top:75%;\">\n\t\t\t<img loading=\"lazy\" decoding=\"async\" width=\"1020\" height=\"680\" src=\"https:\/\/www.benk.ch\/wp-content\/uploads\/2019\/08\/22-1030x687.png\" class=\"attachment-large size-large\" alt=\"\" srcset=\"https:\/\/www.benk.ch\/wp-content\/uploads\/2019\/08\/22-1030x687.png 1030w, https:\/\/www.benk.ch\/wp-content\/uploads\/2019\/08\/22-510x340.png 510w, https:\/\/www.benk.ch\/wp-content\/uploads\/2019\/08\/22-300x200.png 300w, https:\/\/www.benk.ch\/wp-content\/uploads\/2019\/08\/22-768x512.png 768w, https:\/\/www.benk.ch\/wp-content\/uploads\/2019\/08\/22-1500x1000.png 1500w, https:\/\/www.benk.ch\/wp-content\/uploads\/2019\/08\/22-705x470.png 705w, https:\/\/www.benk.ch\/wp-content\/uploads\/2019\/08\/22.png 1920w\" sizes=\"auto, (max-width: 1020px) 100vw, 1020px\" \/>\t\t\t\t\t\t\n\t\t\t\t\t<\/div>\n\t\t\t\t\t\t\t\t\n<style>\n#image_1930185406 {\n  width: 100%;\n}\n<\/style>\n\t<\/div>\n\t\n\n\n\t\t<\/div>\n\t\t\t\t\t<\/div>\n\n\t\n\n<\/div>\n\n\t\t<\/div>\n\n\t\t\n<style>\n#section_996883154 {\n  padding-top: 30px;\n  padding-bottom: 30px;\n}\n<\/style>\n\t<\/section>\n\t\n\n\t<section class=\"section dark\" id=\"section_1412547688\">\n\t\t<div class=\"section-bg fill\" >\n\t\t\t\t\t\t\t\t\t<div class=\"effect-sliding-glass bg-effect fill no-click\"><\/div>\n\t\t\t\n\n\t\t<\/div>\n\n\t\t\n\n\t\t<div class=\"section-content relative\">\n\t\t\t\n\n<div class=\"slider-wrapper relative\" id=\"slider-330593807\" >\n    <div class=\"slider slider-nav-circle slider-nav-large slider-nav-light slider-style-normal\"\n        data-flickity-options='{\n            \"cellAlign\": \"center\",\n            \"imagesLoaded\": true,\n            \"lazyLoad\": 1,\n            \"freeScroll\": false,\n            \"wrapAround\": true,\n            \"autoPlay\": 6000,\n            \"pauseAutoPlayOnHover\" : true,\n            \"prevNextButtons\": true,\n            \"contain\" : true,\n            \"adaptiveHeight\" : true,\n            \"dragThreshold\" : 10,\n            \"percentPosition\": true,\n            \"pageDots\": true,\n            \"rightToLeft\": false,\n            \"draggable\": true,\n            \"selectedAttraction\": 0.1,\n            \"parallax\" : 0,\n            \"friction\": 0.6        }'\n        >\n        \n\n\n  <div class=\"banner has-hover\" id=\"banner-1188576861\">\n          <div class=\"banner-inner fill\">\n        <div class=\"banner-bg fill\" >\n            <img loading=\"lazy\" decoding=\"async\" width=\"1020\" height=\"573\" src=\"https:\/\/www.benk.ch\/wp-content\/uploads\/2021\/12\/Copie-de-Design-sans-nom-1030x579.png\" class=\"bg attachment-large size-large\" alt=\"\" \/>                        <div class=\"overlay\"><\/div>            \n                    <\/div>\n\t\t\n        <div class=\"banner-layers container\">\n            <div class=\"fill banner-link\"><\/div>            \n\n   <div id=\"text-box-1232541638\" class=\"text-box banner-layer x50 md-x50 lg-x50 y50 md-y50 lg-y50 res-text\">\n                                <div class=\"text-box-content text dark\">\n              \n              <div class=\"text-inner text-center\">\n                  \n\n\t<div id=\"text-1243901045\" class=\"text\">\n\t\t\n\n<h3 class=\"uppercase\">Aidons ensemble votre enfant \u00e0 r\u00e9ussir sa scolarit\u00e9<\/h3>\n\t\t\n<style>\n#text-1243901045 {\n  line-height: 0.75;\n  text-align: center;\n}\n<\/style>\n\t<\/div>\n\t\n\t<div id=\"text-3109676617\" class=\"text\">\n\t\t\n\n<p><strong>Yasmina Benk<br><\/strong><br>directrice et fondatrice de Benk<\/p>\n\t\t\n<style>\n#text-3109676617 {\n  line-height: 0.75;\n}\n<\/style>\n\t<\/div>\n\t\n\n              <\/div>\n           <\/div>\n                            \n<style>\n#text-box-1232541638 {\n  width: 95%;\n}\n#text-box-1232541638 .text-box-content {\n  font-size: 100%;\n}\n<\/style>\n    <\/div>\n \n\n        <\/div>\n      <\/div>\n\n            \n<style>\n#banner-1188576861 {\n  padding-top: 280px;\n}\n#banner-1188576861 .overlay {\n  background-color: rgba(0, 0, 0, 0.221);\n}\n#banner-1188576861 .banner-bg img {\n  object-position: 10% 70%;\n}\n<\/style>\n  <\/div>\n\n\n\n     <\/div>\n\n     <div class=\"loading-spin dark large centered\"><\/div>\n\n\t<\/div>\n\n\n\n\t\t<\/div>\n\n\t\t\n<style>\n#section_1412547688 {\n  padding-top: 0px;\n  padding-bottom: 0px;\n  min-height: 200px;\n  background-color: #0092d5;\n}\n<\/style>\n\t<\/section>\n\t\n\n\t<section class=\"section\" id=\"section_318986683\">\n\t\t<div class=\"section-bg fill\" >\n\t\t\t\t\t\t\t\t\t\n\t\t\t\n\n\t\t<\/div>\n\n\t\t\n\n\t\t<div class=\"section-content relative\">\n\t\t\t\n\n<div class=\"row align-middle\"  id=\"row-41587159\">\n\n\n\t<div id=\"col-965581496\" class=\"col medium-6 small-12 large-6\"  >\n\t\t\t\t<div class=\"col-inner\"  >\n\t\t\t\n\t\t\t\n\n\t<div class=\"img has-hover x md-x lg-x y md-y lg-y\" id=\"image_1985308207\">\n\t\t\t\t\t\t\t\t<div class=\"img-inner image-cover dark\" style=\"padding-top:75%;\">\n\t\t\t<img loading=\"lazy\" decoding=\"async\" width=\"1020\" height=\"680\" src=\"https:\/\/www.benk.ch\/wp-content\/uploads\/2019\/08\/1-1030x687.png\" class=\"attachment-large size-large\" alt=\"\" srcset=\"https:\/\/www.benk.ch\/wp-content\/uploads\/2019\/08\/1-1030x687.png 1030w, https:\/\/www.benk.ch\/wp-content\/uploads\/2019\/08\/1-510x340.png 510w, https:\/\/www.benk.ch\/wp-content\/uploads\/2019\/08\/1-300x200.png 300w, https:\/\/www.benk.ch\/wp-content\/uploads\/2019\/08\/1-768x512.png 768w, https:\/\/www.benk.ch\/wp-content\/uploads\/2019\/08\/1-1500x1000.png 1500w, https:\/\/www.benk.ch\/wp-content\/uploads\/2019\/08\/1-705x470.png 705w, https:\/\/www.benk.ch\/wp-content\/uploads\/2019\/08\/1.png 1920w\" sizes=\"auto, (max-width: 1020px) 100vw, 1020px\" \/>\t\t\t\t\t\t\n\t\t\t\t\t<\/div>\n\t\t\t\t\t\t\t\t\n<style>\n#image_1985308207 {\n  width: 100%;\n}\n<\/style>\n\t<\/div>\n\t\n\n\n\t\t<\/div>\n\t\t\t\t\t<\/div>\n\n\t\n\n\t<div id=\"col-1454835740\" class=\"col medium-6 small-12 large-6\"  >\n\t\t\t\t<div class=\"col-inner\"  >\n\t\t\t\n\t\t\t\n\n<h2>Our training courses for children<\/h2>\n<h3 class=\"thin-font\" data-padding=\"5px\" data-line-height=\"s\">With and without pedagogical supervision<\/h3>\n<ul>\n<li>Objectives defined for each person<\/li>\n<li>A constant motivation to complete all objectives<\/li>\n<li>An appreciation of the efforts made<\/li>\n<li>Continuous progress through online support<\/li>\n<li>A follow-up of the work online by qualified trainers<\/li>\n<\/ul>\n<a class=\"button primary lowercase\" style=\"border-radius:10px;\">\n\t\t<span>See the training courses<\/span>\n\t<\/a>\n\n\n\n\t\t<\/div>\n\t\t\t\t\t<\/div>\n\n\t\n\n<\/div>\n\n\t\t<\/div>\n\n\t\t\n<style>\n#section_318986683 {\n  padding-top: 30px;\n  padding-bottom: 30px;\n}\n<\/style>\n\t<\/section>\n\t\n","protected":false},"excerpt":{"rendered":"","protected":false},"author":2,"featured_media":0,"parent":0,"menu_order":0,"comment_status":"closed","ping_status":"closed","template":"page-blank.php","meta":{"inline_featured_image":false,"footnotes":""},"wf_page_folders":[],"class_list":["post-4386","page","type-page","status-publish","hentry"],"_links":{"self":[{"href":"https:\/\/www.benk.ch\/en\/wp-json\/wp\/v2\/pages\/4386","targetHints":{"allow":["GET"]}}],"collection":[{"href":"https:\/\/www.benk.ch\/en\/wp-json\/wp\/v2\/pages"}],"about":[{"href":"https:\/\/www.benk.ch\/en\/wp-json\/wp\/v2\/types\/page"}],"author":[{"embeddable":true,"href":"https:\/\/www.benk.ch\/en\/wp-json\/wp\/v2\/users\/2"}],"replies":[{"embeddable":true,"href":"https:\/\/www.benk.ch\/en\/wp-json\/wp\/v2\/comments?post=4386"}],"version-history":[{"count":0,"href":"https:\/\/www.benk.ch\/en\/wp-json\/wp\/v2\/pages\/4386\/revisions"}],"wp:attachment":[{"href":"https:\/\/www.benk.ch\/en\/wp-json\/wp\/v2\/media?parent=4386"}],"wp:term":[{"taxonomy":"wf_page_folders","embeddable":true,"href":"https:\/\/www.benk.ch\/en\/wp-json\/wp\/v2\/wf_page_folders?post=4386"}],"curies":[{"name":"wp","href":"https:\/\/api.w.org\/{rel}","templated":true}]}}