{"id":12046,"date":"2022-02-02T23:43:58","date_gmt":"2022-02-02T22:43:58","guid":{"rendered":"https:\/\/www.benk.ch\/reservation-classe-en-ligne\/"},"modified":"2024-03-12T13:01:22","modified_gmt":"2024-03-12T12:01:22","slug":"online-class-booking","status":"publish","type":"page","link":"https:\/\/www.benk.ch\/en\/online-class-booking\/","title":{"rendered":"Online class for children"},"content":{"rendered":"\n\n  <div class=\"banner has-hover\" id=\"banner-494952944\">\n          <div class=\"banner-inner fill\">\n        <div class=\"banner-bg fill\" >\n            <img loading=\"lazy\" decoding=\"async\" width=\"1020\" height=\"573\" src=\"https:\/\/www.benk.ch\/wp-content\/uploads\/2021\/12\/Copie-de-Design-sans-nom-1030x579.png\" class=\"bg attachment-large size-large\" alt=\"\" \/>                        <div class=\"overlay\"><\/div>            \n                    <\/div>\n\t\t\n        <div class=\"banner-layers container\">\n            <div class=\"fill banner-link\"><\/div>            \n\n   <div id=\"text-box-756275575\" class=\"text-box banner-layer x50 md-x50 lg-x50 y50 md-y50 lg-y50 res-text\">\n                                <div class=\"text-box-content text dark\">\n              \n              <div class=\"text-inner text-center\">\n                  \n\n\t<div id=\"text-755566211\" class=\"text\">\n\t\t\n\n<h3 class=\"uppercase\">ONLINE CLASSES<\/h3>\n\t\t\n<style>\n#text-755566211 {\n  line-height: 0.75;\n  text-align: left;\n}\n<\/style>\n\t<\/div>\n\t\n\n              <\/div>\n           <\/div>\n                            \n<style>\n#text-box-756275575 {\n  width: 97%;\n}\n#text-box-756275575 .text-box-content {\n  font-size: 100%;\n}\n<\/style>\n    <\/div>\n \n\n        <\/div>\n      <\/div>\n\n            \n<style>\n#banner-494952944 {\n  padding-top: 150px;\n}\n#banner-494952944 .overlay {\n  background-color: rgba(0, 0, 0, 0.221);\n}\n#banner-494952944 .banner-bg img {\n  object-position: 10% 70%;\n}\n<\/style>\n  <\/div>\n\n\n\t<div id=\"gap-37390703\" class=\"gap-element clearfix\" style=\"display:block; height:auto;\">\n\t\t\n<style>\n#gap-37390703 {\n  padding-top: 50px;\n}\n<\/style>\n\t<\/div>\n\t\n\n<div class=\"row\"  id=\"row-223765930\">\n\n\n\t<div id=\"col-613077866\" class=\"col small-12 large-12\"  >\n\t\t\t\t<div class=\"col-inner\"  >\n\t\t\t\n\t\t\t\n\n<div class=\"container section-title-container\" ><h3 class=\"section-title section-title-normal\"><b aria-hidden=\"true\"><\/b><span class=\"section-title-main\" >Participating in a class<\/span><b aria-hidden=\"true\"><\/b><\/h3><\/div>\n\n[bookly-form category_id=&#8221;3&#8243; hide=&#8221;categories,staff_members&#8221;]\n\n\t\t<\/div>\n\t\t\t\t\t<\/div>\n\n\t\n\n<\/div>\n<div class=\"container section-title-container\" ><h3 class=\"section-title section-title-normal\"><b aria-hidden=\"true\"><\/b><span class=\"section-title-main\" >Discover our online classes<\/span><b aria-hidden=\"true\"><\/b><\/h3><\/div>\n\n<div id=\"portfolio-908008988\" class=\"portfolio-element-wrapper has-filtering\">\n  \n    <div id=\"portfolio-908008988\" class=\"row large-columns-4 medium-columns-3 small-columns-2 row-small row-masonry\" data-packery-options='{\"itemSelector\": \".col\", \"gutter\": 0, \"presentageWidth\" : true}'>\n\n    <\/div><\/div>\n\n\n\t<section class=\"section dark\" id=\"section_1930659217\">\n\t\t<div class=\"section-bg fill\" >\n\t\t\t\t\t\t\t\t\t<div class=\"effect-sliding-glass bg-effect fill no-click\"><\/div>\n\t\t\t\n\n\t\t<\/div>\n\n\t\t\n\n\t\t<div class=\"section-content relative\">\n\t\t\t\n\n\n  <div class=\"banner has-hover\" id=\"banner-1759143588\">\n          <div class=\"banner-inner fill\">\n        <div class=\"banner-bg fill\" >\n            <img loading=\"lazy\" decoding=\"async\" width=\"343\" height=\"120\" src=\"https:\/\/www.benk.ch\/wp-content\/uploads\/2019\/09\/Capture-d\u2019\u00e9cran-2019-09-12-\u00e0-14.28.22.png\" class=\"bg attachment-original size-original\" alt=\"\" \/>                        <div class=\"overlay\"><\/div>            \n                    <\/div>\n\t\t\n        <div class=\"banner-layers container\">\n            <div class=\"fill banner-link\"><\/div>            \n\n   <div id=\"text-box-40799624\" class=\"text-box banner-layer x50 md-x50 lg-x50 y50 md-y50 lg-y50 res-text\">\n                                <div class=\"text-box-content text dark\">\n              \n              <div class=\"text-inner text-center\">\n                  \n\n<h3><span style=\"font-size: 80%;\">Aidons ensemble votre enfant \u00e0 r\u00e9ussir sa scolarit\u00e9<\/span><\/h3>\n<p><strong>Yasmina Benk<\/strong><br>directrice et fondatrice de Benk<\/p>\n\n              <\/div>\n           <\/div>\n                            \n<style>\n#text-box-40799624 {\n  width: 60%;\n}\n#text-box-40799624 .text-box-content {\n  font-size: 100%;\n}\n<\/style>\n    <\/div>\n \n\n        <\/div>\n      <\/div>\n\n            \n<style>\n#banner-1759143588 {\n  padding-top: 200px;\n}\n#banner-1759143588 .overlay {\n  background-color: rgba(0, 0, 0, 0.17);\n}\n<\/style>\n  <\/div>\n\n\n\n\t\t<\/div>\n\n\t\t\n<style>\n#section_1930659217 {\n  padding-top: 0px;\n  padding-bottom: 0px;\n  min-height: 200px;\n  background-color: #0092d5;\n}\n<\/style>\n\t<\/section>\n\t\n\n\t<section class=\"section\" id=\"section_1953517382\">\n\t\t<div class=\"section-bg fill\" >\n\t\t\t\t\t\t\t\t\t\n\t\t\t\n\n\t\t<\/div>\n\n\t\t\n\n\t\t<div class=\"section-content relative\">\n\t\t\t\n\n<div class=\"row align-middle\"  id=\"row-672271241\">\n\n\n\t<div id=\"col-1975765896\" class=\"col medium-6 small-12 large-6\"  >\n\t\t\t\t<div class=\"col-inner\"  >\n\t\t\t\n\t\t\t\n\n\t<div class=\"img has-hover x md-x lg-x y md-y lg-y\" id=\"image_1301351667\">\n\t\t\t\t\t\t\t\t<div class=\"img-inner dark\" >\n\t\t\t<img loading=\"lazy\" decoding=\"async\" width=\"1020\" height=\"680\" src=\"https:\/\/www.benk.ch\/wp-content\/uploads\/2019\/08\/20-1030x687.png\" class=\"attachment-large size-large\" alt=\"\" srcset=\"https:\/\/www.benk.ch\/wp-content\/uploads\/2019\/08\/20-1030x687.png 1030w, https:\/\/www.benk.ch\/wp-content\/uploads\/2019\/08\/20-510x340.png 510w, https:\/\/www.benk.ch\/wp-content\/uploads\/2019\/08\/20-300x200.png 300w, https:\/\/www.benk.ch\/wp-content\/uploads\/2019\/08\/20-768x512.png 768w, https:\/\/www.benk.ch\/wp-content\/uploads\/2019\/08\/20-1500x1000.png 1500w, https:\/\/www.benk.ch\/wp-content\/uploads\/2019\/08\/20-705x470.png 705w, https:\/\/www.benk.ch\/wp-content\/uploads\/2019\/08\/20.png 1920w\" sizes=\"auto, (max-width: 1020px) 100vw, 1020px\" \/>\t\t\t\t\t\t\n\t\t\t\t\t<\/div>\n\t\t\t\t\t\t\t\t\n<style>\n#image_1301351667 {\n  width: 100%;\n}\n<\/style>\n\t<\/div>\n\t\n\n\n\t\t<\/div>\n\t\t\t\t\t<\/div>\n\n\t\n\n\t<div id=\"col-1704693444\" class=\"col medium-6 small-12 large-6\"  >\n\t\t\t\t<div class=\"col-inner\"  >\n\t\t\t\n\t\t\t\n\n<h2>Nos formations pour enfants<\/h2>\n<h3 class=\"thin-font\" data-padding=\"5px\" data-line-height=\"s\">Avec outils p\u00e9dagogiques<\/h3>\n<ul>\n<li>Des objectifs d\u00e9finis<\/li>\n<li>Une motivation constante&nbsp;<\/li>\n<li>Une valorisation des efforts&nbsp;<\/li>\n<li>Une progression continue<\/li>\n<li>Des strat\u00e9gies efficaces<\/li>\n<\/ul>\n<a class=\"button primary lowercase\" style=\"border-radius:10px;\">\n\t\t<span>Voir les formations<\/span>\n\t<\/a>\n\n\n\n\t\t<\/div>\n\t\t\t\t\t<\/div>\n\n\t\n\n<\/div>\n\n\t\t<\/div>\n\n\t\t\n<style>\n#section_1953517382 {\n  padding-top: 30px;\n  padding-bottom: 30px;\n}\n<\/style>\n\t<\/section>\n\t\n","protected":false},"excerpt":{"rendered":"","protected":false},"author":2,"featured_media":0,"parent":0,"menu_order":0,"comment_status":"closed","ping_status":"closed","template":"page-blank.php","meta":{"inline_featured_image":false,"footnotes":""},"wf_page_folders":[],"class_list":["post-12046","page","type-page","status-publish","hentry"],"_links":{"self":[{"href":"https:\/\/www.benk.ch\/en\/wp-json\/wp\/v2\/pages\/12046","targetHints":{"allow":["GET"]}}],"collection":[{"href":"https:\/\/www.benk.ch\/en\/wp-json\/wp\/v2\/pages"}],"about":[{"href":"https:\/\/www.benk.ch\/en\/wp-json\/wp\/v2\/types\/page"}],"author":[{"embeddable":true,"href":"https:\/\/www.benk.ch\/en\/wp-json\/wp\/v2\/users\/2"}],"replies":[{"embeddable":true,"href":"https:\/\/www.benk.ch\/en\/wp-json\/wp\/v2\/comments?post=12046"}],"version-history":[{"count":0,"href":"https:\/\/www.benk.ch\/en\/wp-json\/wp\/v2\/pages\/12046\/revisions"}],"wp:attachment":[{"href":"https:\/\/www.benk.ch\/en\/wp-json\/wp\/v2\/media?parent=12046"}],"wp:term":[{"taxonomy":"wf_page_folders","embeddable":true,"href":"https:\/\/www.benk.ch\/en\/wp-json\/wp\/v2\/wf_page_folders?post=12046"}],"curies":[{"name":"wp","href":"https:\/\/api.w.org\/{rel}","templated":true}]}}