{"id":12023,"date":"2022-03-09T10:36:40","date_gmt":"2022-03-09T09:36:40","guid":{"rendered":"https:\/\/www.benk.ch\/soutien-aux-parents\/"},"modified":"2024-03-12T13:03:02","modified_gmt":"2024-03-12T12:03:02","slug":"support-for-parents","status":"publish","type":"page","link":"https:\/\/www.benk.ch\/en\/support-for-parents\/","title":{"rendered":"Coaching for parents"},"content":{"rendered":"\n\n  <div class=\"banner has-hover\" id=\"banner-39894124\">\n          <div class=\"banner-inner fill\">\n        <div class=\"banner-bg fill\" >\n            <img loading=\"lazy\" decoding=\"async\" width=\"1020\" height=\"573\" src=\"https:\/\/www.benk.ch\/wp-content\/uploads\/2021\/12\/Copie-de-Design-sans-nom-1030x579.png\" class=\"bg attachment-large size-large\" alt=\"\" \/>                        <div class=\"overlay\"><\/div>            \n                    <\/div>\n\t\t\n        <div class=\"banner-layers container\">\n            <div class=\"fill banner-link\"><\/div>            \n\n   <div id=\"text-box-2056099338\" class=\"text-box banner-layer x50 md-x50 lg-x50 y50 md-y50 lg-y50 res-text\">\n                                <div class=\"text-box-content text dark\">\n              \n              <div class=\"text-inner text-center\">\n                  \n\n\t<div id=\"text-4242778717\" class=\"text\">\n\t\t\n\n<h3 class=\"uppercase\">SoUTIEN AUX PARENTS<\/h3>\n<p>Comment aider vos enfants dans leur scolarit\u00e9&nbsp;?<\/p>\n\t\t\n<style>\n#text-4242778717 {\n  line-height: 0.75;\n  text-align: left;\n}\n<\/style>\n\t<\/div>\n\t\n\n              <\/div>\n           <\/div>\n                            \n<style>\n#text-box-2056099338 {\n  width: 97%;\n}\n#text-box-2056099338 .text-box-content {\n  font-size: 100%;\n}\n<\/style>\n    <\/div>\n \n\n        <\/div>\n      <\/div>\n\n            \n<style>\n#banner-39894124 {\n  padding-top: 150px;\n}\n#banner-39894124 .overlay {\n  background-color: rgba(0, 0, 0, 0.221);\n}\n#banner-39894124 .banner-bg img {\n  object-position: 10% 70%;\n}\n<\/style>\n  <\/div>\n\n\n\n\t<section class=\"section\" id=\"section_1094546478\">\n\t\t<div class=\"section-bg fill\" >\n\t\t\t\t\t\t\t\t\t\n\t\t\t\n\n\t\t<\/div>\n\n\t\t\n\n\t\t<div class=\"section-content relative\">\n\t\t\t\n\n<div class=\"row align-middle\"  id=\"row-1580559181\">\n\n\n\t<div id=\"col-1131423593\" class=\"col medium-5 small-12 large-5\"  >\n\t\t\t\t<div class=\"col-inner\"  >\n\t\t\t\n\t\t\t\n\n\t<div class=\"img has-hover x md-x lg-x y md-y lg-y\" id=\"image_1509035031\">\n\t\t\t\t\t\t\t\t<div class=\"img-inner image-cover dark\" style=\"padding-top:75%;\">\n\t\t\t<img loading=\"lazy\" decoding=\"async\" width=\"1020\" height=\"663\" src=\"https:\/\/www.benk.ch\/wp-content\/uploads\/2019\/08\/Formation-enfants-prive-1030x670.jpg\" class=\"attachment-large size-large\" alt=\"coaching TDAH\" srcset=\"https:\/\/www.benk.ch\/wp-content\/uploads\/2019\/08\/Formation-enfants-prive-1030x670.jpg 1030w, https:\/\/www.benk.ch\/wp-content\/uploads\/2019\/08\/Formation-enfants-prive-510x332.jpg 510w, https:\/\/www.benk.ch\/wp-content\/uploads\/2019\/08\/Formation-enfants-prive-300x195.jpg 300w, https:\/\/www.benk.ch\/wp-content\/uploads\/2019\/08\/Formation-enfants-prive-768x499.jpg 768w, https:\/\/www.benk.ch\/wp-content\/uploads\/2019\/08\/Formation-enfants-prive-1500x975.jpg 1500w, https:\/\/www.benk.ch\/wp-content\/uploads\/2019\/08\/Formation-enfants-prive-705x458.jpg 705w, https:\/\/www.benk.ch\/wp-content\/uploads\/2019\/08\/Formation-enfants-prive.jpg 1920w\" sizes=\"auto, (max-width: 1020px) 100vw, 1020px\" \/>\t\t\t\t\t\t\n\t\t\t\t\t<\/div>\n\t\t\t\t\t\t\t\t\n<style>\n#image_1509035031 {\n  width: 100%;\n}\n<\/style>\n\t<\/div>\n\t\n\n\n\t\t<\/div>\n\t\t\t\t\t<\/div>\n\n\t\n\n\t<div id=\"col-862457743\" class=\"col medium-7 small-12 large-7\"  >\n\t\t\t\t<div class=\"col-inner\"  >\n\t\t\t\n\t\t\t\n\n<h2 class=\"uppercase\" data-line-height=\"s\">Soutien personnalis\u00e9<\/h2>\n<p>G\u00e9rer toutes les responsabilit\u00e9s parentales et scolaires<\/p>\n<p>Les parents sont sur tous les fronts. Entre travail, t\u00e2ches m\u00e9nag\u00e8res, \u00e9cole, loisirs et autres rendez-vous \u00e0 organiser, il n\u2019est pas facile de tout g\u00e9rer facilement.<\/p>\n<p>Il a \u00e9t\u00e9 constat\u00e9 que la scolarit\u00e9 apporte une pression importante au quotidien.<\/p>\n<p>Le coaching pour parents de Benk comprend :<\/p>\n<ul>\n<li>Des objectifs pr\u00e9cis et personnalis\u00e9s pour chacun<\/li>\n<li>Une m\u00e9thode qui s\u2019adapte \u00e0 vos besoins<\/li>\n<li>Un suivi r\u00e9gulier et soutenu de votre progression<\/li>\n<li>Des techniques diverses de d\u00e9veloppement personnel<\/li>\n<li>Une motivation constante pour atteindre les objectifs<\/li>\n<\/ul>\n\n\t\t<\/div>\n\t\t\t\t\t<\/div>\n\n\t\n\n<\/div>\n\n\t\t<\/div>\n\n\t\t\n<style>\n#section_1094546478 {\n  padding-top: 30px;\n  padding-bottom: 30px;\n}\n<\/style>\n\t<\/section>\n\t\n\n\t<section class=\"section\" id=\"section_344974752\">\n\t\t<div class=\"section-bg fill\" >\n\t\t\t\t\t\t\t\t\t\n\t\t\t\n\n\t\t<\/div>\n\n\t\t\n\n\t\t<div class=\"section-content relative\">\n\t\t\t\n\n<div class=\"row align-middle\"  id=\"row-22884112\">\n\n\n\t<div id=\"col-1113437616\" class=\"col medium-8 small-12 large-8\"  >\n\t\t\t\t<div class=\"col-inner\"  >\n\t\t\t\n\t\t\t\n\n<h2 class=\"uppercase\" data-line-height=\"s\">Vous soutenir dans vos objectifs&nbsp;<\/h2>\n<p>Des solutions existent pour \u00e9viter conflits avec ses enfants, tensions familiales et stress.<\/p>\n<p>Voici quelques pistes&nbsp;:<\/p>\n<ul>\n<li>Comprendre son enfant selon ses sp\u00e9cificit\u00e9s<\/li>\n<li>Apporter du plaisir dans l\u2019apprentissage<\/li>\n<li>Garder une motivation constante<\/li>\n<li>Savoir s\u2019organiser et g\u00e9rer son temps<\/li>\n<li>Apprendre \u00e0 g\u00e9rer ses \u00e9motions<\/li>\n<li>Relativiser l\u2019\u00e9chec et les d\u00e9ceptions<\/li>\n<li>D\u00e9velopper la confiance en soi<\/li>\n<li>Mettre en place des strat\u00e9gies d\u2019apprentissage<\/li>\n<li>Responsabiliser et rendre son enfant autonome<\/li>\n<li>\u2026<\/li>\n<\/ul>\n\n\t\t<\/div>\n\t\t\t\t\t<\/div>\n\n\t\n\n\t<div id=\"col-1343478871\" class=\"col medium-4 small-12 large-4\"  >\n\t\t\t\t<div class=\"col-inner\"  >\n\t\t\t\n\t\t\t\n\n\t<div class=\"img has-hover x md-x lg-x y md-y lg-y\" id=\"image_2091853266\">\n\t\t\t\t\t\t\t\t<div class=\"img-inner image-cover dark\" style=\"padding-top:75%;\">\n\t\t\t<img loading=\"lazy\" decoding=\"async\" width=\"1020\" height=\"660\" src=\"https:\/\/www.benk.ch\/wp-content\/uploads\/2019\/08\/Coaching-Adulte-1030x666.jpg\" class=\"attachment-large size-large\" alt=\"\" srcset=\"https:\/\/www.benk.ch\/wp-content\/uploads\/2019\/08\/Coaching-Adulte-1030x666.jpg 1030w, https:\/\/www.benk.ch\/wp-content\/uploads\/2019\/08\/Coaching-Adulte-510x330.jpg 510w, https:\/\/www.benk.ch\/wp-content\/uploads\/2019\/08\/Coaching-Adulte-300x194.jpg 300w, https:\/\/www.benk.ch\/wp-content\/uploads\/2019\/08\/Coaching-Adulte-768x496.jpg 768w, https:\/\/www.benk.ch\/wp-content\/uploads\/2019\/08\/Coaching-Adulte-1500x970.jpg 1500w, https:\/\/www.benk.ch\/wp-content\/uploads\/2019\/08\/Coaching-Adulte-705x456.jpg 705w, https:\/\/www.benk.ch\/wp-content\/uploads\/2019\/08\/Coaching-Adulte.jpg 1980w\" sizes=\"auto, (max-width: 1020px) 100vw, 1020px\" \/>\t\t\t\t\t\t\n\t\t\t\t\t<\/div>\n\t\t\t\t\t\t\t\t\n<style>\n#image_2091853266 {\n  width: 100%;\n}\n<\/style>\n\t<\/div>\n\t\n\n\n\t\t<\/div>\n\t\t\t\t\t<\/div>\n\n\t\n\n<\/div>\n\n\t\t<\/div>\n\n\t\t\n<style>\n#section_344974752 {\n  padding-top: 30px;\n  padding-bottom: 30px;\n  background-color: rgb(248, 248, 248);\n}\n<\/style>\n\t<\/section>\n\t\n\n\t<section class=\"section\" id=\"section_1989871291\">\n\t\t<div class=\"section-bg fill\" >\n\t\t\t\t\t\t\t\t\t\n\t\t\t\n\n\t\t<\/div>\n\n\t\t\n\n\t\t<div class=\"section-content relative\">\n\t\t\t\n\n<div class=\"row align-middle\"  id=\"row-280860643\">\n\n\n\t<div id=\"col-1560358015\" class=\"col medium-4 small-12 large-4\"  >\n\t\t\t\t<div class=\"col-inner\"  >\n\t\t\t\n\t\t\t\n\n\t<div class=\"img has-hover x md-x lg-x y md-y lg-y\" id=\"image_1469175978\">\n\t\t\t\t\t\t\t\t<div class=\"img-inner image-cover dark\" style=\"padding-top:75%;\">\n\t\t\t<img loading=\"lazy\" decoding=\"async\" width=\"1020\" height=\"680\" src=\"https:\/\/www.benk.ch\/wp-content\/uploads\/2019\/08\/32-1030x687.png\" class=\"attachment-large size-large\" alt=\"\" srcset=\"https:\/\/www.benk.ch\/wp-content\/uploads\/2019\/08\/32-1030x687.png 1030w, https:\/\/www.benk.ch\/wp-content\/uploads\/2019\/08\/32-510x340.png 510w, https:\/\/www.benk.ch\/wp-content\/uploads\/2019\/08\/32-300x200.png 300w, https:\/\/www.benk.ch\/wp-content\/uploads\/2019\/08\/32-768x512.png 768w, https:\/\/www.benk.ch\/wp-content\/uploads\/2019\/08\/32-1500x1000.png 1500w, https:\/\/www.benk.ch\/wp-content\/uploads\/2019\/08\/32-705x470.png 705w, https:\/\/www.benk.ch\/wp-content\/uploads\/2019\/08\/32.png 1920w\" sizes=\"auto, (max-width: 1020px) 100vw, 1020px\" \/>\t\t\t\t\t\t\n\t\t\t\t\t<\/div>\n\t\t\t\t\t\t\t\t\n<style>\n#image_1469175978 {\n  width: 100%;\n}\n<\/style>\n\t<\/div>\n\t\n\n\n\t\t<\/div>\n\t\t\t\t\t<\/div>\n\n\t\n\n\t<div id=\"col-395915106\" class=\"col medium-8 small-12 large-8\"  >\n\t\t\t\t<div class=\"col-inner\"  >\n\t\t\t\n\t\t\t\n\n<h2 class=\"uppercase\" data-line-height=\"s\">Un programme sur mesure<\/h2>\n<p>Chez Benk, nous vous proposons des classes en ligne et un soutien personnalis\u00e9 pour vous soutenir dans la scolarit\u00e9 de vos enfants. <br>Communication et partage avec d&#8217;autres parents et enfants.<\/p>\n<p>Quels que soient vos d\u00e9fis \u00e0 relever, il existe toujours des solutions&nbsp;!<\/p>\n<p>Nos m\u00e9thodes sur-mesure associent un coaching ainsi qu&#8217;un suivi en ligne des formations et des s\u00e9ances selon votre emploi du temps.<\/p>\n<p>Le programme Benk est d\u00e9fini en accord avec vos objectifs.<\/p>\n<p>Des bilans p\u00e9riodiques sont \u00e9tablis afin de valider votre progression.<\/p>\n<p>Le coaching avec Benk implique un soutien individualis\u00e9 selon vos besoins.<\/p>\n<a href=\"https:\/\/www.benk.ch\/notre-approche\/\" class=\"button primary lowercase\" style=\"border-radius:10px;\">\n\t\t<span>En savoir plus<\/span>\n\t<\/a>\n\n\n\n\t\t<\/div>\n\t\t\t\t\t<\/div>\n\n\t\n\n<\/div>\n\n\t\t<\/div>\n\n\t\t\n<style>\n#section_1989871291 {\n  padding-top: 30px;\n  padding-bottom: 30px;\n}\n<\/style>\n\t<\/section>\n\t\n\n\t<section class=\"section\" id=\"section_603529424\">\n\t\t<div class=\"section-bg fill\" >\n\t\t\t\t\t\t\t\t\t\n\t\t\t\n\n\t\t<\/div>\n\n\t\t\n\n\t\t<div class=\"section-content relative\">\n\t\t\t\n\n\n  <div class=\"banner has-hover\" id=\"banner-573407633\">\n          <div class=\"banner-inner fill\">\n        <div class=\"banner-bg fill\" >\n            <img loading=\"lazy\" decoding=\"async\" width=\"1020\" height=\"573\" src=\"https:\/\/www.benk.ch\/wp-content\/uploads\/2021\/12\/Copie-de-Design-sans-nom-1030x579.png\" class=\"bg attachment-large size-large\" alt=\"\" \/>                        <div class=\"overlay\"><\/div>            \n                    <\/div>\n\t\t\n        <div class=\"banner-layers container\">\n            <div class=\"fill banner-link\"><\/div>            \n\n   <div id=\"text-box-1516613628\" class=\"text-box banner-layer x50 md-x50 lg-x50 y50 md-y50 lg-y50 res-text\">\n                                <div class=\"text-box-content text dark\">\n              \n              <div class=\"text-inner text-center\">\n                  \n\n\t<div id=\"text-1861410898\" class=\"text\">\n\t\t\n\n<h4 class=\"uppercase\">Nous sommes \u00e0 votre \u00e9coute pour une solution personnalis\u00e9e.<\/h4>\n\t\t\n<style>\n#text-1861410898 {\n  line-height: 0.75;\n  text-align: center;\n}\n<\/style>\n\t<\/div>\n\t\n<a href=\"https:\/\/www.benk.ch\/prise-de-rendez-vous\/\" class=\"button primary lowercase\" style=\"border-radius:99px;\">\n\t\t<span>Prendre Contact<\/span>\n\t<\/a>\n\n\n\n              <\/div>\n           <\/div>\n                            \n<style>\n#text-box-1516613628 {\n  width: 95%;\n}\n#text-box-1516613628 .text-box-content {\n  font-size: 100%;\n}\n<\/style>\n    <\/div>\n \n\n        <\/div>\n      <\/div>\n\n            \n<style>\n#banner-573407633 {\n  padding-top: 150px;\n}\n#banner-573407633 .overlay {\n  background-color: rgba(0, 0, 0, 0.221);\n}\n#banner-573407633 .banner-bg img {\n  object-position: 10% 70%;\n}\n<\/style>\n  <\/div>\n\n\n\n\t\t<\/div>\n\n\t\t\n<style>\n#section_603529424 {\n  padding-top: 0px;\n  padding-bottom: 0px;\n  background-color: rgb(0, 146, 213);\n}\n<\/style>\n\t<\/section>\n\t\n\t<div id=\"gap-1041003844\" class=\"gap-element clearfix\" style=\"display:block; height:auto;\">\n\t\t\n<style>\n#gap-1041003844 {\n  padding-top: 30px;\n}\n<\/style>\n\t<\/div>\n\t\n\n<div class=\"container section-title-container\" ><h3 class=\"section-title section-title-normal\"><b aria-hidden=\"true\"><\/b><span class=\"section-title-main\" >En relation avec le sujet<\/span><b aria-hidden=\"true\"><\/b><\/h3><\/div>\n\n<div id=\"portfolio-2016682014\" class=\"portfolio-element-wrapper has-filtering\">\n  \n    <div class=\"row large-columns-4 medium-columns-3 small-columns-2 row-small slider row-slider slider-nav-reveal slider-nav-push\"  data-flickity-options='{&quot;imagesLoaded&quot;: true, &quot;groupCells&quot;: &quot;100%&quot;, &quot;dragThreshold&quot; : 5, &quot;cellAlign&quot;: &quot;left&quot;,&quot;wrapAround&quot;: true,&quot;prevNextButtons&quot;: true,&quot;percentPosition&quot;: true,&quot;pageDots&quot;: false, &quot;rightToLeft&quot;: false, &quot;autoPlay&quot; : false}' >\n\n    <\/div><\/div>\n","protected":false},"excerpt":{"rendered":"","protected":false},"author":2,"featured_media":0,"parent":0,"menu_order":0,"comment_status":"closed","ping_status":"closed","template":"page-blank.php","meta":{"inline_featured_image":false,"footnotes":""},"wf_page_folders":[],"class_list":["post-12023","page","type-page","status-publish","hentry"],"_links":{"self":[{"href":"https:\/\/www.benk.ch\/en\/wp-json\/wp\/v2\/pages\/12023","targetHints":{"allow":["GET"]}}],"collection":[{"href":"https:\/\/www.benk.ch\/en\/wp-json\/wp\/v2\/pages"}],"about":[{"href":"https:\/\/www.benk.ch\/en\/wp-json\/wp\/v2\/types\/page"}],"author":[{"embeddable":true,"href":"https:\/\/www.benk.ch\/en\/wp-json\/wp\/v2\/users\/2"}],"replies":[{"embeddable":true,"href":"https:\/\/www.benk.ch\/en\/wp-json\/wp\/v2\/comments?post=12023"}],"version-history":[{"count":0,"href":"https:\/\/www.benk.ch\/en\/wp-json\/wp\/v2\/pages\/12023\/revisions"}],"wp:attachment":[{"href":"https:\/\/www.benk.ch\/en\/wp-json\/wp\/v2\/media?parent=12023"}],"wp:term":[{"taxonomy":"wf_page_folders","embeddable":true,"href":"https:\/\/www.benk.ch\/en\/wp-json\/wp\/v2\/wf_page_folders?post=12023"}],"curies":[{"name":"wp","href":"https:\/\/api.w.org\/{rel}","templated":true}]}}