{"id":12017,"date":"2020-03-17T09:37:38","date_gmt":"2020-03-17T08:37:38","guid":{"rendered":"https:\/\/www.benk.ch\/info-formation-a-distance\/"},"modified":"2024-03-12T13:01:22","modified_gmt":"2024-03-12T12:01:22","slug":"distance-learning","status":"publish","type":"page","link":"https:\/\/www.benk.ch\/en\/distance-learning\/","title":{"rendered":"Individualized distance learning for your children"},"content":{"rendered":"\n\n  <div class=\"banner has-hover\" id=\"banner-1605319700\">\n          <div class=\"banner-inner fill\">\n        <div class=\"banner-bg fill\" >\n            <img loading=\"lazy\" decoding=\"async\" width=\"1020\" height=\"573\" src=\"https:\/\/www.benk.ch\/wp-content\/uploads\/2021\/12\/Copie-de-Design-sans-nom-1030x579.png\" class=\"bg attachment-large size-large\" alt=\"\" \/>                        <div class=\"overlay\"><\/div>            \n                    <\/div>\n\t\t\n        <div class=\"banner-layers container\">\n            <div class=\"fill banner-link\"><\/div>            \n\n   <div id=\"text-box-706393537\" class=\"text-box banner-layer x50 md-x50 lg-x50 y50 md-y50 lg-y50 res-text\">\n                                <div class=\"text-box-content text dark\">\n              \n              <div class=\"text-inner text-center\">\n                  \n\n\t<div id=\"text-3592343351\" class=\"text\">\n\t\t\n\n<h3 class=\"uppercase\">Cours \u00e0 distance \u2014 individualis\u00e9s pour vos enfants<\/h3>\n<p>Des solutions personnalis\u00e9es pour vos enfants<\/p>\n\n\t\t\n<style>\n#text-3592343351 {\n  line-height: 0.75;\n  text-align: left;\n}\n<\/style>\n\t<\/div>\n\t\n\n              <\/div>\n           <\/div>\n                            \n<style>\n#text-box-706393537 {\n  width: 97%;\n}\n#text-box-706393537 .text-box-content {\n  font-size: 100%;\n}\n<\/style>\n    <\/div>\n \n\n        <\/div>\n      <\/div>\n\n            \n<style>\n#banner-1605319700 {\n  padding-top: 150px;\n}\n#banner-1605319700 .overlay {\n  background-color: rgba(0, 0, 0, 0.221);\n}\n#banner-1605319700 .banner-bg img {\n  object-position: 10% 70%;\n}\n<\/style>\n  <\/div>\n\n\n\t<div id=\"gap-496902616\" class=\"gap-element clearfix\" style=\"display:block; height:auto;\">\n\t\t\n<style>\n#gap-496902616 {\n  padding-top: 50px;\n}\n<\/style>\n\t<\/div>\n\t\n\n<div class=\"row\"  id=\"row-1874391252\">\n\n\n\t<div id=\"col-1396821144\" class=\"col medium-6 small-12 large-6\"  >\n\t\t\t\t<div class=\"col-inner\"  >\n\t\t\t\n\t\t\t\n\n<p>Chers parents, professionnels &amp; partenaires,<\/p>\n<p>L\u2019\u00e9ducation est toujours une valeur s\u00fbre en Suisse et, aujourd\u2019hui, elle se retrouve devant un d\u00e9fi de taille que nous allons relever.<\/p>\n<p>Toutes les \u00e9coles utilisent un syst\u00e8me d\u2019enseignement \u00e0 distance et il est merveilleux de voir comment elles ont r\u00e9ussi \u00e0 tr\u00e8s vite s\u2019organiser. Les enseignants sont \u00e9galement tr\u00e8s ouverts et accessibles \u00e0 distance, c\u2019est formidable de constater \u00e0 quel point ils sont impliqu\u00e9s pour leurs \u00e9l\u00e8ves.<\/p>\n<p>Tous les jours, nous mettons en place des d\u00e9marches, \u00e0 distance, afin que les \u00e9l\u00e8ves des \u00e9coles obligatoires, professionnelles et des gymnases continuent \u00e0 suivre normalement leur cursus scolaire.<\/p>\n<p>Nous nous tenons \u00e0 votre disposition si vous souhaitez nous contacter et partager votre exp\u00e9rience. Vous pouvez, nous laisser un message par le biais du formulaire ci-dessous.<\/p>\n\n\t\t<\/div>\n\t\t\t\t\t<\/div>\n\n\t\n\n\t<div id=\"col-1374446754\" class=\"col medium-6 small-12 large-6\"  >\n\t\t\t\t<div class=\"col-inner\"  >\n\t\t\t\n\t\t\t\n\n\t<div class=\"img has-hover x md-x lg-x y md-y lg-y\" id=\"image_1776908395\">\n\t\t\t\t\t\t\t\t<div class=\"img-inner image-cover dark\" style=\"padding-top:75%;\">\n\t\t\t<img loading=\"lazy\" decoding=\"async\" width=\"1020\" height=\"680\" src=\"https:\/\/www.benk.ch\/wp-content\/uploads\/2019\/08\/2-1030x687.png\" class=\"attachment-large size-large\" alt=\"\" srcset=\"https:\/\/www.benk.ch\/wp-content\/uploads\/2019\/08\/2-1030x687.png 1030w, https:\/\/www.benk.ch\/wp-content\/uploads\/2019\/08\/2-510x340.png 510w, https:\/\/www.benk.ch\/wp-content\/uploads\/2019\/08\/2-300x200.png 300w, https:\/\/www.benk.ch\/wp-content\/uploads\/2019\/08\/2-768x512.png 768w, https:\/\/www.benk.ch\/wp-content\/uploads\/2019\/08\/2-1500x1000.png 1500w, https:\/\/www.benk.ch\/wp-content\/uploads\/2019\/08\/2-705x470.png 705w, https:\/\/www.benk.ch\/wp-content\/uploads\/2019\/08\/2.png 1920w\" sizes=\"auto, (max-width: 1020px) 100vw, 1020px\" \/>\t\t\t\t\t\t\n\t\t\t\t\t<\/div>\n\t\t\t\t\t\t\t\t\n<style>\n#image_1776908395 {\n  width: 100%;\n}\n<\/style>\n\t<\/div>\n\t\n\n\n\t\t<\/div>\n\t\t\t\t\t<\/div>\n\n\t\n\n<\/div>\n\n\t<section class=\"section\" id=\"section_1144515736\">\n\t\t<div class=\"section-bg fill\" >\n\t\t\t\t\t\t\t\t\t\n\t\t\t\n\n\t\t<\/div>\n\n\t\t\n\n\t\t<div class=\"section-content relative\">\n\t\t\t\n\n<div class=\"row align-middle\"  id=\"row-739160730\">\n\n\n\t<div id=\"col-953144339\" class=\"col medium-7 small-12 large-7\"  >\n\t\t\t\t<div class=\"col-inner\"  >\n\t\t\t\n\t\t\t\n\n<h2>La m\u00e9thode Benk<\/h2>\n<p>Depuis 2012, nous d\u00e9veloppons&nbsp;une m\u00e9thode d\u2019apprentissage en ligne structur\u00e9e et progressive bas\u00e9e sur le PER (Plan d\u2019\u00c9tudes romand).<\/p>\n<p>Nous travaillons avec des \u00e9l\u00e8ves de toute la Suisse et particuli\u00e8rement les personnes souffrant de troubles de l\u2019apprentissage (Dys, TDAH, HP, \u2026).<\/p>\n<p><strong>Les solutions Benk<\/strong><\/p>\n<p>Des modules E-learning avec une plateforme digitale de suivi \u00e0 distance.<br>Des cours \u00e0 distance et individualis\u00e9s par Skype.<br>Du d\u00e9veloppement personnel (motivation, confiance et autonomie).<br>La m\u00e9thode d\u2019apprentissage Benk permet \u00e0 votre enfant d\u2019utiliser tous les types de m\u00e9moire (auditif, visuel et kinesth\u00e9sique), d\u2019augmenter sa concentration et de capter son attention sur les mati\u00e8res qui correspondent \u00e0 son ann\u00e9e scolaire.<\/p>\n<p><strong>Les objectifs Benk<\/strong><\/p>\n<p>Une p\u00e9dagogie sur-mesure<\/p>\n<p>Rendre votre enfant heureux et efficace gr\u00e2ce aux 5 savoirs :<\/p>\n<ul>\n<li><strong>Le savoir \u2013 pur<\/strong> (mati\u00e8res, connaissances \u00e0 assimiler)<\/li>\n<li><strong>Le savoir \u2013 apprendre<\/strong> (techniques d\u2019apprentissage individualis\u00e9es)<\/li>\n<li><strong>Le savoir \u2013 faire<\/strong> (d\u00e9velopper des comp\u00e9tences utiles pour leur avenir)<\/li>\n<li><strong>Le savoir \u2013 \u00eatre<\/strong> (utiliser le vocabulaire et la gestuelle pour la communication)<\/li>\n<li><strong>Le savoir \u2013 penser<\/strong> (g\u00e9rer ses \u00e9motions, son environnement et sa vision du monde)<\/li>\n<\/ul>\n<p>Nous sommes \u00e0 votre \u00e9coute afin de vous soutenir dans la mise en place de solutions personnalis\u00e9es pour vos enfants.<\/p>\n\n\t\t<\/div>\n\t\t\t\t\t<\/div>\n\n\t\n\n\t<div id=\"col-1481915579\" class=\"col medium-5 small-12 large-5\"  >\n\t\t\t\t<div class=\"col-inner\"  >\n\t\t\t\n\t\t\t\n\n\t<div class=\"img has-hover x md-x lg-x y md-y lg-y\" id=\"image_886307243\">\n\t\t\t\t\t\t\t\t<div class=\"img-inner image-cover dark\" style=\"padding-top:75%;\">\n\t\t\t<img loading=\"lazy\" decoding=\"async\" width=\"1020\" height=\"680\" src=\"https:\/\/www.benk.ch\/wp-content\/uploads\/2019\/08\/20-1030x687.png\" class=\"attachment-large size-large\" alt=\"\" srcset=\"https:\/\/www.benk.ch\/wp-content\/uploads\/2019\/08\/20-1030x687.png 1030w, https:\/\/www.benk.ch\/wp-content\/uploads\/2019\/08\/20-510x340.png 510w, https:\/\/www.benk.ch\/wp-content\/uploads\/2019\/08\/20-300x200.png 300w, https:\/\/www.benk.ch\/wp-content\/uploads\/2019\/08\/20-768x512.png 768w, https:\/\/www.benk.ch\/wp-content\/uploads\/2019\/08\/20-1500x1000.png 1500w, https:\/\/www.benk.ch\/wp-content\/uploads\/2019\/08\/20-705x470.png 705w, https:\/\/www.benk.ch\/wp-content\/uploads\/2019\/08\/20.png 1920w\" sizes=\"auto, (max-width: 1020px) 100vw, 1020px\" \/>\t\t\t\t\t\t\n\t\t\t\t\t<\/div>\n\t\t\t\t\t\t\t\t\n<style>\n#image_886307243 {\n  width: 100%;\n}\n<\/style>\n\t<\/div>\n\t\n\n\n\t\t<\/div>\n\t\t\t\t\t<\/div>\n\n\t\n\n<\/div>\n\n\t\t<\/div>\n\n\t\t\n<style>\n#section_1144515736 {\n  padding-top: 30px;\n  padding-bottom: 30px;\n  background-color: rgb(248, 248, 248);\n}\n<\/style>\n\t<\/section>\n\t\n\n\t<section class=\"section\" id=\"section_83552645\">\n\t\t<div class=\"section-bg fill\" >\n\t\t\t\t\t\t\t\t\t\n\t\t\t\n\n\t\t<\/div>\n\n\t\t\n\n\t\t<div class=\"section-content relative\">\n\t\t\t\n\n<div class=\"row align-middle\"  id=\"row-1057841627\">\n\n\n\t<div id=\"col-517918693\" class=\"col small-12 large-12\"  >\n\t\t\t\t<div class=\"col-inner\"  >\n\t\t\t\n\t\t\t\n\n[wpforms id=&#8221;4314&#8243;]\n\n\t\t<\/div>\n\t\t\t\t\t<\/div>\n\n\t\n\n<\/div>\n\n\t\t<\/div>\n\n\t\t\n<style>\n#section_83552645 {\n  padding-top: 30px;\n  padding-bottom: 30px;\n}\n<\/style>\n\t<\/section>\n\t\n","protected":false},"excerpt":{"rendered":"","protected":false},"author":2,"featured_media":0,"parent":0,"menu_order":0,"comment_status":"closed","ping_status":"closed","template":"page-blank.php","meta":{"inline_featured_image":false,"footnotes":""},"wf_page_folders":[],"class_list":["post-12017","page","type-page","status-publish","hentry"],"_links":{"self":[{"href":"https:\/\/www.benk.ch\/en\/wp-json\/wp\/v2\/pages\/12017","targetHints":{"allow":["GET"]}}],"collection":[{"href":"https:\/\/www.benk.ch\/en\/wp-json\/wp\/v2\/pages"}],"about":[{"href":"https:\/\/www.benk.ch\/en\/wp-json\/wp\/v2\/types\/page"}],"author":[{"embeddable":true,"href":"https:\/\/www.benk.ch\/en\/wp-json\/wp\/v2\/users\/2"}],"replies":[{"embeddable":true,"href":"https:\/\/www.benk.ch\/en\/wp-json\/wp\/v2\/comments?post=12017"}],"version-history":[{"count":0,"href":"https:\/\/www.benk.ch\/en\/wp-json\/wp\/v2\/pages\/12017\/revisions"}],"wp:attachment":[{"href":"https:\/\/www.benk.ch\/en\/wp-json\/wp\/v2\/media?parent=12017"}],"wp:term":[{"taxonomy":"wf_page_folders","embeddable":true,"href":"https:\/\/www.benk.ch\/en\/wp-json\/wp\/v2\/wf_page_folders?post=12017"}],"curies":[{"name":"wp","href":"https:\/\/api.w.org\/{rel}","templated":true}]}}